{"id":29753,"date":"2023-12-19T19:43:16","date_gmt":"2023-12-19T19:43:16","guid":{"rendered":"https:\/\/e.kosmolat.eu\/product\/lb-profilakt-zobu-p-ar-kumelisu-ekstr-75-ml\/"},"modified":"2025-01-24T06:35:15","modified_gmt":"2025-01-24T06:35:15","slug":"lb-profilakt-zobu-p-ar-kumelisu-ekstr-75-ml","status":"publish","type":"product","link":"https:\/\/e.kosmolat.eu\/lv\/product\/lb-profilakt-zobu-p-ar-kumelisu-ekstr-75-ml\/","title":{"rendered":"LB Profilakt. zobu p. ar kumel\u012b\u0161u ekstr., 75 ml"},"content":{"rendered":"<p>Total komplekss. Aizsardz\u012bba pret aplikumu. Zobu stiprin\u0101&scaron;ana un aizsardz\u012bba pret zobakmeni. Satur par 50% vair\u0101k t\u012bro&scaron;o da\u013ci\u0146u un no\u0146em aplikumu pat starpzobu spraug\u0101s. J\u016bras s\u0101ls miner\u0101li pal\u012bdz nov\u0113rst zobu aplikuma negat\u012bvo ietekmi uz zobiem un smagan\u0101m.&nbsp;<\/p>\n<p>Augu ekstrakti un vitam\u012bni stiprina smaganas, mazinot nopietnu mutes dobuma probl\u0113mu ra&scaron;an\u0101s risku.<\/p>\n<p><strong>Lieto&scaron;ana:<\/strong> zobu un smaganu vesel\u012bbai stomatologi iesaka t\u012br\u012bt zobus vismaz 2 reizes dien\u0101 2-3 min.&nbsp;<\/p>\n<p><strong>Br\u012bdin\u0101jums:<\/strong> satur n\u0101trija fluor\u012bdu. Fluor\u012bdu masas da\u013ca 0.1%. Nelietot b\u0113rniem l\u012bdz 14 gadu vecumam. Lieto&scaron;ana p\u0101rtikas nol\u016bkos nav pie\u013caujama. Nav \u0101rstniecisks l\u012bdzeklis.&nbsp;<\/p>\n<p>Uzglab\u0101t temperat\u016br\u0101 no 0 &deg;\u0421 l\u012bdz +25 &deg;\u0421, b\u0113rniem nepieejama viet\u0101.<br \/>\n&nbsp;<\/p>\n","protected":false},"excerpt":{"rendered":"<p>Total komplekss. Aizsardz\u012bba pret aplikumu. Zobu stiprin\u0101&scaron;ana un aizsardz\u012bba pret zobakmeni. Satur par 50% vair\u0101k t\u012bro&scaron;o da\u013ci\u0146u un no\u0146em aplikumu pat starpzobu spraug\u0101s. J\u016bras s\u0101ls miner\u0101li pal\u012bdz nov\u0113rst zobu aplikuma negat\u012bvo ietekmi uz zobiem un smagan\u0101m.&nbsp; Augu ekstrakti un vitam\u012bni stiprina smaganas, mazinot nopietnu mutes dobuma probl\u0113mu ra&scaron;an\u0101s risku. Lieto&scaron;ana: zobu un smaganu vesel\u012bbai stomatologi [&#8230;]\n","protected":false},"featured_media":25423,"template":"","meta":[],"product_cat":[1308],"product_tag":[],"class_list":{"0":"post-29753","1":"product","2":"type-product","3":"status-publish","4":"has-post-thumbnail","6":"product_brand-unilever-cistajalinija-silkyhands-forestbalm-axe-tresemme","7":"product_cat-dantu-pastos-ir-geliai","9":"first","10":"outofstock","11":"taxable","12":"shipping-taxable","13":"product-type-simple"},"_links":{"self":[{"href":"https:\/\/e.kosmolat.eu\/lv\/wp-json\/wp\/v2\/product\/29753","targetHints":{"allow":["GET"]}}],"collection":[{"href":"https:\/\/e.kosmolat.eu\/lv\/wp-json\/wp\/v2\/product"}],"about":[{"href":"https:\/\/e.kosmolat.eu\/lv\/wp-json\/wp\/v2\/types\/product"}],"wp:featuredmedia":[{"embeddable":true,"href":"https:\/\/e.kosmolat.eu\/lv\/wp-json\/wp\/v2\/media\/25423"}],"wp:attachment":[{"href":"https:\/\/e.kosmolat.eu\/lv\/wp-json\/wp\/v2\/media?parent=29753"}],"wp:term":[{"taxonomy":"product_cat","embeddable":true,"href":"https:\/\/e.kosmolat.eu\/lv\/wp-json\/wp\/v2\/product_cat?post=29753"},{"taxonomy":"product_tag","embeddable":true,"href":"https:\/\/e.kosmolat.eu\/lv\/wp-json\/wp\/v2\/product_tag?post=29753"}],"curies":[{"name":"wp","href":"https:\/\/api.w.org\/{rel}","templated":true}]}}