{"id":29737,"date":"2023-12-19T19:42:13","date_gmt":"2023-12-19T19:42:13","guid":{"rendered":"https:\/\/e.kosmolat.eu\/product\/lb-profilakt-zobu-p-ar-ozola-mizas-baltegles-ekstr-75-ml\/"},"modified":"2025-01-21T10:58:47","modified_gmt":"2025-01-21T10:58:47","slug":"lb-profilakt-zobu-p-ar-ozola-mizas-baltegles-ekstr-75-ml","status":"publish","type":"product","link":"https:\/\/e.kosmolat.eu\/lv\/product\/lb-profilakt-zobu-p-ar-ozola-mizas-baltegles-ekstr-75-ml\/","title":{"rendered":"LB Profilakt. zobu p. ar ozola mizas, baltegles ekstr., 75 ml"},"content":{"rendered":"<p>Stiprina smaganas un samazina nopietnu mutes dobuma probl\u0113mu risku par 84%. Ozola un di\u017eegles ekstraktiem piem\u012bt antibakteri\u0101la iedarb\u012bba, tie toniz\u0113 un nodro&scaron;ina smaganas ar vitam\u012bniem. Ozola miza aptur smaganu asi\u0146o&scaron;anu. Formula uz z\u0101\u013cu nov\u0101r\u012bjuma pamata stiprina smaganas un nodro&scaron;ina to vesel\u012bbu.<\/p>\n<p><strong>Lieto&scaron;ana: <\/strong>zobu un smaganu vesel\u012bbai stomatologi iesaka t\u012br\u012bt zobus vismaz 2 reizes dien\u0101 2-3 min.&nbsp;<\/p>\n<p><strong>Br\u012bdin\u0101jums: <\/strong>satur n\u0101trija fluor\u012bdu. Fluor\u012bdu masas da\u013ca 0.1%. Nelietot b\u0113rniem l\u012bdz 14 gadu vecumam. Lieto&scaron;ana p\u0101rtikas nol\u016bkos nav pie\u013caujama. Nav \u0101rstniecisks l\u012bdzeklis.&nbsp;<\/p>\n<p>Uzglab\u0101t temperat\u016br\u0101 no 0 &deg;\u0421 l\u012bdz +25 &deg;\u0421, b\u0113rniem nepieejama viet\u0101.<br \/>\n&nbsp;<\/p>\n","protected":false},"excerpt":{"rendered":"<p>Stiprina smaganas un samazina nopietnu mutes dobuma probl\u0113mu risku par 84%. Ozola un di\u017eegles ekstraktiem piem\u012bt antibakteri\u0101la iedarb\u012bba, tie toniz\u0113 un nodro&scaron;ina smaganas ar vitam\u012bniem. Ozola miza aptur smaganu asi\u0146o&scaron;anu. Formula uz z\u0101\u013cu nov\u0101r\u012bjuma pamata stiprina smaganas un nodro&scaron;ina to vesel\u012bbu. Lieto&scaron;ana: zobu un smaganu vesel\u012bbai stomatologi iesaka t\u012br\u012bt zobus vismaz 2 reizes dien\u0101 2-3 [&#8230;]\n","protected":false},"featured_media":29741,"template":"","meta":[],"product_cat":[1308],"product_tag":[],"class_list":{"0":"post-29737","1":"product","2":"type-product","3":"status-publish","4":"has-post-thumbnail","6":"product_brand-unilever-cistajalinija-silkyhands-forestbalm-axe-tresemme","7":"product_cat-dantu-pastos-ir-geliai","9":"first","10":"outofstock","11":"taxable","12":"shipping-taxable","13":"product-type-simple"},"_links":{"self":[{"href":"https:\/\/e.kosmolat.eu\/lv\/wp-json\/wp\/v2\/product\/29737","targetHints":{"allow":["GET"]}}],"collection":[{"href":"https:\/\/e.kosmolat.eu\/lv\/wp-json\/wp\/v2\/product"}],"about":[{"href":"https:\/\/e.kosmolat.eu\/lv\/wp-json\/wp\/v2\/types\/product"}],"wp:featuredmedia":[{"embeddable":true,"href":"https:\/\/e.kosmolat.eu\/lv\/wp-json\/wp\/v2\/media\/29741"}],"wp:attachment":[{"href":"https:\/\/e.kosmolat.eu\/lv\/wp-json\/wp\/v2\/media?parent=29737"}],"wp:term":[{"taxonomy":"product_cat","embeddable":true,"href":"https:\/\/e.kosmolat.eu\/lv\/wp-json\/wp\/v2\/product_cat?post=29737"},{"taxonomy":"product_tag","embeddable":true,"href":"https:\/\/e.kosmolat.eu\/lv\/wp-json\/wp\/v2\/product_tag?post=29737"}],"curies":[{"name":"wp","href":"https:\/\/api.w.org\/{rel}","templated":true}]}}