{"id":29729,"date":"2023-12-19T19:41:22","date_gmt":"2023-12-19T19:41:22","guid":{"rendered":"https:\/\/e.kosmolat.eu\/product\/jc-tonejoss-balzams-752-roza-zelts-150-ml\/"},"modified":"2026-01-26T06:19:34","modified_gmt":"2026-01-26T06:19:34","slug":"i_jc-tonejoss-balzams-752-roza-zelts-150-ml","status":"publish","type":"product","link":"https:\/\/e.kosmolat.eu\/lv\/product\/i_jc-tonejoss-balzams-752-roza-zelts-150-ml\/","title":{"rendered":"I_JC Ton\u0113jo\u0161s balzams 752, Roz\u0101 zelts, 150 ml"},"content":{"rendered":"<p>Arg\u0101ne\u013c\u013ca un kerat\u012bns. Nesatur amonjaku un peroks\u012bdu. Notur\u012bba &ndash; l\u012bdz 7 mazg\u0101&scaron;anas reiz\u0113m ar &scaron;amp\u016bnu.&nbsp;<\/p>\n<p><strong>Lieto&scaron;ana:<\/strong> vienm\u0113r\u012bgi uzkl\u0101jiet balzamu uz t\u012briem, mitriem matiem. Iedarb\u012bbas laiks tiek izv\u0113l\u0113ts individu\u0101li no 5 l\u012bdz 30 min\u016bt\u0113m. P\u0113c tam r\u016bp\u012bgi izskalojiet matus ar \u016bdeni.&nbsp;<\/p>\n<p><strong>Piesardz\u012bbas pas\u0101kumi: <\/strong>Pirms lieto&scaron;anas j\u0101veic \u0101das jut\u012bbas tests. Matu kr\u0101svielas var izrais\u012bt smagu aler\u0123isku reakciju. Izlas\u012bt un iev\u0113rot nor\u0101d\u012bjumus. &Scaron;is l\u012bdzeklis nav paredz\u0113ts person\u0101m, kas jaun\u0101kas par 16 &nbsp;gadiem. Meln\u0101s hennas tetov\u0113jumi, kas nav permanenti, var paaugstin\u0101t aler\u0123ijas risku. Matus nekr\u0101sot, ja: a) uz sejas ir izsitumi vai galvas \u0101da ir jut\u012bga, kairin\u0101ta vai boj\u0101ta; b) p\u0113c matu kr\u0101so&scaron;anas ir bijusi k\u0101da reakcija; c) agr\u0101k ir bijusi reakcija uz meln\u0101s hennas tetov\u0113jumu, kas nav notur\u012bgs. Ja nok\u013c\u016bst ac\u012bs, nekav\u0113joties izskalot ar lielu daudzumu \u016bdens. Lietot aizsargcimdus. Uzglab\u0101t b\u0113rniem nepieejam\u0101 viet\u0101. Nelietot skropstu vai uzacu kr\u0101so&scaron;anai.&nbsp;<\/p>\n<p><strong>\u0100das jut\u012bbas tests:<\/strong> mazina aler\u0123iskas reakcijas ra&scaron;an\u0101s risku. Uzkl\u0101jiet balzamu uz elko\u0146a loc\u012btavas \u0101das uz 45 min\u016bt\u0113m. Nov\u0113rojiet \u0101das reakciju 48 stundu laik\u0101. Ja aler\u0123iska reakcija (aps\u0101rtums, piet\u016bkums, izsitumi, dedzin\u0101&scaron;ana, nieze) nerodas, balzamu var lietot. Ieteicams veikt vienas matu &scaron;\u0137ipsnas kr\u0101so&scaron;anas testu. Sirmos un balin\u0101tos matos domin\u0113 ko&scaron;ais pigments.<\/p>\n<p>Uzglab\u0101t temperat\u016br\u0101 no +5 &deg;\u0421 l\u012bdz +25 &deg;\u0421.<br \/>\n&nbsp;<\/p>\n","protected":false},"excerpt":{"rendered":"<p>Arg\u0101ne\u013c\u013ca un kerat\u012bns. Nesatur amonjaku un peroks\u012bdu. Notur\u012bba &ndash; l\u012bdz 7 mazg\u0101&scaron;anas reiz\u0113m ar &scaron;amp\u016bnu.&nbsp; Lieto&scaron;ana: vienm\u0113r\u012bgi uzkl\u0101jiet balzamu uz t\u012briem, mitriem matiem. Iedarb\u012bbas laiks tiek izv\u0113l\u0113ts individu\u0101li no 5 l\u012bdz 30 min\u016bt\u0113m. P\u0113c tam r\u016bp\u012bgi izskalojiet matus ar \u016bdeni.&nbsp; Piesardz\u012bbas pas\u0101kumi: Pirms lieto&scaron;anas j\u0101veic \u0101das jut\u012bbas tests. Matu kr\u0101svielas var izrais\u012bt smagu aler\u0123isku reakciju. [&#8230;]\n","protected":false},"featured_media":103711,"template":"","meta":[],"product_cat":[1297],"product_tag":[],"class_list":{"0":"post-29729","1":"product","2":"type-product","3":"status-publish","4":"has-post-thumbnail","6":"product_brand-kombi_ua","7":"product_cat-matu-tonesanas-lidzekli","9":"first","10":"outofstock","11":"taxable","12":"shipping-taxable","13":"product-type-simple"},"_links":{"self":[{"href":"https:\/\/e.kosmolat.eu\/lv\/wp-json\/wp\/v2\/product\/29729","targetHints":{"allow":["GET"]}}],"collection":[{"href":"https:\/\/e.kosmolat.eu\/lv\/wp-json\/wp\/v2\/product"}],"about":[{"href":"https:\/\/e.kosmolat.eu\/lv\/wp-json\/wp\/v2\/types\/product"}],"wp:featuredmedia":[{"embeddable":true,"href":"https:\/\/e.kosmolat.eu\/lv\/wp-json\/wp\/v2\/media\/103711"}],"wp:attachment":[{"href":"https:\/\/e.kosmolat.eu\/lv\/wp-json\/wp\/v2\/media?parent=29729"}],"wp:term":[{"taxonomy":"product_cat","embeddable":true,"href":"https:\/\/e.kosmolat.eu\/lv\/wp-json\/wp\/v2\/product_cat?post=29729"},{"taxonomy":"product_tag","embeddable":true,"href":"https:\/\/e.kosmolat.eu\/lv\/wp-json\/wp\/v2\/product_tag?post=29729"}],"curies":[{"name":"wp","href":"https:\/\/api.w.org\/{rel}","templated":true}]}}