{"id":29689,"date":"2023-12-19T19:37:44","date_gmt":"2023-12-19T19:37:44","guid":{"rendered":"https:\/\/e.kosmolat.eu\/product\/i_melado-dusas-pienins-ar-risu-ekstraktu-500-ml\/"},"modified":"2026-01-30T11:09:51","modified_gmt":"2026-01-30T11:09:51","slug":"i_melado-dusas-pienins-ar-risu-ekstraktu-500-ml","status":"publish","type":"product","link":"https:\/\/e.kosmolat.eu\/lv\/product\/i_melado-dusas-pienins-ar-risu-ekstraktu-500-ml\/","title":{"rendered":"I_Melado Du\u0161as pieni\u0146\u0161 ar r\u012bsu ekstraktu, 500 ml"},"content":{"rendered":"<p>Visiem \u0101das tipiem. R\u012bsu pieni\u0146&scaron; veicina \u0101das atjauno&scaron;anos un elast\u012bbu. Satur B vitam\u012bnu \u0101das mitrin\u0101&scaron;anai un vesel\u012bgam sp\u012bdumam. V\u012bnogu kauli\u0146u e\u013c\u013ca mitrina, palielinot \u0101das tvirtumu un elast\u012bbu, veicinot atjauno&scaron;anos un aizsarg\u0101jot pret mitruma zudumu.<\/p>\n<p><strong>Lieto&scaron;ana: <\/strong>uzkl\u0101jiet uz \u0137erme\u0146a \u0101das un maigi iemas\u0113jiet, l\u012bdz par\u0101d\u0101s putas, vai pievienojiet produktu vannai. R\u016bp\u012bgi noskalojiet ar \u016bdeni<br \/>\n&nbsp;<\/p>\n","protected":false},"excerpt":{"rendered":"<p>Visiem \u0101das tipiem. R\u012bsu pieni\u0146&scaron; veicina \u0101das atjauno&scaron;anos un elast\u012bbu. Satur B vitam\u012bnu \u0101das mitrin\u0101&scaron;anai un vesel\u012bgam sp\u012bdumam. V\u012bnogu kauli\u0146u e\u013c\u013ca mitrina, palielinot \u0101das tvirtumu un elast\u012bbu, veicinot atjauno&scaron;anos un aizsarg\u0101jot pret mitruma zudumu. Lieto&scaron;ana: uzkl\u0101jiet uz \u0137erme\u0146a \u0101das un maigi iemas\u0113jiet, l\u012bdz par\u0101d\u0101s putas, vai pievienojiet produktu vannai. R\u016bp\u012bgi noskalojiet ar \u016bdeni &nbsp;<\/p>\n","protected":false},"featured_media":87998,"template":"","meta":[],"product_cat":[1280],"product_tag":[],"class_list":{"0":"post-29689","1":"product","2":"type-product","3":"status-publish","4":"has-post-thumbnail","6":"product_brand-diu_pl","7":"product_cat-dusas-zelejas-un-dusas-ellas","9":"first","10":"outofstock","11":"taxable","12":"shipping-taxable","13":"product-type-simple"},"_links":{"self":[{"href":"https:\/\/e.kosmolat.eu\/lv\/wp-json\/wp\/v2\/product\/29689","targetHints":{"allow":["GET"]}}],"collection":[{"href":"https:\/\/e.kosmolat.eu\/lv\/wp-json\/wp\/v2\/product"}],"about":[{"href":"https:\/\/e.kosmolat.eu\/lv\/wp-json\/wp\/v2\/types\/product"}],"wp:featuredmedia":[{"embeddable":true,"href":"https:\/\/e.kosmolat.eu\/lv\/wp-json\/wp\/v2\/media\/87998"}],"wp:attachment":[{"href":"https:\/\/e.kosmolat.eu\/lv\/wp-json\/wp\/v2\/media?parent=29689"}],"wp:term":[{"taxonomy":"product_cat","embeddable":true,"href":"https:\/\/e.kosmolat.eu\/lv\/wp-json\/wp\/v2\/product_cat?post=29689"},{"taxonomy":"product_tag","embeddable":true,"href":"https:\/\/e.kosmolat.eu\/lv\/wp-json\/wp\/v2\/product_tag?post=29689"}],"curies":[{"name":"wp","href":"https:\/\/api.w.org\/{rel}","templated":true}]}}