{"id":29685,"date":"2023-12-19T19:37:22","date_gmt":"2023-12-19T19:37:22","guid":{"rendered":"https:\/\/e.kosmolat.eu\/product\/i_melado-mitrin-dusas-pienins-ar-auzu-ekstraktu-500-ml\/"},"modified":"2025-11-15T08:22:30","modified_gmt":"2025-11-15T08:22:30","slug":"i_melado-mitrin-dusas-pienins-ar-auzu-ekstraktu-500-ml","status":"publish","type":"product","link":"https:\/\/e.kosmolat.eu\/lv\/product\/i_melado-mitrin-dusas-pienins-ar-auzu-ekstraktu-500-ml\/","title":{"rendered":"I_Melado Mitrin.du\u0161as pieni\u0146\u0161 ar auzu ekstraktu, 500 ml"},"content":{"rendered":"<p>Visiem \u0101das tipiem.&nbsp;Akt\u012bv\u0101s sast\u0101vda\u013cas pal\u012bdz stiprin\u0101t, toniz\u0113t un mitrin\u0101t \u0101du. Auzu ekstraktam piem\u012bt aizsarg\u0101jo&scaron;a, nomierino&scaron;a un nostiprino&scaron;a iedarb\u012bba, tas nov\u0113r&scaron; \u0101das sausumu, vienlaikus att\u012brot un izl\u012bdzinot \u0101du. V\u012bnogu kauli\u0146u e\u013c\u013ca mitrina, palielinot \u0101das tvirtumu un elast\u012bbu, veicinot atjauno&scaron;anos un aizsarg\u0101jot pret mitruma zudumu.<\/p>\n<p><strong>Lieto&scaron;ana: <\/strong>uzkl\u0101jiet uz \u0137erme\u0146a \u0101das un maigi iemas\u0113jiet, l\u012bdz par\u0101d\u0101s putas, vai pievienojiet produktu vannai. R\u016bp\u012bgi noskalojiet ar \u016bdeni.<br \/>\n&nbsp;<\/p>\n","protected":false},"excerpt":{"rendered":"<p>Visiem \u0101das tipiem.&nbsp;Akt\u012bv\u0101s sast\u0101vda\u013cas pal\u012bdz stiprin\u0101t, toniz\u0113t un mitrin\u0101t \u0101du. Auzu ekstraktam piem\u012bt aizsarg\u0101jo&scaron;a, nomierino&scaron;a un nostiprino&scaron;a iedarb\u012bba, tas nov\u0113r&scaron; \u0101das sausumu, vienlaikus att\u012brot un izl\u012bdzinot \u0101du. V\u012bnogu kauli\u0146u e\u013c\u013ca mitrina, palielinot \u0101das tvirtumu un elast\u012bbu, veicinot atjauno&scaron;anos un aizsarg\u0101jot pret mitruma zudumu. Lieto&scaron;ana: uzkl\u0101jiet uz \u0137erme\u0146a \u0101das un maigi iemas\u0113jiet, l\u012bdz par\u0101d\u0101s putas, vai [&#8230;]\n","protected":false},"featured_media":87994,"template":"","meta":[],"product_cat":[1999],"product_tag":[],"class_list":{"0":"post-29685","1":"product","2":"type-product","3":"status-publish","4":"has-post-thumbnail","6":"product_brand-diu_pl","7":"product_cat-bez-kategorijas","9":"first","10":"outofstock","11":"taxable","12":"shipping-taxable","13":"product-type-simple"},"_links":{"self":[{"href":"https:\/\/e.kosmolat.eu\/lv\/wp-json\/wp\/v2\/product\/29685","targetHints":{"allow":["GET"]}}],"collection":[{"href":"https:\/\/e.kosmolat.eu\/lv\/wp-json\/wp\/v2\/product"}],"about":[{"href":"https:\/\/e.kosmolat.eu\/lv\/wp-json\/wp\/v2\/types\/product"}],"wp:featuredmedia":[{"embeddable":true,"href":"https:\/\/e.kosmolat.eu\/lv\/wp-json\/wp\/v2\/media\/87994"}],"wp:attachment":[{"href":"https:\/\/e.kosmolat.eu\/lv\/wp-json\/wp\/v2\/media?parent=29685"}],"wp:term":[{"taxonomy":"product_cat","embeddable":true,"href":"https:\/\/e.kosmolat.eu\/lv\/wp-json\/wp\/v2\/product_cat?post=29685"},{"taxonomy":"product_tag","embeddable":true,"href":"https:\/\/e.kosmolat.eu\/lv\/wp-json\/wp\/v2\/product_tag?post=29685"}],"curies":[{"name":"wp","href":"https:\/\/api.w.org\/{rel}","templated":true}]}}