{"id":29657,"date":"2023-12-19T19:34:41","date_gmt":"2023-12-19T19:34:41","guid":{"rendered":"https:\/\/e.kosmolat.eu\/product\/natigobynature-dusas-zeleja-smutijs-mellene-un-kivi-400-ml\/"},"modified":"2025-09-20T00:25:10","modified_gmt":"2025-09-20T00:25:10","slug":"natigobynature-dusas-zeleja-smutijs-mellene-un-kivi-400-ml","status":"publish","type":"product","link":"https:\/\/e.kosmolat.eu\/lv\/product\/natigobynature-dusas-zeleja-smutijs-mellene-un-kivi-400-ml\/","title":{"rendered":"NatigoByNature Du\u0161as \u017eeleja-sm\u016btijs Mellene un kivi, 400 ml"},"content":{"rendered":"<ul>\n<li>Kivi ekstrakts uzlabo epidermas st\u0101vokli, stiprina, mitrina un nomierina \u0101du, nodro&scaron;ina t\u0101s gludumu.<\/li>\n<li>Lactobiotyl komponenta postbiotisk\u0101 iedarb\u012bba uzlabo sausas \u0101das st\u0101vokli, pal\u012bdzot atjaunot \u0101das mitrin\u0101&scaron;anu un pie&scaron;\u0137irt mirdzumu.<\/li>\n<li>Kokosriekstu \u010daumalas mikroda\u013ci\u0146as noloba atmiru&scaron;\u0101s \u0101das &scaron;\u016bnas.<\/li>\n<\/ul>\n<p><strong>Lieto&scaron;ana: <\/strong>uzkl\u0101t \u017eeleju uz mitr\u0101m rok\u0101m un \u0137erme\u0146a, mas\u0113t, l\u012bdz veidojas putas, p\u0113c tam r\u016bp\u012bgi noskalot ar \u016bdeni.<br \/>\n&nbsp;<\/p>\n","protected":false},"excerpt":{"rendered":"<p>Kivi ekstrakts uzlabo epidermas st\u0101vokli, stiprina, mitrina un nomierina \u0101du, nodro&scaron;ina t\u0101s gludumu. Lactobiotyl komponenta postbiotisk\u0101 iedarb\u012bba uzlabo sausas \u0101das st\u0101vokli, pal\u012bdzot atjaunot \u0101das mitrin\u0101&scaron;anu un pie&scaron;\u0137irt mirdzumu. Kokosriekstu \u010daumalas mikroda\u013ci\u0146as noloba atmiru&scaron;\u0101s \u0101das &scaron;\u016bnas. Lieto&scaron;ana: uzkl\u0101t \u017eeleju uz mitr\u0101m rok\u0101m un \u0137erme\u0146a, mas\u0113t, l\u012bdz veidojas putas, p\u0113c tam r\u016bp\u012bgi noskalot ar \u016bdeni. &nbsp;<\/p>\n","protected":false},"featured_media":87966,"template":"","meta":[],"product_cat":[1280],"product_tag":[],"class_list":{"0":"post-29657","1":"product","2":"type-product","3":"status-publish","4":"has-post-thumbnail","6":"product_brand-diu_pl","7":"product_cat-dusas-zelejas-un-dusas-ellas","9":"first","10":"outofstock","11":"taxable","12":"shipping-taxable","13":"product-type-simple"},"_links":{"self":[{"href":"https:\/\/e.kosmolat.eu\/lv\/wp-json\/wp\/v2\/product\/29657","targetHints":{"allow":["GET"]}}],"collection":[{"href":"https:\/\/e.kosmolat.eu\/lv\/wp-json\/wp\/v2\/product"}],"about":[{"href":"https:\/\/e.kosmolat.eu\/lv\/wp-json\/wp\/v2\/types\/product"}],"wp:featuredmedia":[{"embeddable":true,"href":"https:\/\/e.kosmolat.eu\/lv\/wp-json\/wp\/v2\/media\/87966"}],"wp:attachment":[{"href":"https:\/\/e.kosmolat.eu\/lv\/wp-json\/wp\/v2\/media?parent=29657"}],"wp:term":[{"taxonomy":"product_cat","embeddable":true,"href":"https:\/\/e.kosmolat.eu\/lv\/wp-json\/wp\/v2\/product_cat?post=29657"},{"taxonomy":"product_tag","embeddable":true,"href":"https:\/\/e.kosmolat.eu\/lv\/wp-json\/wp\/v2\/product_tag?post=29657"}],"curies":[{"name":"wp","href":"https:\/\/api.w.org\/{rel}","templated":true}]}}