{"id":29653,"date":"2023-12-19T19:34:18","date_gmt":"2023-12-19T19:34:18","guid":{"rendered":"https:\/\/e.kosmolat.eu\/product\/natigobynature-dusas-zeleja-smutijs-ananass-un-mango-400-ml\/"},"modified":"2025-11-11T09:32:23","modified_gmt":"2025-11-11T09:32:23","slug":"natigobynature-dusas-zeleja-smutijs-ananass-un-mango-400-ml","status":"publish","type":"product","link":"https:\/\/e.kosmolat.eu\/lv\/product\/natigobynature-dusas-zeleja-smutijs-ananass-un-mango-400-ml\/","title":{"rendered":"NatigoByNature Du\u0161as \u017eeleja-sm\u016btijs Ananass un mango, 400 ml"},"content":{"rendered":"<ul>\n<li>Mango ekstrakts uzlabo \u0101das st\u0101vokli, izl\u012bdzina toni un mitrina, atjaunojot \u0101das elast\u012bbu un tvirtumu.<\/li>\n<li>Ananasa ekstrakts noloba atmiru&scaron;\u0101s \u0101das &scaron;\u016bnas, att\u012bra un nomierina.<\/li>\n<li>Lactobiotyl komponenta postbiotisk\u0101 iedarb\u012bba uzlabo sausas \u0101das st\u0101vokli, pal\u012bdzot atjaunot \u0101das mitrin\u0101&scaron;anu un pie&scaron;\u0137irt mirdzumu. Kokosriekstu \u010daumalas mikroda\u013ci\u0146as noloba atmiru&scaron;\u0101s \u0101das &scaron;\u016bnas.<\/li>\n<\/ul>\n<p><strong>Lieto&scaron;ana: <\/strong>uzkl\u0101t \u017eeleju uz mitr\u0101m rok\u0101m un \u0137erme\u0146a, mas\u0113t, l\u012bdz veidojas putas, p\u0113c tam r\u016bp\u012bgi noskalot ar \u016bdeni.<br \/>\n&nbsp;<\/p>\n","protected":false},"excerpt":{"rendered":"<p>Mango ekstrakts uzlabo \u0101das st\u0101vokli, izl\u012bdzina toni un mitrina, atjaunojot \u0101das elast\u012bbu un tvirtumu. Ananasa ekstrakts noloba atmiru&scaron;\u0101s \u0101das &scaron;\u016bnas, att\u012bra un nomierina. Lactobiotyl komponenta postbiotisk\u0101 iedarb\u012bba uzlabo sausas \u0101das st\u0101vokli, pal\u012bdzot atjaunot \u0101das mitrin\u0101&scaron;anu un pie&scaron;\u0137irt mirdzumu. Kokosriekstu \u010daumalas mikroda\u013ci\u0146as noloba atmiru&scaron;\u0101s \u0101das &scaron;\u016bnas. Lieto&scaron;ana: uzkl\u0101t \u017eeleju uz mitr\u0101m rok\u0101m un \u0137erme\u0146a, mas\u0113t, l\u012bdz [&#8230;]\n","protected":false},"featured_media":87962,"template":"","meta":[],"product_cat":[1999],"product_tag":[],"class_list":{"0":"post-29653","1":"product","2":"type-product","3":"status-publish","4":"has-post-thumbnail","6":"product_brand-diu_pl","7":"product_cat-bez-kategorijas","9":"first","10":"outofstock","11":"taxable","12":"shipping-taxable","13":"product-type-simple"},"_links":{"self":[{"href":"https:\/\/e.kosmolat.eu\/lv\/wp-json\/wp\/v2\/product\/29653","targetHints":{"allow":["GET"]}}],"collection":[{"href":"https:\/\/e.kosmolat.eu\/lv\/wp-json\/wp\/v2\/product"}],"about":[{"href":"https:\/\/e.kosmolat.eu\/lv\/wp-json\/wp\/v2\/types\/product"}],"wp:featuredmedia":[{"embeddable":true,"href":"https:\/\/e.kosmolat.eu\/lv\/wp-json\/wp\/v2\/media\/87962"}],"wp:attachment":[{"href":"https:\/\/e.kosmolat.eu\/lv\/wp-json\/wp\/v2\/media?parent=29653"}],"wp:term":[{"taxonomy":"product_cat","embeddable":true,"href":"https:\/\/e.kosmolat.eu\/lv\/wp-json\/wp\/v2\/product_cat?post=29653"},{"taxonomy":"product_tag","embeddable":true,"href":"https:\/\/e.kosmolat.eu\/lv\/wp-json\/wp\/v2\/product_tag?post=29653"}],"curies":[{"name":"wp","href":"https:\/\/api.w.org\/{rel}","templated":true}]}}