{"id":29625,"date":"2023-12-19T19:32:02","date_gmt":"2023-12-19T19:32:02","guid":{"rendered":"https:\/\/e.kosmolat.eu\/product\/natigobynature-dusas-pilinga-kokteilis-ar-laimu-300-ml\/"},"modified":"2025-09-20T00:24:04","modified_gmt":"2025-09-20T00:24:04","slug":"natigobynature-dusas-pilinga-kokteilis-ar-laimu-300-ml","status":"publish","type":"product","link":"https:\/\/e.kosmolat.eu\/lv\/product\/natigobynature-dusas-pilinga-kokteilis-ar-laimu-300-ml\/","title":{"rendered":"NatigoByNature Du\u0161as p\u012blinga kokteilis ar laimu, 300 ml"},"content":{"rendered":"<p>Satur akt\u012bvo sast\u0101vda\u013cu &ndash; &nbsp;kivi sulu, kas veicina atmiru&scaron;o \u0101das &scaron;\u016bnu nolob\u012b&scaron;an\u0101s regul\u0113&scaron;anu, t\u0101d\u0113j\u0101di uzlabojot \u0101das atjauno&scaron;an\u0101s procesu. Veicina &scaron;\u016bnu mitrin\u0101&scaron;anu, regul\u0113jot sebuma izstr\u0101di un palielinot \u0101das elast\u012bbu. Satur apriko\u017eu kauli\u0146u mikroda\u013ci\u0146as un kivi s\u0113klas, kas skrub\u0113 \u0101du, veicinot t\u0101s atjauno&scaron;anos, att\u012br\u012b&scaron;anu un gludumu.<\/p>\n<p><strong>Lieto&scaron;ana: <\/strong>saputot nelielu \u017eelejas daudzumu plaukst\u0101s, uzkl\u0101t uz \u0137erme\u0146a \u0101das, r\u016bp\u012bgi noskalot ar \u016bdeni.<br \/>\n&nbsp;<\/p>\n","protected":false},"excerpt":{"rendered":"<p>Satur akt\u012bvo sast\u0101vda\u013cu &ndash; &nbsp;kivi sulu, kas veicina atmiru&scaron;o \u0101das &scaron;\u016bnu nolob\u012b&scaron;an\u0101s regul\u0113&scaron;anu, t\u0101d\u0113j\u0101di uzlabojot \u0101das atjauno&scaron;an\u0101s procesu. Veicina &scaron;\u016bnu mitrin\u0101&scaron;anu, regul\u0113jot sebuma izstr\u0101di un palielinot \u0101das elast\u012bbu. Satur apriko\u017eu kauli\u0146u mikroda\u013ci\u0146as un kivi s\u0113klas, kas skrub\u0113 \u0101du, veicinot t\u0101s atjauno&scaron;anos, att\u012br\u012b&scaron;anu un gludumu. Lieto&scaron;ana: saputot nelielu \u017eelejas daudzumu plaukst\u0101s, uzkl\u0101t uz \u0137erme\u0146a \u0101das, r\u016bp\u012bgi [&#8230;]\n","protected":false},"featured_media":87950,"template":"","meta":[],"product_cat":[1280],"product_tag":[],"class_list":{"0":"post-29625","1":"product","2":"type-product","3":"status-publish","4":"has-post-thumbnail","6":"product_brand-diu_pl","7":"product_cat-dusas-zelejas-un-dusas-ellas","9":"first","10":"outofstock","11":"taxable","12":"shipping-taxable","13":"product-type-simple"},"_links":{"self":[{"href":"https:\/\/e.kosmolat.eu\/lv\/wp-json\/wp\/v2\/product\/29625","targetHints":{"allow":["GET"]}}],"collection":[{"href":"https:\/\/e.kosmolat.eu\/lv\/wp-json\/wp\/v2\/product"}],"about":[{"href":"https:\/\/e.kosmolat.eu\/lv\/wp-json\/wp\/v2\/types\/product"}],"wp:featuredmedia":[{"embeddable":true,"href":"https:\/\/e.kosmolat.eu\/lv\/wp-json\/wp\/v2\/media\/87950"}],"wp:attachment":[{"href":"https:\/\/e.kosmolat.eu\/lv\/wp-json\/wp\/v2\/media?parent=29625"}],"wp:term":[{"taxonomy":"product_cat","embeddable":true,"href":"https:\/\/e.kosmolat.eu\/lv\/wp-json\/wp\/v2\/product_cat?post=29625"},{"taxonomy":"product_tag","embeddable":true,"href":"https:\/\/e.kosmolat.eu\/lv\/wp-json\/wp\/v2\/product_tag?post=29625"}],"curies":[{"name":"wp","href":"https:\/\/api.w.org\/{rel}","templated":true}]}}