{"id":29621,"date":"2023-12-19T19:31:32","date_gmt":"2023-12-19T19:31:32","guid":{"rendered":"https:\/\/e.kosmolat.eu\/product\/natigobynature-dusas-pilinga-kokteilis-ar-mandarinu-300-ml\/"},"modified":"2025-12-21T06:40:42","modified_gmt":"2025-12-21T06:40:42","slug":"natigobynature-dusas-pilinga-kokteilis-ar-mandarinu-300-ml","status":"publish","type":"product","link":"https:\/\/e.kosmolat.eu\/lv\/product\/natigobynature-dusas-pilinga-kokteilis-ar-mandarinu-300-ml\/","title":{"rendered":"NatigoByNature Du\u0161as p\u012blinga kokteilis ar mandar\u012bnu, 300 ml"},"content":{"rendered":"<p>Satur akt\u012bvo sast\u0101vda\u013cu &ndash; &nbsp;mandar\u012bna sulu, kas mitrina un padara \u0101du gai&scaron;\u0101ku, maigi noloba atmiru&scaron;\u0101s \u0101das &scaron;\u016bnas, t\u0101d\u0113j\u0101di pie&scaron;\u0137irot maigumu, uzlabojot \u0101das mikrocirkul\u0101ciju, elast\u012bbu un tvirtumu. Satur kokosriekstu \u010daumalas mikroda\u013ci\u0146as, kas skrub\u0113 \u0101du, veicinot t\u0101s atjauno&scaron;anos, att\u012br\u012b&scaron;anu un gludumu.<\/p>\n<p><strong>Lieto&scaron;ana: <\/strong>saputot nelielu \u017eelejas daudzumu plaukst\u0101s, uzkl\u0101t uz \u0137erme\u0146a \u0101das, r\u016bp\u012bgi noskalot ar \u016bdeni.<br \/>\n&nbsp;<\/p>\n","protected":false},"excerpt":{"rendered":"<p>Satur akt\u012bvo sast\u0101vda\u013cu &ndash; &nbsp;mandar\u012bna sulu, kas mitrina un padara \u0101du gai&scaron;\u0101ku, maigi noloba atmiru&scaron;\u0101s \u0101das &scaron;\u016bnas, t\u0101d\u0113j\u0101di pie&scaron;\u0137irot maigumu, uzlabojot \u0101das mikrocirkul\u0101ciju, elast\u012bbu un tvirtumu. Satur kokosriekstu \u010daumalas mikroda\u013ci\u0146as, kas skrub\u0113 \u0101du, veicinot t\u0101s atjauno&scaron;anos, att\u012br\u012b&scaron;anu un gludumu. Lieto&scaron;ana: saputot nelielu \u017eelejas daudzumu plaukst\u0101s, uzkl\u0101t uz \u0137erme\u0146a \u0101das, r\u016bp\u012bgi noskalot ar \u016bdeni. &nbsp;<\/p>\n","protected":false},"featured_media":87946,"template":"","meta":[],"product_cat":[1999],"product_tag":[],"class_list":{"0":"post-29621","1":"product","2":"type-product","3":"status-publish","4":"has-post-thumbnail","6":"product_brand-diu_pl","7":"product_cat-bez-kategorijas","9":"first","10":"outofstock","11":"taxable","12":"shipping-taxable","13":"product-type-simple"},"_links":{"self":[{"href":"https:\/\/e.kosmolat.eu\/lv\/wp-json\/wp\/v2\/product\/29621","targetHints":{"allow":["GET"]}}],"collection":[{"href":"https:\/\/e.kosmolat.eu\/lv\/wp-json\/wp\/v2\/product"}],"about":[{"href":"https:\/\/e.kosmolat.eu\/lv\/wp-json\/wp\/v2\/types\/product"}],"wp:featuredmedia":[{"embeddable":true,"href":"https:\/\/e.kosmolat.eu\/lv\/wp-json\/wp\/v2\/media\/87946"}],"wp:attachment":[{"href":"https:\/\/e.kosmolat.eu\/lv\/wp-json\/wp\/v2\/media?parent=29621"}],"wp:term":[{"taxonomy":"product_cat","embeddable":true,"href":"https:\/\/e.kosmolat.eu\/lv\/wp-json\/wp\/v2\/product_cat?post=29621"},{"taxonomy":"product_tag","embeddable":true,"href":"https:\/\/e.kosmolat.eu\/lv\/wp-json\/wp\/v2\/product_tag?post=29621"}],"curies":[{"name":"wp","href":"https:\/\/api.w.org\/{rel}","templated":true}]}}