{"id":29613,"date":"2023-12-19T19:30:34","date_gmt":"2023-12-19T19:30:34","guid":{"rendered":"https:\/\/e.kosmolat.eu\/product\/ec-zalie-mali-ar-dizdadza-un-arnikas-ekstraktu-40-g\/"},"modified":"2026-04-13T08:26:38","modified_gmt":"2026-04-13T08:26:38","slug":"ec-zalie-mali-ar-dizdadza-un-arnikas-ekstraktu-40-g","status":"publish","type":"product","link":"https:\/\/e.kosmolat.eu\/lv\/product\/ec-zalie-mali-ar-dizdadza-un-arnikas-ekstraktu-40-g\/","title":{"rendered":"EC Za\u013cie m\u0101li ar di\u017edad\u017ea un arnikas ekstraktu, 40 g"},"content":{"rendered":"<p>Jebkura tipa \u0101dai. Toniz\u0113, mazina piet\u016bkumu un &nbsp;aps\u0101rtumu, izl\u012bdzina \u0101das toni. Akt\u012bv\u0101s sast\u0101vda\u013cas: kaol\u012bns, di\u017edad\u017ea saknes ekstrakts, arnikas ziedu ekstrakts.&nbsp;<\/p>\n<p><strong>Lieto&scaron;ana:&nbsp;<\/strong><br \/>\n1. Kosm\u0113tisk\u0101 maska: nemet\u0101lisk\u0101 trauk\u0101 sajauciet m\u0101lu ar siltu \u016bdeni l\u012bdz bieza kr\u0113juma konsistencei. Ieteicams lietot 1-2 reizes ned\u0113\u013c\u0101.<br \/>\n1.1. Sejas kop&scaron;ana: uzkl\u0101jiet masku uz att\u012br\u012btas sejas \u0101das, p\u0113c 10-15 min\u016bt\u0113m noskalojiet ar siltu \u016bdeni un, ja nepiecie&scaron;ams, uzkl\u0101jiet mitrino&scaron;o kr\u0113mu.&nbsp;<br \/>\n1.2. Galvas \u0101das un matu kop&scaron;ana: uzkl\u0101jiet masku uz galvas \u0101das uz 15-20 min\u016bt\u0113m, p\u0113c tam noskalojiet ar siltu \u016bdeni.&nbsp;<br \/>\n1.3. \u0136erme\u0146a kop&scaron;ana (iet\u012b&scaron;ana): uzkl\u0101jiet masku uz \u0137erme\u0146a probl\u0113mzonas, ietiniet pl\u0113v\u0113 uz 1 stundu, lai rad\u012btu saunas efektu. Nomazg\u0101jiet m\u0101lu ar siltu \u016bdeni. 1.4. M\u0101la vannas: \u016bden\u012b at&scaron;\u0137aidiet 100-150 g m\u0101la, p\u0113c 20-30 vanno&scaron;an\u0101s min\u016bt\u0113m noskalojiet \u0137ermeni ar siltu un p\u0113c tam ar v\u0113su \u016bdeni. Kurss &nbsp;&ndash; 10-12 vannas.<\/p>\n<p><strong>Piesardz\u012bbas pas\u0101kumi:<\/strong> pirms lieto&scaron;anas p\u0101rbaudiet m\u0101lu uz neliela \u0101das laukuma. Ja rodas aler\u0123iska reakcija, p\u0101rtrauciet lieto&scaron;anu. Lieto&scaron;anas laik\u0101 var rasties dedzino&scaron;a saj\u016bta. P\u0113c lieto&scaron;anas iesp\u0113jams neliels \u0101das aps\u0101rtums, kas paz\u016bd \u012bs\u0101 laika period\u0101. Tikai \u0101r\u012bgai lieto&scaron;anai. Ja iek\u013c\u016bst ac\u012bs, izskalot ar lielu daudzumu teko&scaron;a \u016bdens.<\/p>\n<p><strong>Kontrindik\u0101cijas: <\/strong>individu\u0101la jut\u012bba pret m\u0101la sast\u0101vda\u013c\u0101m.&nbsp;<\/p>\n<p>Uzglab\u0101t temperat\u016br\u0101 no +5 &deg;C l\u012bdz +25 &deg;C, relat\u012bvaj\u0101 mitrum\u0101 55-70%, sarg\u0101jot no tie&scaron;iem saules stariem, ne tuv\u0101k par vienu metru no siltuma avotiem.&nbsp;<\/p>\n<p><strong>Der\u012bguma termi\u0146&scaron;: <\/strong>36 m\u0113ne&scaron;i.<br \/>\n&nbsp;<\/p>\n","protected":false},"excerpt":{"rendered":"<p>Jebkura tipa \u0101dai. Toniz\u0113, mazina piet\u016bkumu un &nbsp;aps\u0101rtumu, izl\u012bdzina \u0101das toni. Akt\u012bv\u0101s sast\u0101vda\u013cas: kaol\u012bns, di\u017edad\u017ea saknes ekstrakts, arnikas ziedu ekstrakts.&nbsp; Lieto&scaron;ana:&nbsp; 1. Kosm\u0113tisk\u0101 maska: nemet\u0101lisk\u0101 trauk\u0101 sajauciet m\u0101lu ar siltu \u016bdeni l\u012bdz bieza kr\u0113juma konsistencei. Ieteicams lietot 1-2 reizes ned\u0113\u013c\u0101. 1.1. Sejas kop&scaron;ana: uzkl\u0101jiet masku uz att\u012br\u012btas sejas \u0101das, p\u0113c 10-15 min\u016bt\u0113m noskalojiet ar siltu [&#8230;]\n","protected":false},"featured_media":87938,"template":"","meta":[],"product_cat":[1999],"product_tag":[],"class_list":{"0":"post-29613","1":"product","2":"type-product","3":"status-publish","4":"has-post-thumbnail","6":"product_brand-naturpro_ua","7":"product_cat-bez-kategorijas","9":"first","10":"outofstock","11":"taxable","12":"shipping-taxable","13":"product-type-simple"},"_links":{"self":[{"href":"https:\/\/e.kosmolat.eu\/lv\/wp-json\/wp\/v2\/product\/29613","targetHints":{"allow":["GET"]}}],"collection":[{"href":"https:\/\/e.kosmolat.eu\/lv\/wp-json\/wp\/v2\/product"}],"about":[{"href":"https:\/\/e.kosmolat.eu\/lv\/wp-json\/wp\/v2\/types\/product"}],"wp:featuredmedia":[{"embeddable":true,"href":"https:\/\/e.kosmolat.eu\/lv\/wp-json\/wp\/v2\/media\/87938"}],"wp:attachment":[{"href":"https:\/\/e.kosmolat.eu\/lv\/wp-json\/wp\/v2\/media?parent=29613"}],"wp:term":[{"taxonomy":"product_cat","embeddable":true,"href":"https:\/\/e.kosmolat.eu\/lv\/wp-json\/wp\/v2\/product_cat?post=29613"},{"taxonomy":"product_tag","embeddable":true,"href":"https:\/\/e.kosmolat.eu\/lv\/wp-json\/wp\/v2\/product_tag?post=29613"}],"curies":[{"name":"wp","href":"https:\/\/api.w.org\/{rel}","templated":true}]}}