{"id":29569,"date":"2023-12-19T19:27:17","date_gmt":"2023-12-19T19:27:17","guid":{"rendered":"https:\/\/e.kosmolat.eu\/product\/bio-formula-kalk-nogul-un-katl-nonem-lidzeklis-500-ml\/"},"modified":"2026-05-08T16:45:33","modified_gmt":"2026-05-08T16:45:33","slug":"i_bio-formula-kalk-nogul-un-katl-nonem-lidzeklis-500-ml","status":"publish","type":"product","link":"https:\/\/e.kosmolat.eu\/lv\/product\/i_bio-formula-kalk-nogul-un-katl-nonem-lidzeklis-500-ml\/","title":{"rendered":"I_Bio Formula Ka\u013c\u0137. nogul. un katl.no\u0146em. l\u012bdzeklis, 500 ml"},"content":{"rendered":"<p>Efekt\u012bvi no\u0146em ka\u013c\u0137akmeni un katlakmeni kafijas ma&scaron;\u012bn\u0101s, kafijas autom\u0101tos, t\u0113jkann\u0101s, trauku un ve\u013cas mazg\u0101jam\u0101s ma&scaron;\u012bn\u0101s.&nbsp;<\/p>\n<p><strong>Lieto&scaron;ana:<\/strong><br \/>\n&bull; &nbsp; &nbsp;t\u0113jkann\u0101m: piepildiet t\u0113jkannu ar &scaron;\u0137\u012bdumu, 50-100 ml l\u012bdzek\u013ca iz&scaron;\u0137\u012bdinot 500 ml \u016bdens, uzv\u0101riet, \u013caujiet past\u0101v\u0113t 10-15 min\u016btes, tad vair\u0101kas reizes r\u016bp\u012bgi izskalojiet t\u0113jkannu ar t\u012bru \u016bdeni;<br \/>\n&bull; &nbsp; &nbsp;kafijas ma&scaron;\u012bn\u0101m un kafijas autom\u0101tiem: piepildiet \u016bdens tvertni ar &scaron;\u0137\u012bdumu, 50-100 ml l\u012bdzek\u013ca iz&scaron;\u0137\u012bdinot 500 ml \u016bdens, un sekojiet iek\u0101rtas ra\u017eot\u0101ja nor\u0101d\u012bjumiem attiec\u012bb\u0101 uz iek\u0101rtas t\u012br\u012b&scaron;anu. P\u0113c t\u012br\u012b&scaron;anas vair\u0101kas reizes r\u016bp\u012bgi izskalojiet kafijas ma&scaron;\u012bnas vai kafijas autom\u0101ta iek&scaron;pusi ar t\u012bru \u016bdeni;<br \/>\n&bull; &nbsp; &nbsp;ve\u013cas un trauku mazg\u0101jam\u0101m ma&scaron;\u012bn\u0101m: mazg\u0101&scaron;anas l\u012bdzek\u013ca tvertn\u0113 ielejiet 250 ml l\u012bdzek\u013ca, izv\u0113lieties ve\u013cas mazg\u0101&scaron;anas programmu ar vismaz 60 \u2070\u0421 temperat\u016bru, trauku mazg\u0101jamaj\u0101 ma&scaron;\u012bn\u0101 &ndash; intens\u012bv\u0101s mazg\u0101&scaron;anas re\u017e\u012bmu, atst\u0101jiet l\u012bdz cikla beig\u0101m. Profilakses nol\u016bkos atk\u0101rtojiet att\u012br\u012b&scaron;anas proced\u016bru reizi 3 m\u0113ne&scaron;os.<\/p>\n<p><strong>Piesardz\u012bbas pas\u0101kumi: <\/strong>nejaukt ar citiem t\u012br\u012b&scaron;anas l\u012bdzek\u013ciem. Nelietot uz boj\u0101t\u0101m vai pret sk\u0101b\u0113m jut\u012bg\u0101m virsm\u0101m (misi\u0146&scaron;, var&scaron;, alum\u012bnijs, cinkots met\u0101ls). P\u0113c l\u012bdzek\u013ca izlieto&scaron;anas utiliz\u0113t iepakojumu k\u0101 sadz\u012bves atkritumus.<\/p>\n<p>Uzglab\u0101t vertik\u0101l\u0101 st\u0101vokl\u012b cie&scaron;i nosl\u0113gt\u0101 iepakojum\u0101, b\u0113rniem un m\u0101jdz\u012bvniekiem nepieejam\u0101 viet\u0101, atsevi&scaron;\u0137i no p\u0101rtikas produktiem, sarg\u0101jot no tie&scaron;iem saules stariem, temperat\u016br\u0101 no 0 \u2070\u0421 l\u012bdz +35 \u2070\u0421. Pie\u013caujama nogul&scaron;\u0146u veido&scaron;an\u0101s.<\/p>\n<p><strong>Sast\u0101v\u0101: <\/strong>5 % un vair\u0101k, bet maz\u0101k nek\u0101 15 % &nbsp;organisk\u0101s sk\u0101bes\/ citronsk\u0101be, sulfam\u012bdsk\u0101be.<\/p>\n<p>&nbsp;<\/p>\n<p><strong><img decoding=\"async\" alt=\"\" src=\"file:\/\/\/C:\/Users\/masha\/Desktop\/GHS07.png\" style=\"height:40px; width:40px\" \/>GHS07 Uzman\u012bbu<\/strong><br \/>\n<strong>H319 <\/strong>Izraisa nopietnu acu kairin\u0101jumu.<br \/>\nDro&scaron;\u012bbas pras\u012bbu apz\u012bm\u0113jumi:<br \/>\nP102 Sarg\u0101t no b\u0113rniem.<br \/>\nP264 P\u0113c izmanto&scaron;anas rokas k\u0101rt\u012bgi nomazg\u0101t.<br \/>\nP280 Izmantot aizsargcimdus\/acu aizsargus.<br \/>\nP305+P351+P338 SASKAR\u0112 AR AC\u012aM: Uzman\u012bgi izskalot ar \u016bdeni vair\u0101kas min\u016btes. Iz\u0146emt kontaktl\u0113cas, ja t\u0101s ir ievietotas un ja to var vienk\u0101r&scaron;i izdar\u012bt. Turpin\u0101t skalot.<br \/>\nP337+P313 Ja acu iekaisums nep\u0101riet: l\u016bdziet medi\u0137u pal\u012bdz\u012bbu&nbsp;<br \/>\n&nbsp;<\/p>\n","protected":false},"excerpt":{"rendered":"<p>Efekt\u012bvi no\u0146em ka\u013c\u0137akmeni un katlakmeni kafijas ma&scaron;\u012bn\u0101s, kafijas autom\u0101tos, t\u0113jkann\u0101s, trauku un ve\u013cas mazg\u0101jam\u0101s ma&scaron;\u012bn\u0101s.&nbsp; Lieto&scaron;ana: &bull; &nbsp; &nbsp;t\u0113jkann\u0101m: piepildiet t\u0113jkannu ar &scaron;\u0137\u012bdumu, 50-100 ml l\u012bdzek\u013ca iz&scaron;\u0137\u012bdinot 500 ml \u016bdens, uzv\u0101riet, \u013caujiet past\u0101v\u0113t 10-15 min\u016btes, tad vair\u0101kas reizes r\u016bp\u012bgi izskalojiet t\u0113jkannu ar t\u012bru \u016bdeni; &bull; &nbsp; &nbsp;kafijas ma&scaron;\u012bn\u0101m un kafijas autom\u0101tiem: piepildiet \u016bdens tvertni ar [&#8230;]\n","protected":false},"featured_media":97173,"template":"","meta":[],"product_cat":[1261],"product_tag":[],"class_list":{"0":"post-29569","1":"product","2":"type-product","3":"status-publish","4":"has-post-thumbnail","6":"product_brand-elfa_ua","7":"product_cat-1261","9":"first","10":"outofstock","11":"taxable","12":"shipping-taxable","13":"product-type-simple"},"_links":{"self":[{"href":"https:\/\/e.kosmolat.eu\/lv\/wp-json\/wp\/v2\/product\/29569","targetHints":{"allow":["GET"]}}],"collection":[{"href":"https:\/\/e.kosmolat.eu\/lv\/wp-json\/wp\/v2\/product"}],"about":[{"href":"https:\/\/e.kosmolat.eu\/lv\/wp-json\/wp\/v2\/types\/product"}],"wp:featuredmedia":[{"embeddable":true,"href":"https:\/\/e.kosmolat.eu\/lv\/wp-json\/wp\/v2\/media\/97173"}],"wp:attachment":[{"href":"https:\/\/e.kosmolat.eu\/lv\/wp-json\/wp\/v2\/media?parent=29569"}],"wp:term":[{"taxonomy":"product_cat","embeddable":true,"href":"https:\/\/e.kosmolat.eu\/lv\/wp-json\/wp\/v2\/product_cat?post=29569"},{"taxonomy":"product_tag","embeddable":true,"href":"https:\/\/e.kosmolat.eu\/lv\/wp-json\/wp\/v2\/product_tag?post=29569"}],"curies":[{"name":"wp","href":"https:\/\/api.w.org\/{rel}","templated":true}]}}