{"id":29565,"date":"2023-12-19T19:26:53","date_gmt":"2023-12-19T19:26:53","guid":{"rendered":"https:\/\/e.kosmolat.eu\/product\/dr-hc-matu-maska-sebo-stop-komplekss-946-ml\/"},"modified":"2025-09-16T05:20:34","modified_gmt":"2025-09-16T05:20:34","slug":"i_the-doctor-hc-matu-maska-sebo-stop-komplekss-946-ml","status":"publish","type":"product","link":"https:\/\/e.kosmolat.eu\/lv\/product\/i_the-doctor-hc-matu-maska-sebo-stop-komplekss-946-ml\/","title":{"rendered":"I_THE DOCTOR  H&#038;C Matu maska Sebo-stop komplekss, 946 ml"},"content":{"rendered":"<p>Satur b\u0113rza darvu, ihtiolu un sebo-stop kompleksu no v\u012btola mizas, ozola mizas un api\u0146u rogu nov\u0101r\u012bjuma.<\/p>\n<p><strong>Lieto\u0161ana: <\/strong>uzkl\u0101t uz t\u012briem, mitriem matiem. Patur\u0113t 5 min\u016btes un r\u016bp\u012bgi noskalot ar \u016bdeni.&nbsp;<\/p>\n<p><strong>Piesardz\u012bbas pas\u0101kumi:<\/strong> Ja iek\u013c\u016bst ac\u012bs, r\u016bp\u012bgi izskalot ar lielu \u016bdens daudzumu. Iesp\u0113jama paaugstin\u0101ta individu\u0101l\u0101 jut\u012bba pret atsevi\u0161\u0137\u0101m sast\u0101vda\u013c\u0101m.<br \/>\n&nbsp;<\/p>\n","protected":false},"excerpt":{"rendered":"<p>Satur b\u0113rza darvu, ihtiolu un sebo-stop kompleksu no v\u012btola mizas, ozola mizas un api\u0146u rogu nov\u0101r\u012bjuma. Lieto\u0161ana: uzkl\u0101t uz t\u012briem, mitriem matiem. Patur\u0113t 5 min\u016btes un r\u016bp\u012bgi noskalot ar \u016bdeni.&nbsp; Piesardz\u012bbas pas\u0101kumi: Ja iek\u013c\u016bst ac\u012bs, r\u016bp\u012bgi izskalot ar lielu \u016bdens daudzumu. Iesp\u0113jama paaugstin\u0101ta individu\u0101l\u0101 jut\u012bba pret atsevi\u0161\u0137\u0101m sast\u0101vda\u013c\u0101m. &nbsp;<\/p>\n","protected":false},"featured_media":0,"template":"","meta":[],"product_cat":[2181],"product_tag":[],"class_list":{"0":"post-29565","1":"product","2":"type-product","3":"status-publish","5":"product_brand-elfa_ua","6":"product_cat-bez-kategorijas-lt","8":"first","9":"outofstock","10":"taxable","11":"shipping-taxable","12":"product-type-simple"},"_links":{"self":[{"href":"https:\/\/e.kosmolat.eu\/lv\/wp-json\/wp\/v2\/product\/29565","targetHints":{"allow":["GET"]}}],"collection":[{"href":"https:\/\/e.kosmolat.eu\/lv\/wp-json\/wp\/v2\/product"}],"about":[{"href":"https:\/\/e.kosmolat.eu\/lv\/wp-json\/wp\/v2\/types\/product"}],"wp:attachment":[{"href":"https:\/\/e.kosmolat.eu\/lv\/wp-json\/wp\/v2\/media?parent=29565"}],"wp:term":[{"taxonomy":"product_cat","embeddable":true,"href":"https:\/\/e.kosmolat.eu\/lv\/wp-json\/wp\/v2\/product_cat?post=29565"},{"taxonomy":"product_tag","embeddable":true,"href":"https:\/\/e.kosmolat.eu\/lv\/wp-json\/wp\/v2\/product_tag?post=29565"}],"curies":[{"name":"wp","href":"https:\/\/api.w.org\/{rel}","templated":true}]}}