{"id":109607,"date":"2026-05-14T09:18:34","date_gmt":"2026-05-14T09:18:34","guid":{"rendered":"https:\/\/e.kosmolat.eu\/product\/bradoline-alex-sport-vir-dezod-sprejs-xxl-250-%d0%bce\/"},"modified":"2026-05-14T09:18:48","modified_gmt":"2026-05-14T09:18:48","slug":"bradoline-alex-sport-vir-dezod-sprejs-xxl-250-%d0%bce","status":"publish","type":"product","link":"https:\/\/e.kosmolat.eu\/lv\/product\/bradoline-alex-sport-vir-dezod-sprejs-xxl-250-%d0%bce\/","title":{"rendered":"Bradoline Alex Sport V\u012br. dezod.-sprejs XXL, 250 \u043c\u0117"},"content":{"rendered":"<p>Nodro&scaron;ina ilgsto&scaron;u aizsardz\u012bbu un sniedz svaiguma saj\u016btu visas dienas garum\u0101. Pirms lieto&scaron;anas k\u0101rt\u012bgi sakrat\u012bt. Izsmidzin\u0101t vismaz 15 cm att\u0101lum\u0101&nbsp;no \u0101das.&nbsp;Nelietot uz kairin\u0101tas vai boj\u0101tas \u0101das. Izvair\u012bties no saskares ar ac\u012bm.<\/p>\n<p>&nbsp;<\/p>\n<p><strong>GHS02 Draudi&nbsp;&nbsp;&nbsp;&nbsp;&nbsp;&nbsp;&nbsp;&nbsp;&nbsp;&nbsp;&nbsp;&nbsp;&nbsp;&nbsp; <\/strong><\/p>\n<p><strong>H222<\/strong> \u012apa&scaron;i viegli uzliesmojo&scaron;s aerosols.<\/p>\n<p><strong>H229 <\/strong>Tvertne zem spiediena: karstum\u0101 var eksplod\u0113t.<\/p>\n<p>Dro&scaron;\u012bbas pras\u012bbu apz\u012bm\u0113jumi:<\/p>\n<p>P102 Sarg\u0101t no b\u0113rniem.<\/p>\n<p>P210 Sarg\u0101t no karstuma, karst\u0101m virsm\u0101m, dzirkstel\u0113m, atkl\u0101tas uguns un citiem aizdeg&scaron;an\u0101s avotiem. Nesm\u0113\u0137\u0113t.<\/p>\n<p>P211 Neizsmidzin\u0101t uz atkl\u0101tas uguns vai citiem aizdeg&scaron;an\u0101s avotiem.<\/p>\n<p>P251 Nedurt vai nededzin\u0101t, ar\u012b p\u0113c izlieto&scaron;anas.<\/p>\n<p>P410+P412 Aizsarg\u0101t no saules gaismas. Nepak\u013caut temperat\u016brai, kas p\u0101rsniedz 50 &deg;C \/ 122 &deg;F.<\/p>\n","protected":false},"excerpt":{"rendered":"<p>Nodro&scaron;ina ilgsto&scaron;u aizsardz\u012bbu un sniedz svaiguma saj\u016btu visas dienas garum\u0101. Pirms lieto&scaron;anas k\u0101rt\u012bgi sakrat\u012bt. Izsmidzin\u0101t vismaz 15 cm att\u0101lum\u0101&nbsp;no \u0101das.&nbsp;Nelietot uz kairin\u0101tas vai boj\u0101tas \u0101das. Izvair\u012bties no saskares ar ac\u012bm. &nbsp; GHS02 Draudi&nbsp;&nbsp;&nbsp;&nbsp;&nbsp;&nbsp;&nbsp;&nbsp;&nbsp;&nbsp;&nbsp;&nbsp;&nbsp;&nbsp; H222 \u012apa&scaron;i viegli uzliesmojo&scaron;s aerosols. H229 Tvertne zem spiediena: karstum\u0101 var eksplod\u0113t. Dro&scaron;\u012bbas pras\u012bbu apz\u012bm\u0113jumi: P102 Sarg\u0101t no b\u0113rniem. P210 Sarg\u0101t no [&#8230;]\n","protected":false},"featured_media":109611,"template":"","meta":[],"product_cat":[1692],"product_tag":[],"class_list":{"0":"post-109607","1":"product","2":"type-product","3":"status-publish","4":"has-post-thumbnail","6":"product_brand-florin_hu","7":"product_cat-dezodoranti-viriesiem","9":"first","10":"instock","11":"taxable","12":"shipping-taxable","13":"product-type-simple"},"_links":{"self":[{"href":"https:\/\/e.kosmolat.eu\/lv\/wp-json\/wp\/v2\/product\/109607","targetHints":{"allow":["GET"]}}],"collection":[{"href":"https:\/\/e.kosmolat.eu\/lv\/wp-json\/wp\/v2\/product"}],"about":[{"href":"https:\/\/e.kosmolat.eu\/lv\/wp-json\/wp\/v2\/types\/product"}],"wp:featuredmedia":[{"embeddable":true,"href":"https:\/\/e.kosmolat.eu\/lv\/wp-json\/wp\/v2\/media\/109611"}],"wp:attachment":[{"href":"https:\/\/e.kosmolat.eu\/lv\/wp-json\/wp\/v2\/media?parent=109607"}],"wp:term":[{"taxonomy":"product_cat","embeddable":true,"href":"https:\/\/e.kosmolat.eu\/lv\/wp-json\/wp\/v2\/product_cat?post=109607"},{"taxonomy":"product_tag","embeddable":true,"href":"https:\/\/e.kosmolat.eu\/lv\/wp-json\/wp\/v2\/product_tag?post=109607"}],"curies":[{"name":"wp","href":"https:\/\/api.w.org\/{rel}","templated":true}]}}