{"id":109526,"date":"2026-05-14T07:20:57","date_gmt":"2026-05-14T07:20:57","guid":{"rendered":"https:\/\/e.kosmolat.eu\/product\/beas-dekorat-automas-gaisa-atsvaidz-jauna-automas-8-ml\/"},"modified":"2026-05-14T07:21:10","modified_gmt":"2026-05-14T07:21:10","slug":"beas-dekorat-automas-gaisa-atsvaidz-jauna-automas-8-ml","status":"publish","type":"product","link":"https:\/\/e.kosmolat.eu\/lv\/product\/beas-dekorat-automas-gaisa-atsvaidz-jauna-automas-8-ml\/","title":{"rendered":"BEA`S Dekorat. automa\u0161. gaisa atsvaidz. Jauna automa\u0161., 8 ml"},"content":{"rendered":"<p><strong>Lieto&scaron;ana:<\/strong> pirms lieto&scaron;anas uzman\u012bgi izlasiet dro&scaron;\u012bbas nor\u0101d\u012bjumus.<\/p>\n<ol>\n<li>Atskr\u016bv\u0113jiet v\u0101ci\u0146u un&nbsp;iz\u0146emiet plastmasas aizb\u0101zni. Aizskr\u016bv\u0113jiet v\u0101ci\u0146u atpaka\u013c.<\/li>\n<li>Sakratiet flakonu vienu reizi dien\u0101, tas veicina arom\u0101ta efekt\u012bvu izplat\u012b&scaron;anos. Iesp\u0113jams palielin\u0101t vai samazin\u0101t sakrat\u012b&scaron;anas rei\u017eu skaitu, lai regul\u0113tu arom\u0101ta intensit\u0101ti.<\/li>\n<li>Lai izvair\u012btos no &scaron;\u0137idruma izl\u012b&scaron;anas, p\u0101rliecinieties, ka produkts ir cie&scaron;i aizv\u0113rts. Nenovietojiet uz pul\u0113t\u0101m, kr\u0101sot\u0101m vai plastmasas virsm\u0101m. &Scaron;\u0137idrumam izl\u012bstot, nekav\u0113joties noslaukiet virsmu. Var izmantot jebkur\u0101 v\u0113lamaj\u0101 telp\u0101.<\/li>\n<\/ol>\n<p>Uzglab\u0101jot v\u0113s\u0101, saus\u0101 viet\u0101, der\u012bguma termi\u0146&scaron; ir 24 m\u0113ne&scaron;i.<\/p>\n<p><strong>Sast\u0101v\u0101:<\/strong> 30 % un vair\u0101k etanola. Smar\u017eas un arom\u0101tisk\u0101s kompoz\u012bcijas\/ Hexyl Cinnamal, Alpha-Isomethyl Ionone, Limonene, Citronellol, Coumarin.<\/p>\n<p>&nbsp;<\/p>\n<p><strong>GHS02 B\u012bstami<\/strong><\/p>\n<p><strong>H225<\/strong> Viegli uzliesmojo&scaron;s &scaron;\u0137idrums un tvaiki.<\/p>\n<p><strong> GHS07 Uzman\u012bbu<\/strong><\/p>\n<p><strong>H315<\/strong> Kairina \u0101du<\/p>\n<p><strong>H319<\/strong> Izraisa nopietnu acu kairin\u0101jumu.<\/p>\n<p><strong>Br\u012bdin\u0101jums<\/strong><\/p>\n<p><strong>H317<\/strong> Var izrais\u012bt aler\u0123isku \u0101das reakciju.<\/p>\n<p><strong>H410 <\/strong>\u013boti toksisks \u016bdens organismiem ar ilgsto&scaron;\u0101m sek\u0101m.<\/p>\n<p>Dro&scaron;\u012bbas pras\u012bbu apz\u012bm\u0113jumi:<\/p>\n<p>P101 Medic\u012bniska padoma nepiecie&scaron;am\u012bbas gad\u012bjum\u0101 attiec\u012bg\u0101 inform\u0101cija ir nor\u0101d\u012bta uz iepakojuma vai eti\u0137etes.<\/p>\n<p>P102 Sarg\u0101t no b\u0113rniem.<\/p>\n<p>P103 Pirms izmanto&scaron;anas izlas\u012bt eti\u0137eti.<\/p>\n<p>P210 Sarg\u0101t no karstuma, karst\u0101m virsm\u0101m, dzirkstel\u0113m, atkl\u0101tas uguns un citiem aizdeg&scaron;an\u0101s avotiem. Nesm\u0113\u0137\u0113t.<\/p>\n<p>P261 Izvair\u012bties ieelpot izgarojumus.<\/p>\n<p>P273 Izvair\u012bties no izplat\u012b&scaron;anas apk\u0101rt\u0113j\u0101 vid\u0113.&nbsp;&nbsp;&nbsp;&nbsp;<\/p>\n<p>P280 Izmantot aizsargcimdus\/ acu aizsargus\/ sejas aizsargus.<\/p>\n<p>P303+P361+P353 SASKAR\u0112 AR \u0100DU (vai matiem): Nekav\u0113joties novilkt visu pies\u0101r\u0146oto ap\u0123\u0113rbu. Noskalot \u0101du ar \u016bdeni [vai iet du&scaron;\u0101].<\/p>\n<p>P333+P313 Ja rodas \u0101das iekaisums vai izsitumi: l\u016bdziet medi\u0137u pal\u012bdz\u012bbu. P305+P351+P338 SASKAR\u0112 AR AC\u012aM: Uzman\u012bgi izskalot ar \u016bdeni vair\u0101kas min\u016btes. Iz\u0146emt kontaktl\u0113cas, ja t\u0101s ir ievietotas un ja to var vienk\u0101r&scaron;i izdar\u012bt. Turpin\u0101t skalot.<\/p>\n<p>P337+P313 Ja acu iekaisums nep\u0101riet: l\u016bdziet medi\u0137u pal\u012bdz\u012bbu.<\/p>\n<p>P321 \u012apa&scaron;a medic\u012bnisk\u0101 pal\u012bdz\u012bba (saskares vietas nomazg\u0101t ar \u016bdeni un ziep\u0113m).&nbsp;<\/p>\n<p>P403+P235 Glab\u0101t labi v\u0113din\u0101m\u0101s telp\u0101s. Tur\u0113t v\u0113sum\u0101.<\/p>\n<p>P501 Atbr\u012bvoties no satura\/tvertnes\/ iepakojuma saska\u0146\u0101 ar valsts noteikumiem.<\/p>\n","protected":false},"excerpt":{"rendered":"<p>Lieto&scaron;ana: pirms lieto&scaron;anas uzman\u012bgi izlasiet dro&scaron;\u012bbas nor\u0101d\u012bjumus. Atskr\u016bv\u0113jiet v\u0101ci\u0146u un&nbsp;iz\u0146emiet plastmasas aizb\u0101zni. Aizskr\u016bv\u0113jiet v\u0101ci\u0146u atpaka\u013c. Sakratiet flakonu vienu reizi dien\u0101, tas veicina arom\u0101ta efekt\u012bvu izplat\u012b&scaron;anos. Iesp\u0113jams palielin\u0101t vai samazin\u0101t sakrat\u012b&scaron;anas rei\u017eu skaitu, lai regul\u0113tu arom\u0101ta intensit\u0101ti. Lai izvair\u012btos no &scaron;\u0137idruma izl\u012b&scaron;anas, p\u0101rliecinieties, ka produkts ir cie&scaron;i aizv\u0113rts. Nenovietojiet uz pul\u0113t\u0101m, kr\u0101sot\u0101m vai plastmasas virsm\u0101m. &Scaron;\u0137idrumam [&#8230;]\n","protected":false},"featured_media":109530,"template":"","meta":[],"product_cat":[1525],"product_tag":[],"class_list":{"0":"post-109526","1":"product","2":"type-product","3":"status-publish","4":"has-post-thumbnail","6":"product_brand-vexes_fon_tr","7":"product_cat-1525","9":"first","10":"instock","11":"taxable","12":"shipping-taxable","13":"product-type-simple"},"_links":{"self":[{"href":"https:\/\/e.kosmolat.eu\/lv\/wp-json\/wp\/v2\/product\/109526","targetHints":{"allow":["GET"]}}],"collection":[{"href":"https:\/\/e.kosmolat.eu\/lv\/wp-json\/wp\/v2\/product"}],"about":[{"href":"https:\/\/e.kosmolat.eu\/lv\/wp-json\/wp\/v2\/types\/product"}],"wp:featuredmedia":[{"embeddable":true,"href":"https:\/\/e.kosmolat.eu\/lv\/wp-json\/wp\/v2\/media\/109530"}],"wp:attachment":[{"href":"https:\/\/e.kosmolat.eu\/lv\/wp-json\/wp\/v2\/media?parent=109526"}],"wp:term":[{"taxonomy":"product_cat","embeddable":true,"href":"https:\/\/e.kosmolat.eu\/lv\/wp-json\/wp\/v2\/product_cat?post=109526"},{"taxonomy":"product_tag","embeddable":true,"href":"https:\/\/e.kosmolat.eu\/lv\/wp-json\/wp\/v2\/product_tag?post=109526"}],"curies":[{"name":"wp","href":"https:\/\/api.w.org\/{rel}","templated":true}]}}