{"id":108515,"date":"2026-05-09T04:25:47","date_gmt":"2026-05-09T04:25:47","guid":{"rendered":"https:\/\/e.kosmolat.eu\/product\/mar-e-sol-kerm-spreju-davanu-kompl-4-x-40-ml\/"},"modified":"2026-05-09T04:31:29","modified_gmt":"2026-05-09T04:31:29","slug":"mar-e-sol-kerm-spreju-davanu-kompl-4-x-40-ml","status":"publish","type":"product","link":"https:\/\/e.kosmolat.eu\/lv\/product\/mar-e-sol-kerm-spreju-davanu-kompl-4-x-40-ml\/","title":{"rendered":"Mar e Sol \u0137erm.spreju d\u0101vanu kompl.4 x 40 ml"},"content":{"rendered":"<p>Palutiniet sevi ar br\u012bdi, kas velt\u012bts labsaj\u016btai, izmantojot MAR E SOL 4 spreju komplektu &ndash; ekskluz\u012bvu \u0137erme\u0146a spreju kolekciju ar unik\u0101liem arom\u0101tiem. &Scaron;is komplekts ir ide\u0101ls, lai atkl\u0101tu jaunus arom\u0101tus vai pasniegtu ori\u0123in\u0101lu d\u0101vanu saviem m\u012b\u013cajiem. Katrs sprejs ir r\u016bp\u012bgi izstr\u0101d\u0101ts, lai nodro&scaron;in\u0101tu maigumu, svaigumu un pat\u012bkamu relaks\u0101cijas saj\u016btu.<\/p>\n<p>&bull; Daudzveid\u012bgs \u0137erme\u0146a spreju komplekts<\/p>\n<p>&bull; Kompakti izm\u0113ri, ide\u0101li piem\u0113roti ce\u013cojumiem<\/p>\n<p>&bull; Maigi mitrina un aromatiz\u0113 \u0101du<\/p>\n<p>&bull; Ilgnotur\u012bgi un eleganti arom\u0101ti<\/p>\n<p>&bull; Ide\u0101li piem\u0113roti d\u0101vanai vai sev<\/p>\n<p><strong>Lieto&scaron;ana:<\/strong> P\u0113c du&scaron;as vai jebkur\u0101 dienas laik\u0101 uzsmidziniet d\u0101sni uz \u0137erme\u0146a, lai atsvaidzin\u0101tos. P\u0113c vajadz\u012bbas atk\u0101rtojiet lieto&scaron;anu visas dienas garum\u0101.<\/p>\n<p><strong>Piesardz\u012bbas pas\u0101kumi:<\/strong> Ja rodas kairin\u0101jums, nekav\u0113joties p\u0101rtrauciet lieto&scaron;anu. Izvairieties no kontakta ar ac\u012bm un muti.<\/p>\n","protected":false},"excerpt":{"rendered":"<p>Palutiniet sevi ar br\u012bdi, kas velt\u012bts labsaj\u016btai, izmantojot MAR E SOL 4 spreju komplektu &ndash; ekskluz\u012bvu \u0137erme\u0146a spreju kolekciju ar unik\u0101liem arom\u0101tiem. &Scaron;is komplekts ir ide\u0101ls, lai atkl\u0101tu jaunus arom\u0101tus vai pasniegtu ori\u0123in\u0101lu d\u0101vanu saviem m\u012b\u013cajiem. Katrs sprejs ir r\u016bp\u012bgi izstr\u0101d\u0101ts, lai nodro&scaron;in\u0101tu maigumu, svaigumu un pat\u012bkamu relaks\u0101cijas saj\u016btu. &bull; Daudzveid\u012bgs \u0137erme\u0146a spreju komplekts &bull; [&#8230;]\n","protected":false},"featured_media":0,"template":"","meta":[],"product_cat":[1378],"product_tag":[],"class_list":{"0":"post-108515","1":"product","2":"type-product","3":"status-publish","5":"product_brand-incos_gb","6":"product_cat-purskikliai-kunui","8":"first","9":"instock","10":"taxable","11":"shipping-taxable","12":"product-type-simple"},"_links":{"self":[{"href":"https:\/\/e.kosmolat.eu\/lv\/wp-json\/wp\/v2\/product\/108515","targetHints":{"allow":["GET"]}}],"collection":[{"href":"https:\/\/e.kosmolat.eu\/lv\/wp-json\/wp\/v2\/product"}],"about":[{"href":"https:\/\/e.kosmolat.eu\/lv\/wp-json\/wp\/v2\/types\/product"}],"wp:attachment":[{"href":"https:\/\/e.kosmolat.eu\/lv\/wp-json\/wp\/v2\/media?parent=108515"}],"wp:term":[{"taxonomy":"product_cat","embeddable":true,"href":"https:\/\/e.kosmolat.eu\/lv\/wp-json\/wp\/v2\/product_cat?post=108515"},{"taxonomy":"product_tag","embeddable":true,"href":"https:\/\/e.kosmolat.eu\/lv\/wp-json\/wp\/v2\/product_tag?post=108515"}],"curies":[{"name":"wp","href":"https:\/\/api.w.org\/{rel}","templated":true}]}}