{"id":108511,"date":"2026-05-09T04:25:30","date_gmt":"2026-05-09T04:25:30","guid":{"rendered":"https:\/\/e.kosmolat.eu\/product\/mar-e-sol-caramel-macadamia-vanilla-kerm-sprejs-250ml\/"},"modified":"2026-05-09T04:31:18","modified_gmt":"2026-05-09T04:31:18","slug":"mar-e-sol-caramel-macadamia-vanilla-kerm-sprejs-250ml","status":"publish","type":"product","link":"https:\/\/e.kosmolat.eu\/lv\/product\/mar-e-sol-caramel-macadamia-vanilla-kerm-sprejs-250ml\/","title":{"rendered":"Mar e Sol Caramel macadamia &#038; vanilla \u0137erm.sprejs, 250ml"},"content":{"rendered":"<p>Iepaz\u012bstieties ar MAR E SOL karameles, makadamijas un vani\u013cas \u0137erme\u0146a spreju, kas ir gardu un nomierino&scaron;u arom\u0101tu kombin\u0101cija, kura ap\u0146ems j\u016bsu \u0101du ar maigu smar\u017eu pl\u012bvuru. &Scaron;is sprejs ir \u012bpa&scaron;i rad\u012bts, lai mitrin\u0101tu un m\u012bkstin\u0101tu \u0101du, vienlaikus tai pie&scaron;\u0137irot delik\u0101tu arom\u0101tu. \u013baujieties valdzin\u0101t harmoniskajam karameles, kr\u0113m\u012bg\u0101s makadamijas un mierino&scaron;\u0101s vani\u013cas arom\u0101tu mais\u012bjumam.<\/p>\n<p>&bull; K\u0101rdino&scaron;s un nomierino&scaron;s arom\u0101ts<\/p>\n<p>&bull; Mitrina un m\u012bkstina \u0101du<\/p>\n<p>&bull; Ide\u0101li piem\u0113rots ikdienas lieto&scaron;anai<\/p>\n<p>&bull; Piem\u0113rots visiem \u0101das tipiem<\/p>\n<p>&bull; \u0112rta pudele, ko viegli p\u0101rn\u0113s\u0101t<\/p>\n<p><strong>Lieto&scaron;ana:<\/strong> P\u0113c du&scaron;as vai jebkur\u0101 dienas laik\u0101 uzsmidziniet d\u0101sni uz \u0137erme\u0146a, lai atsvaidzin\u0101tos. P\u0113c vajadz\u012bbas atk\u0101rtojiet lieto&scaron;anu visas dienas garum\u0101.<\/p>\n<p><strong>Piesardz\u012bbas pas\u0101kumi:<\/strong> Ja rodas kairin\u0101jums, nekav\u0113joties p\u0101rtrauciet lieto&scaron;anu. Izvairieties no kontakta ar ac\u012bm un muti.<\/p>\n","protected":false},"excerpt":{"rendered":"<p>Iepaz\u012bstieties ar MAR E SOL karameles, makadamijas un vani\u013cas \u0137erme\u0146a spreju, kas ir gardu un nomierino&scaron;u arom\u0101tu kombin\u0101cija, kura ap\u0146ems j\u016bsu \u0101du ar maigu smar\u017eu pl\u012bvuru. &Scaron;is sprejs ir \u012bpa&scaron;i rad\u012bts, lai mitrin\u0101tu un m\u012bkstin\u0101tu \u0101du, vienlaikus tai pie&scaron;\u0137irot delik\u0101tu arom\u0101tu. \u013baujieties valdzin\u0101t harmoniskajam karameles, kr\u0113m\u012bg\u0101s makadamijas un mierino&scaron;\u0101s vani\u013cas arom\u0101tu mais\u012bjumam. &bull; K\u0101rdino&scaron;s un [&#8230;]\n","protected":false},"featured_media":0,"template":"","meta":[],"product_cat":[1378],"product_tag":[],"class_list":{"0":"post-108511","1":"product","2":"type-product","3":"status-publish","5":"product_brand-incos_gb","6":"product_cat-purskikliai-kunui","8":"first","9":"instock","10":"taxable","11":"shipping-taxable","12":"product-type-simple"},"_links":{"self":[{"href":"https:\/\/e.kosmolat.eu\/lv\/wp-json\/wp\/v2\/product\/108511","targetHints":{"allow":["GET"]}}],"collection":[{"href":"https:\/\/e.kosmolat.eu\/lv\/wp-json\/wp\/v2\/product"}],"about":[{"href":"https:\/\/e.kosmolat.eu\/lv\/wp-json\/wp\/v2\/types\/product"}],"wp:attachment":[{"href":"https:\/\/e.kosmolat.eu\/lv\/wp-json\/wp\/v2\/media?parent=108511"}],"wp:term":[{"taxonomy":"product_cat","embeddable":true,"href":"https:\/\/e.kosmolat.eu\/lv\/wp-json\/wp\/v2\/product_cat?post=108511"},{"taxonomy":"product_tag","embeddable":true,"href":"https:\/\/e.kosmolat.eu\/lv\/wp-json\/wp\/v2\/product_tag?post=108511"}],"curies":[{"name":"wp","href":"https:\/\/api.w.org\/{rel}","templated":true}]}}