{"id":108507,"date":"2026-05-09T04:25:15","date_gmt":"2026-05-09T04:25:15","guid":{"rendered":"https:\/\/e.kosmolat.eu\/product\/mar-e-sol-red-fruits-amber-woods-kerm-sprejs-250-ml\/"},"modified":"2026-05-09T04:31:07","modified_gmt":"2026-05-09T04:31:07","slug":"mar-e-sol-red-fruits-amber-woods-kerm-sprejs-250-ml","status":"publish","type":"product","link":"https:\/\/e.kosmolat.eu\/lv\/product\/mar-e-sol-red-fruits-amber-woods-kerm-sprejs-250-ml\/","title":{"rendered":"Mar e Sol Red fruits &#038; amber woods \u0137erm.sprejs, 250 ml"},"content":{"rendered":"<p>Izbaudiet apburo&scaron;o saj\u016btu ritmu ar MAR E SOL \u0137erme\u0146a spreju &bdquo;Red Fruits and Amber&ldquo;. Aug\u013cu un dzintara notu eksplozija, kas sasilda \u0101du, ir ide\u0101la, lai dotos smar\u017eu ce\u013cojum\u0101, kas pilns ar jutekl\u012bbu un komfortu.<\/p>\n<p>&bull; Bag\u0101t\u012bgas sarkano aug\u013cu un dzintara notis<\/p>\n<p>&bull; Maigs mitrin\u0101jums<\/p>\n<p>&bull; Ilgnotur\u012bgs arom\u0101ts<\/p>\n<p>&bull; Piem\u0113rots jebkur\u0101 dienas laik\u0101<\/p>\n<p>&bull; Kompakts un praktisks dizains<\/p>\n<p><strong>Lieto&scaron;ana:<\/strong> P\u0113c du&scaron;as vai jebkur\u0101 dienas laik\u0101 uzsmidziniet d\u0101sni uz \u0137erme\u0146a, lai atsvaidzin\u0101tos. P\u0113c vajadz\u012bbas atk\u0101rtojiet lieto&scaron;anu visas dienas garum\u0101.<\/p>\n<p><strong>Piesardz\u012bbas pas\u0101kumi:<\/strong> Ja rodas kairin\u0101jums, nekav\u0113joties p\u0101rtrauciet lieto&scaron;anu. Izvairieties no kontakta ar ac\u012bm un muti.<\/p>\n","protected":false},"excerpt":{"rendered":"<p>Izbaudiet apburo&scaron;o saj\u016btu ritmu ar MAR E SOL \u0137erme\u0146a spreju &bdquo;Red Fruits and Amber&ldquo;. Aug\u013cu un dzintara notu eksplozija, kas sasilda \u0101du, ir ide\u0101la, lai dotos smar\u017eu ce\u013cojum\u0101, kas pilns ar jutekl\u012bbu un komfortu. &bull; Bag\u0101t\u012bgas sarkano aug\u013cu un dzintara notis &bull; Maigs mitrin\u0101jums &bull; Ilgnotur\u012bgs arom\u0101ts &bull; Piem\u0113rots jebkur\u0101 dienas laik\u0101 &bull; Kompakts un [&#8230;]\n","protected":false},"featured_media":0,"template":"","meta":[],"product_cat":[1378],"product_tag":[],"class_list":{"0":"post-108507","1":"product","2":"type-product","3":"status-publish","5":"product_brand-incos_gb","6":"product_cat-purskikliai-kunui","8":"first","9":"instock","10":"taxable","11":"shipping-taxable","12":"product-type-simple"},"_links":{"self":[{"href":"https:\/\/e.kosmolat.eu\/lv\/wp-json\/wp\/v2\/product\/108507","targetHints":{"allow":["GET"]}}],"collection":[{"href":"https:\/\/e.kosmolat.eu\/lv\/wp-json\/wp\/v2\/product"}],"about":[{"href":"https:\/\/e.kosmolat.eu\/lv\/wp-json\/wp\/v2\/types\/product"}],"wp:attachment":[{"href":"https:\/\/e.kosmolat.eu\/lv\/wp-json\/wp\/v2\/media?parent=108507"}],"wp:term":[{"taxonomy":"product_cat","embeddable":true,"href":"https:\/\/e.kosmolat.eu\/lv\/wp-json\/wp\/v2\/product_cat?post=108507"},{"taxonomy":"product_tag","embeddable":true,"href":"https:\/\/e.kosmolat.eu\/lv\/wp-json\/wp\/v2\/product_tag?post=108507"}],"curies":[{"name":"wp","href":"https:\/\/api.w.org\/{rel}","templated":true}]}}