{"id":108503,"date":"2026-05-09T04:24:56","date_gmt":"2026-05-09T04:24:56","guid":{"rendered":"https:\/\/e.kosmolat.eu\/product\/mar-e-sol-radiant-tuberose-coconut-cream-kerm-sprejs-250-ml\/"},"modified":"2026-05-09T04:30:57","modified_gmt":"2026-05-09T04:30:57","slug":"mar-e-sol-radiant-tuberose-coconut-cream-kerm-sprejs-250-ml","status":"publish","type":"product","link":"https:\/\/e.kosmolat.eu\/lv\/product\/mar-e-sol-radiant-tuberose-coconut-cream-kerm-sprejs-250-ml\/","title":{"rendered":"Mar e Sol Radiant tuberose &#038; coconut cream \u0137erm.sprejs, 250 ml"},"content":{"rendered":"<p>\u013baujieties MAR E SOL &bdquo;Tuberose Radiant Body Mist and Coconut&ldquo; burv\u012bbai. Starojo&scaron;s maigu ziedu un eksotiska kokosriekstu arom\u0101ta mais\u012bjums, kas katru izsmidzin\u0101&scaron;anas reizi p\u0101rv\u0113r&scaron; par t\u012bru baudu j\u016bsu \u0101dai un ma\u0146\u0101m.<\/p>\n<p>&bull; Burv\u012bgs tuberozes un kokosriekstu arom\u0101ts<\/p>\n<p>&bull; Maigs mitrin\u0101jums \u0101dai<\/p>\n<p>&bull; Piem\u0113rots ikdienas svaigumam<\/p>\n<p>&bull; Viegls un nel\u012bpo&scaron;s<\/p>\n<p>&bull; Viegli p\u0101rn\u0113s\u0101jama ce\u013cojumu pudele<\/p>\n<p><strong>Lieto&scaron;ana:<\/strong> P\u0113c du&scaron;as vai jebkur\u0101 dienas laik\u0101 uzsmidziniet d\u0101sni uz \u0137erme\u0146a, lai atsvaidzin\u0101tos. P\u0113c vajadz\u012bbas atk\u0101rtojiet lieto&scaron;anu visas dienas garum\u0101.<\/p>\n<p><strong>Piesardz\u012bbas pas\u0101kumi:<\/strong> Ja rodas kairin\u0101jums, nekav\u0113joties p\u0101rtrauciet lieto&scaron;anu. Izvairieties no kontakta ar ac\u012bm un muti.<\/p>\n","protected":false},"excerpt":{"rendered":"<p>\u013baujieties MAR E SOL &bdquo;Tuberose Radiant Body Mist and Coconut&ldquo; burv\u012bbai. Starojo&scaron;s maigu ziedu un eksotiska kokosriekstu arom\u0101ta mais\u012bjums, kas katru izsmidzin\u0101&scaron;anas reizi p\u0101rv\u0113r&scaron; par t\u012bru baudu j\u016bsu \u0101dai un ma\u0146\u0101m. &bull; Burv\u012bgs tuberozes un kokosriekstu arom\u0101ts &bull; Maigs mitrin\u0101jums \u0101dai &bull; Piem\u0113rots ikdienas svaigumam &bull; Viegls un nel\u012bpo&scaron;s &bull; Viegli p\u0101rn\u0113s\u0101jama ce\u013cojumu pudele Lieto&scaron;ana: [&#8230;]\n","protected":false},"featured_media":0,"template":"","meta":[],"product_cat":[1378],"product_tag":[],"class_list":{"0":"post-108503","1":"product","2":"type-product","3":"status-publish","5":"product_brand-incos_gb","6":"product_cat-purskikliai-kunui","8":"first","9":"instock","10":"taxable","11":"shipping-taxable","12":"product-type-simple"},"_links":{"self":[{"href":"https:\/\/e.kosmolat.eu\/lv\/wp-json\/wp\/v2\/product\/108503","targetHints":{"allow":["GET"]}}],"collection":[{"href":"https:\/\/e.kosmolat.eu\/lv\/wp-json\/wp\/v2\/product"}],"about":[{"href":"https:\/\/e.kosmolat.eu\/lv\/wp-json\/wp\/v2\/types\/product"}],"wp:attachment":[{"href":"https:\/\/e.kosmolat.eu\/lv\/wp-json\/wp\/v2\/media?parent=108503"}],"wp:term":[{"taxonomy":"product_cat","embeddable":true,"href":"https:\/\/e.kosmolat.eu\/lv\/wp-json\/wp\/v2\/product_cat?post=108503"},{"taxonomy":"product_tag","embeddable":true,"href":"https:\/\/e.kosmolat.eu\/lv\/wp-json\/wp\/v2\/product_tag?post=108503"}],"curies":[{"name":"wp","href":"https:\/\/api.w.org\/{rel}","templated":true}]}}