{"id":108499,"date":"2026-05-09T04:24:41","date_gmt":"2026-05-09T04:24:41","guid":{"rendered":"https:\/\/e.kosmolat.eu\/product\/mar-e-sol-sunshine-bouquet-sparkling-fruits-kerm-sprejs-250ml\/"},"modified":"2026-05-09T04:30:46","modified_gmt":"2026-05-09T04:30:46","slug":"mar-e-sol-sunshine-bouquet-sparkling-fruits-kerm-sprejs-250ml","status":"publish","type":"product","link":"https:\/\/e.kosmolat.eu\/lv\/product\/mar-e-sol-sunshine-bouquet-sparkling-fruits-kerm-sprejs-250ml\/","title":{"rendered":"Mar e Sol Sunshine bouquet &#038; sparkling fruits \u0137erm.sprejs, 250ml"},"content":{"rendered":"<p>Iegrimstiet parad\u012bzes d\u0101rz\u0101 ar MAR E SOL \u0137erme\u0146a spreju &bdquo;Sunny Flowers and Sparkling Fruits&ldquo;. &Scaron;is l\u012bdzeklis pied\u0101v\u0101 burv\u012bgu ziedu un dzirksto&scaron;u aug\u013cu notu mais\u012bjumu, kas ir ide\u0101ls, lai pie&scaron;\u0137irtu ener\u0123iju j\u016bsu dienai un dabisku mirdzumu \u0101dai.<\/p>\n<p>&bull; Aizraujo&scaron;s saulainu ziedu un dzirksto&scaron;u aug\u013cu arom\u0101tu mais\u012bjums<\/p>\n<p>&bull; T\u016bl\u012bt\u0113js atsvaidzino&scaron;s efekts<\/p>\n<p>&bull; \u0112rts iepakojums izmanto&scaron;anai ce\u013cojumos<\/p>\n<p>&bull; Piem\u0113rots ikdienas lieto&scaron;anai<\/p>\n<p>&bull; Piem\u0113rots visiem \u0101das tipiem<\/p>\n<p><strong>Lieto&scaron;ana:<\/strong> P\u0113c du&scaron;as vai jebkur\u0101 dienas laik\u0101 uzsmidziniet d\u0101sni uz \u0137erme\u0146a, lai atsvaidzin\u0101tos. P\u0113c vajadz\u012bbas atk\u0101rtojiet lieto&scaron;anu visas dienas garum\u0101.<\/p>\n<p><strong>Piesardz\u012bbas pas\u0101kumi:<\/strong> Ja rodas kairin\u0101jums, nekav\u0113joties p\u0101rtrauciet lieto&scaron;anu. Izvairieties no kontakta ar ac\u012bm un muti.<\/p>\n","protected":false},"excerpt":{"rendered":"<p>Iegrimstiet parad\u012bzes d\u0101rz\u0101 ar MAR E SOL \u0137erme\u0146a spreju &bdquo;Sunny Flowers and Sparkling Fruits&ldquo;. &Scaron;is l\u012bdzeklis pied\u0101v\u0101 burv\u012bgu ziedu un dzirksto&scaron;u aug\u013cu notu mais\u012bjumu, kas ir ide\u0101ls, lai pie&scaron;\u0137irtu ener\u0123iju j\u016bsu dienai un dabisku mirdzumu \u0101dai. &bull; Aizraujo&scaron;s saulainu ziedu un dzirksto&scaron;u aug\u013cu arom\u0101tu mais\u012bjums &bull; T\u016bl\u012bt\u0113js atsvaidzino&scaron;s efekts &bull; \u0112rts iepakojums izmanto&scaron;anai ce\u013cojumos &bull; [&#8230;]\n","protected":false},"featured_media":0,"template":"","meta":[],"product_cat":[1378],"product_tag":[],"class_list":{"0":"post-108499","1":"product","2":"type-product","3":"status-publish","5":"product_brand-incos_gb","6":"product_cat-purskikliai-kunui","8":"first","9":"instock","10":"taxable","11":"shipping-taxable","12":"product-type-simple"},"_links":{"self":[{"href":"https:\/\/e.kosmolat.eu\/lv\/wp-json\/wp\/v2\/product\/108499","targetHints":{"allow":["GET"]}}],"collection":[{"href":"https:\/\/e.kosmolat.eu\/lv\/wp-json\/wp\/v2\/product"}],"about":[{"href":"https:\/\/e.kosmolat.eu\/lv\/wp-json\/wp\/v2\/types\/product"}],"wp:attachment":[{"href":"https:\/\/e.kosmolat.eu\/lv\/wp-json\/wp\/v2\/media?parent=108499"}],"wp:term":[{"taxonomy":"product_cat","embeddable":true,"href":"https:\/\/e.kosmolat.eu\/lv\/wp-json\/wp\/v2\/product_cat?post=108499"},{"taxonomy":"product_tag","embeddable":true,"href":"https:\/\/e.kosmolat.eu\/lv\/wp-json\/wp\/v2\/product_tag?post=108499"}],"curies":[{"name":"wp","href":"https:\/\/api.w.org\/{rel}","templated":true}]}}