{"id":108491,"date":"2026-05-09T02:22:04","date_gmt":"2026-05-09T02:22:04","guid":{"rendered":"https:\/\/e.kosmolat.eu\/product\/hes-skidrais-balinatajs-957-ml\/"},"modified":"2026-05-09T02:22:16","modified_gmt":"2026-05-09T02:22:16","slug":"hes-skidrais-balinatajs-957-ml","status":"publish","type":"product","link":"https:\/\/e.kosmolat.eu\/lv\/product\/hes-skidrais-balinatajs-957-ml\/","title":{"rendered":"Hes \u0160\u0137idrais balin\u0101t\u0101js, 957 ml"},"content":{"rendered":"<p>M\u0101jsaimniec\u012bbas balin\u0101t\u0101js t\u012br\u012b&scaron;anai un dezinfekcijai. Tam piem\u012bt sp\u0113c\u012bga balino&scaron;a un antiseptiska iedarb\u012bba.<\/p>\n<p>Piem\u0113rots:<\/p>\n<ul>\n<li>tualetei<\/li>\n<li>vannas istabai<\/li>\n<li>ciet\u0101m virsm\u0101m<\/li>\n<li>baltai ve\u013cai<\/li>\n<\/ul>\n<p><strong>Lieto&scaron;ana:<\/strong><\/p>\n<p><strong>M\u0101jas uzkop&scaron;ana:<\/strong><br data-end=\"671\" data-start=\"668\" \/><br \/>\nT\u012br\u012b&scaron;anai un higi\u0113nas nodro&scaron;in\u0101&scaron;anai uz mazg\u0101jam\u0101m virsm\u0101m, piem\u0113ram, glaz\u0113t\u0101m keramik\u0101m, PVC gr\u012bd\u0101m, vann\u0101m, marmora un virtuves darba virsm\u0101m, pievienojiet <strong data-end=\"858\" data-start=\"829\">85 ml 10 litros \u016bdens<\/strong>. Not\u012briet virsmu un p\u0113c <strong data-end=\"912\" data-start=\"883\">10&ndash;15 min\u016bt\u0113m noskalojiet<\/strong>.<\/p>\n<p data-end=\"1027\" data-start=\"915\"><strong data-end=\"937\" data-start=\"915\">Tualetes t\u012br\u012b&scaron;ana:<\/strong><br data-end=\"940\" data-start=\"937\" \/><br \/>\nUzlejiet <strong data-end=\"989\" data-start=\"949\">170 ml tie&scaron;i uz fl\u012bz\u0113t\u0101s virsmas<\/strong> un p\u0113c <strong data-end=\"1026\" data-start=\"997\">10&ndash;15 min\u016bt\u0113m noskalojiet<\/strong>.<\/p>\n<p><strong>B\u012bstami<\/strong><\/p>\n<p><strong>H314 <\/strong>Izraisa smagus \u0101das apdegumus un acu boj\u0101jumus<\/p>\n<p><strong>H315 <\/strong>Kairina \u0101du.<\/p>\n<p><strong>H318<\/strong> Izraisa nopietnus acu boj\u0101jumus.<\/p>\n<p><strong>H400 <\/strong>\u013boti toksisks \u016bdens organismiem.<\/p>\n<p><strong>H411<\/strong> Toksisks \u016bdens organismiem ar ilglaic\u012bg\u0101m sek\u0101m.<\/p>\n<p><strong>EUH031<\/strong> Saskaroties ar sk\u0101b\u0113m, izdala toksiskas g\u0101zes.<\/p>\n<p><strong>EUH206<\/strong> Br\u012bdin\u0101jums! Nelietot kop\u0101 ar citiem produktiem. Var izdal\u012bt b\u012bstamas g\u0101zes (hloru).<\/p>\n<p>P101 Medic\u012bniska padoma nepiecie&scaron;am\u012bbas gad\u012bjum\u0101 attiec\u012bg\u0101 inform\u0101cija ir nor\u0101d\u012bta uz iepakojuma vai eti\u0137etes.<\/p>\n<p>P102 Sarg\u0101t no b\u0113rniem.<\/p>\n<p>P103 Pirms izmanto&scaron;anas izlas\u012bt eti\u0137eti.<\/p>\n<p>P264 P\u0113c izmanto&scaron;anas rokas k\u0101rt\u012bgi nomazg\u0101t.<\/p>\n<p>P273 Izvair\u012bties no izplat\u012b&scaron;anas apk\u0101rt\u0113j\u0101 vid\u0113.<\/p>\n<p>P280 Izmantot aizsargcimdus\/acu aizsargus\/sejas aizsargus.<\/p>\n<p>P310 Nekav\u0113joties sazinieties ar SAIND\u0112&Scaron;AN\u0100S CENTRU vai \u0101rstu.<\/p>\n<p>P321 \u012apa&scaron;a medic\u012bnisk\u0101 pal\u012bdz\u012bba (skat. &hellip; uz &scaron;\u012bs eti\u0137etes).<\/p>\n<p>P362 Novilkt pies\u0101r\u0146oto ap\u0123\u0113rbu un pirms atk\u0101rtotas lieto&scaron;anas izmazg\u0101t.<\/p>\n<p>P391 Sav\u0101kt iz&scaron;\u013cakst\u012bto &scaron;\u0137idrumu.<\/p>\n<p>P302+P352 SASKAR\u0112 AR \u0100DU: nomazg\u0101t ar lielu ziepju un \u016bdens daudzumu.<\/p>\n<p>P305+P351+P338 SASKAR\u0112 AR AC\u012aM: Uzman\u012bgi izskalot ar \u016bdeni vair\u0101kas min\u016btes. Iz\u0146emt kontaktl\u0113cas, ja t\u0101s ir ievietotas un ja to var vienk\u0101r&scaron;i izdar\u012bt. Turpin\u0101t skalot.<\/p>\n<p>P337+P313 Ja acu iekaisums nep\u0101riet: l\u016bdziet medi\u0137u pal\u012bdz\u012bbu.<\/p>\n<p>P332+P313 Ja rodas \u0101das iekaisums: l\u016bdziet medi\u0137u pal\u012bdz\u012bbu.<\/p>\n<p>P501 Atbr\u012bvoties no satura\/tvertnes\/iepakojuma saska\u0146\u0101 ar valsts noteikumiem.<\/p>\n","protected":false},"excerpt":{"rendered":"<p>M\u0101jsaimniec\u012bbas balin\u0101t\u0101js t\u012br\u012b&scaron;anai un dezinfekcijai. Tam piem\u012bt sp\u0113c\u012bga balino&scaron;a un antiseptiska iedarb\u012bba. Piem\u0113rots: tualetei vannas istabai ciet\u0101m virsm\u0101m baltai ve\u013cai Lieto&scaron;ana: M\u0101jas uzkop&scaron;ana: T\u012br\u012b&scaron;anai un higi\u0113nas nodro&scaron;in\u0101&scaron;anai uz mazg\u0101jam\u0101m virsm\u0101m, piem\u0113ram, glaz\u0113t\u0101m keramik\u0101m, PVC gr\u012bd\u0101m, vann\u0101m, marmora un virtuves darba virsm\u0101m, pievienojiet 85 ml 10 litros \u016bdens. Not\u012briet virsmu un p\u0113c 10&ndash;15 min\u016bt\u0113m noskalojiet. Tualetes [&#8230;]\n","protected":false},"featured_media":0,"template":"","meta":[],"product_cat":[1454],"product_tag":[],"class_list":{"0":"post-108491","1":"product","2":"type-product","3":"status-publish","5":"product_brand-hes-tr","6":"product_cat-1454","8":"first","9":"instock","10":"taxable","11":"shipping-taxable","12":"product-type-simple"},"_links":{"self":[{"href":"https:\/\/e.kosmolat.eu\/lv\/wp-json\/wp\/v2\/product\/108491","targetHints":{"allow":["GET"]}}],"collection":[{"href":"https:\/\/e.kosmolat.eu\/lv\/wp-json\/wp\/v2\/product"}],"about":[{"href":"https:\/\/e.kosmolat.eu\/lv\/wp-json\/wp\/v2\/types\/product"}],"wp:attachment":[{"href":"https:\/\/e.kosmolat.eu\/lv\/wp-json\/wp\/v2\/media?parent=108491"}],"wp:term":[{"taxonomy":"product_cat","embeddable":true,"href":"https:\/\/e.kosmolat.eu\/lv\/wp-json\/wp\/v2\/product_cat?post=108491"},{"taxonomy":"product_tag","embeddable":true,"href":"https:\/\/e.kosmolat.eu\/lv\/wp-json\/wp\/v2\/product_tag?post=108491"}],"curies":[{"name":"wp","href":"https:\/\/api.w.org\/{rel}","templated":true}]}}