{"id":108475,"date":"2026-05-09T02:19:00","date_gmt":"2026-05-09T02:19:00","guid":{"rendered":"https:\/\/e.kosmolat.eu\/product\/hes-matic-velas-mazg-pulveris-white-color-1-5-kg\/"},"modified":"2026-05-09T02:19:13","modified_gmt":"2026-05-09T02:19:13","slug":"hes-matic-velas-mazg-pulveris-white-color-1-5-kg","status":"publish","type":"product","link":"https:\/\/e.kosmolat.eu\/lv\/product\/hes-matic-velas-mazg-pulveris-white-color-1-5-kg\/","title":{"rendered":"Hes Matic Ve\u013cas mazg.pulveris White &#038; Color, 1.5 kg"},"content":{"rendered":"<p>Nodro&scaron;ina efekt\u012bvu ve\u013cas mazg\u0101&scaron;anu. No\u0146em traipus, net\u012brumus un nepat\u012bkamas smakas. Piem\u0113rots baltiem un kr\u0101sainiem audumiem.<\/p>\n<p><strong>Lai pan\u0101ktu lab\u0101ku rezult\u0101tu:<\/strong><\/p>\n<p>&bull; &Scaron;\u0137irojiet balto un kr\u0101saino ve\u013cu<\/p>\n<p>&bull; Mazg\u0101jiet ieteicamaj\u0101 temperat\u016br\u0101<\/p>\n<p>&bull; Iepriek&scaron;mazg\u0101&scaron;ana nav nepiecie&scaron;ama<\/p>\n<p><strong>Instrukcija:<\/strong><\/p>\n<p>Devas lielums ir atkar\u012bgs no:<\/p>\n<p>&bull; net\u012br\u012bbas pak\u0101pes<\/p>\n<p>&bull; \u016bdens ciet\u012bbas<\/p>\n<p>Piem\u0113rs:<\/p>\n<p>&bull; 1 v\u0101ci\u0146&scaron; &asymp; 120 ml<\/p>\n<p>&bull; Ja \u016bdens ir m\u012bksts &mdash; maz\u0101k l\u012bdzek\u013ca<\/p>\n<p>&bull; Ja \u016bdens ir ciets &mdash; vair\u0101k<\/p>\n<p>Piem\u0113rots autom\u0101tiskaj\u0101m ve\u013cas mazg\u0101jamaj\u0101m ma&scaron;\u012bn\u0101m.<\/p>\n<p><strong>Dro&scaron;\u012bbas pas\u0101kumi:<\/strong><\/p>\n<p>&bull; Glab\u0101t b\u0113rniem nepieejam\u0101 viet\u0101<\/p>\n<p>&bull; Izvair\u012bties no saskares ar ac\u012bm un \u0101du<\/p>\n<p>&bull; Vajadz\u012bbas gad\u012bjum\u0101 lietot aizsardz\u012bbas l\u012bdzek\u013cus<\/p>\n<p><strong>Saskares gad\u012bjum\u0101:<\/strong><\/p>\n<p>&bull; Ja nok\u013c\u016bst ac\u012bs: izskalot ar \u016bdeni<\/p>\n<p>&bull; Ja nok\u013c\u016bst uz \u0101das: nomazg\u0101t ar \u016bdeni<\/p>\n<p>&bull; Ja nor\u012bts: v\u0113rsties pie \u0101rsta<\/p>\n<p>&nbsp;<\/p>\n<p><strong>&nbsp;GHS07<\/strong><\/p>\n<p><strong>Br\u012b<\/strong><strong>din\u0101jums<\/strong><\/p>\n<p><strong>H302<\/strong> Kait\u012bgs, ja norij.<\/p>\n<p><strong>H315<\/strong> Kairina \u0101du.<\/p>\n<p><strong>H319 <\/strong>Izraisa nopietnu acu kairin\u0101jumu.<\/p>\n<p>P101 Medic\u012bniska padoma nepiecie&scaron;am\u012bbas gad\u012bjum\u0101 attiec\u012bg\u0101 inform\u0101cija ir nor\u0101d\u012bta uz iepakojuma vai eti\u0137etes.<\/p>\n<p>P102 Sarg\u0101t no b\u0113rniem.<\/p>\n<p>P103 Pirms izmanto&scaron;anas izlas\u012bt eti\u0137eti.<\/p>\n<p>P264 P\u0113c izmanto&scaron;anas rokas k\u0101rt\u012bgi nomazg\u0101t.<\/p>\n<p>P280 Izmantot aizsargcimdus\/ acu aizsargus.<\/p>\n<p>P302+P352 SASKAR\u0112 AR \u0100DU: nomazg\u0101t ar lielu ziepju un \u016bdens daudzumu.<\/p>\n<p>P305+P351+P338 SASKAR\u0112 AR AC\u012aM: uzman\u012bgi izskalot ar \u016bdeni vair\u0101kas min\u016btes. Iz\u0146emt kontaktl\u0113cas, ja t\u0101s ir ievietotas un ja to ir viegli izdar\u012bt. Turpin\u0101t skalot.<\/p>\n<p>P332+P313 Ja rodas \u0101das iekaisums: l\u016bdziet medi\u0137u pal\u012bdz\u012bbu.<\/p>\n<p>P337+P313 Ja acu iekaisums nep\u0101riet: l\u016bdziet medi\u0137u pal\u012bdz\u012bbu.<\/p>\n<p>P362 Novilkt pies\u0101r\u0146oto ap\u0123\u0113rbu un pirms atk\u0101rtotas lieto&scaron;anas izmazg\u0101t.<\/p>\n","protected":false},"excerpt":{"rendered":"<p>Nodro&scaron;ina efekt\u012bvu ve\u013cas mazg\u0101&scaron;anu. No\u0146em traipus, net\u012brumus un nepat\u012bkamas smakas. Piem\u0113rots baltiem un kr\u0101sainiem audumiem. Lai pan\u0101ktu lab\u0101ku rezult\u0101tu: &bull; &Scaron;\u0137irojiet balto un kr\u0101saino ve\u013cu &bull; Mazg\u0101jiet ieteicamaj\u0101 temperat\u016br\u0101 &bull; Iepriek&scaron;mazg\u0101&scaron;ana nav nepiecie&scaron;ama Instrukcija: Devas lielums ir atkar\u012bgs no: &bull; net\u012br\u012bbas pak\u0101pes &bull; \u016bdens ciet\u012bbas Piem\u0113rs: &bull; 1 v\u0101ci\u0146&scaron; &asymp; 120 ml &bull; Ja \u016bdens [&#8230;]\n","protected":false},"featured_media":0,"template":"","meta":[],"product_cat":[1484],"product_tag":[],"class_list":{"0":"post-108475","1":"product","2":"type-product","3":"status-publish","5":"product_brand-hes-tr","6":"product_cat-1484","8":"first","9":"instock","10":"taxable","11":"shipping-taxable","12":"product-type-simple"},"_links":{"self":[{"href":"https:\/\/e.kosmolat.eu\/lv\/wp-json\/wp\/v2\/product\/108475","targetHints":{"allow":["GET"]}}],"collection":[{"href":"https:\/\/e.kosmolat.eu\/lv\/wp-json\/wp\/v2\/product"}],"about":[{"href":"https:\/\/e.kosmolat.eu\/lv\/wp-json\/wp\/v2\/types\/product"}],"wp:attachment":[{"href":"https:\/\/e.kosmolat.eu\/lv\/wp-json\/wp\/v2\/media?parent=108475"}],"wp:term":[{"taxonomy":"product_cat","embeddable":true,"href":"https:\/\/e.kosmolat.eu\/lv\/wp-json\/wp\/v2\/product_cat?post=108475"},{"taxonomy":"product_tag","embeddable":true,"href":"https:\/\/e.kosmolat.eu\/lv\/wp-json\/wp\/v2\/product_tag?post=108475"}],"curies":[{"name":"wp","href":"https:\/\/api.w.org\/{rel}","templated":true}]}}