{"id":108471,"date":"2026-05-09T02:18:40","date_gmt":"2026-05-09T02:18:40","guid":{"rendered":"https:\/\/e.kosmolat.eu\/product\/hes-elde-velas-pulv-mazgasanai-ar-rokam-15-kg\/"},"modified":"2026-05-09T02:18:53","modified_gmt":"2026-05-09T02:18:53","slug":"hes-elde-velas-pulv-mazgasanai-ar-rokam-15-kg","status":"publish","type":"product","link":"https:\/\/e.kosmolat.eu\/lv\/product\/hes-elde-velas-pulv-mazgasanai-ar-rokam-15-kg\/","title":{"rendered":"Hes Elde Ve\u013cas pulv.mazg\u0101\u0161anai ar rok\u0101m, 1,5 kg"},"content":{"rendered":"<p>HES ELDE pulveris ir paredz\u0113ts mazg\u0101&scaron;anai ar rok\u0101m un pusautom\u0101tiskaj\u0101m ve\u013cas ma&scaron;\u012bn\u0101m.<\/p>\n<p>Efekt\u012bvi no\u0146em pat gr\u016bti izt\u012br\u0101mus traipus zem\u0101 temperat\u016br\u0101. Piem\u0113rots ikdienas ve\u013cas mazg\u0101&scaron;anai.<\/p>\n<p><img decoding=\"async\" alt=\"\" src=\"data:image\/png;base64,iVBORw0KGgoAAAANSUhEUgAAAEMAAABFCAYAAAFmlGv4AAAAAXNSR0IArs4c6QAAAARnQU1BAACxjwv8YQUAAAAJcEhZcwAAFxEAABcRAcom8z8AABYpSURBVGhDzVsJfFRF0o+LitxHIOQ+ICEkgYQrHIKAgCtyiSwo64ki4oHK4aerqwK6ivsBXsAeKq6IIgrLohyyKgpyKIooSuZMMjM5Jwe5JpNkrtRXVf3eHJk7AX7f\/\/d7mff69euurqqurqruREAb1Oz7ULpzwaNS2TMr+bf+4Kf8K8NZ6cI\/34BW\/DWZGvi5Wfkb\/xK4Ut1nu7kCITYpQboDsBpL+Deido8nDQkDk6U7gFZLC1gMBaIlZUYstLaKttasXcu\/9Jw\/PZfvnTSp0gfgG4CTp07hTytoctOlN21GpxyG9GALqiwXXQSPSoS8yKukOxc8Ktkddu7KHc4KRKR6SCwoc5KdAyC4CE7pK90BqIe6aImguqqsRH54+91t8Mabb\/C9dmQq\/0aohw\/iGxk2m026Ax42d2H802Nc4I786WOYFq5A3VRt3uAkTr9oJjike9co8Krd9zGUPnK3x0CdFfzBfwVspgxpU49Ihfov90uFvuHVCNFa8cpa0GQmSSUCquEpYP7+pPTkCddY8OPqtzeDEqUiY8bMmRCfkgRZI3KkEhTGqFRoUf4iPQlwI6ZvvwTV4GgucMfZs2chDhupr6+XSgRaW+0sNEeTiZ8j7PhHlREHJY\/eywVtcUVnb40jrmsnDgPd7El4L8lOhnJoIpSvfcopmqPHjkFcchLU1NTwswMpKJwxEbSTh\/OzDJ\/SUQ2Jhup3tjoVwmF3QNGSBaBC5XSXvQyfjchQIJPLVj4AyrQobFAq9IGAjYSKgI047DRLgyNgI5qRg0CRihYmCPw2ohqWBKaTx6Dyr2tBnR4TkCKvRqiyOicFTEf\/KwoQxjVPodmI99uQVyPKnESo3b9XehJobXVA6RMPedlCGR6NqLLiofbAHukJICo+FgYkxPM9ibhk5VJQZw8EB5e4wI0QmTTxLnz4Dj060Sc6Crr26SU9iXr6exbijB7oMTRuRJUeDeWvvuA15r7YSKcunZ2aSyBTpls4G9RjMqQSbESRGQfVr7\/ik2l9o\/pB9uiR0pMn9HfOA+3YTL6PaC5Qo41I44e2WLzkPrh\/2VLpyQVHUyPqEK5IDsGdCOJ80y8\/oV6kcIE7jBVGyC8okJ4QErma0elgNwtbQnBKx\/z9CVCjgrmj14B+EHF1J+lJtJE\/cgg4GsWaLcPZCPGu\/uBnoMkZKJV4Q507GGwV5dKTCx56QlKoP7yfLV1baEakgaVAIz15wqMRGbWfvI\/zRdhcGoIKp4Gl0sjPvuCzEYcDLf8\/XgUVip8mYrNaIb3xDZ+NEIhHFZtehMafTtGTKPQDv42Eg3Y1Ik+D4kfvA0VsD\/TGxKR1nx7hIixCiN+k56WrH8Z1fhBoh6eC8fkncCVJxKU7Huq+PiwqtgOhEYIDpbFW\/u8atiTK1Cg2njx+5AL9Vrz0Z1CSQmTGgvnEsSDS9EZAQmRWV\/51HS7SCaBEFTZJo27bkVy3\/MWnkVsDkaB4MJ\/6huuFIjLfhEgfksNDzqQmMwHqDnv682fQb+kzoD90Q\/vbrVcP+Pbb49IbgZKVy1h86qFJ6BD9GpRDHoTIlev27AQ1WgLloH5Q88E2aVTinYxHHl0O\/eJiICY5AfrGDIBbFi6Q3ggQF+iT4mV3oDiTQYMitRlLxTv+6wkmBHWQ0XDkECgHD0BnPB6q393KZb4+Ihz8\/BD0Ro7EJiXC73BBOfvTT9IbT4jvW0F\/1zy0yqmsY\/bqClR6z5YjaBY0\/nACFDh60v6KDS+IN0FQWVmJnIhit3IArrNms1l64wfYbyuGI4Xzp4EG1yYy1I7mRuklEmI+fRLUSKka44PSVcu40IFrUChIHZLOhNw48yapJDhsyI3CWRNBhcQY7pjD3CE4daRFdR6U2YnMulL0h4mUYNregpHhuXPnoKWlRSrxDTtxw9IEmvHZGBANgUL0nR02q\/RWwE1ZW4Ecc\/PpU7xkqUamQdm6J8UbH\/Q0NDRA565dICoxDiJRV5qbm6U3LtBnNCDNjPHI9SGQP2UEOBrqvPSD4DV9ZS40fnuEfXKyB8b1z3OZO4dMJhPEYHAd0ekKyMjOAovFIr0h0dKQ0HGZO5V9FfX4TLDjsundvQtehLiDPjR9dZijZ1VWHFS9uYFH6A+ybulvuwltSBrqQSrYaqoDEiAjICEE2R7U7nofFGn92X2t\/fh98VKC3FHxw3ejvcApily0GApRN0IhQSAoITJksdR+8A7qUCyo0d40HPqMy0pXP4Bu8SCOhFqU57ksXIRMiBNID5FU9beN2Dmaf3ReKXRtUv8Skgj8IXxCJMgcMh0\/wr\/uitwetIsQ6pTUsu7LT8FaYghLF3whbCJkxbVWloEyIwYKpo\/lcjnv0h6ETwRelrJiUKb0xZhkMEZIaKAmi8CnvXSETAS1TyKwVleyU6QZngJlqx6EglmTcOEaDIVTc5kKhxQohYOQiGAR4GUz1YMaHSPK9hhum8OdWokrKBb1qAwonDPFWT8chEQEydtmLAc1+Z+4KusXulZWemdvQOIwXlePHgz6BTMCWlpfCEoEaX4rLlya7BTmgJ6yS3axZrjD0WTGyDKeTbj+DzOEaEJ0G\/wSQXOARukwN6LypbNPorthHJf5YjeVW0qKQJ3aH9Royg2L5zvLg8EnEfQZfWuvvQCaMYPZRyj4\/TjxMgCIOEs56giuypSELXnkblHOf\/3DNxHYWGsLimACOimj0qFwyih04VystaM4Ftx2K3Tt0Q269uzB3heVMeUIS7URZ1AMi7B4+T1cRpz1By8iWARIQP7Usewv5k\/MBgd6WO744fRpuBIdYcrPx6ckwzW9uoNCqeR3clctOg1695Gcyij7n4e4zN+s8SYCFYxkTzqgHZeFRDm8tN1gMEDnnt0hNjkRYlNEiKDX66W3AtRfc945XmUpXql48SlRzn894SSC\/USrBQpmX8dumgoNEPJEeuuNTt26sCNMV2JqCruCbUEdNimREFRWFRJStUFsWrQFE8HTEN123fwb2PpR7sVhNgWQIkBUXCzEJCYwEZnZw3yyWi4x\/3gcFCkoGvTYKja+yGXuPmgEKyH6ivpFszluoPSKrabKr\/xk3DhrJvSPFRHbddf7t5RyScOxL0GFQbhqSBxU\/+M1LpPrMyf0d93CjqoStdmOmh24e4F1L6yDXlH9MIaNguWPLZdKA6Meg3AluozKrHi4sOOfUikSobt9nshVTBgGVmMZF4ZCxNdHjkCX3j1ZQXfu2iWVBoJoteGrQyjuFPZLK15Zw2URxhefFqvimExo\/lWKPYOIgnA+L4+j+IhOv4NyXFeCgcWOv9XbNiPXB4NyYCTU79\/N71gcpX96FFTZSRy1txSI+R4I1GBZWRl06dUTIiK8ZrlfVO94C\/3SGA7QTce+kEolImjkZZSdxpBfmRaNTos+pJWwUKeDwsLCgD6EbCkv7Kb8Yhwn9xsO7+MyGUyEA6cnoejBu5AjKK8hMayg\/pqWtfpf29+Dt9\/Zxvc+IdWrP\/QfthUKNFw1n2znMiJPhpOX8rJrWLIINKioecg2W4VQVF\/Y+OpGuBINFiXGn18rFMwTggd1337B6QklTs2a9\/4mXrWBt0DtNtAtmouEYGQ1NAHsGG17ew8AWcNzIDohjo3ViNGjpVIXaEgNGOeqsXPeHti2RbzwAS8i5PVfhx4SG69hSeg51TlFIGP33n+zUtK1\/8ABqdQlqsajyAF0hlWZCVC5dQOXebbggjcnEHZaSBC62dfzdNJSsFspEh4EuaPikmLQFxn4niArYeO5H3EGYKQ\/NB4q1z\/HZbJ++IJPIgj0TavNinHFOHTtMewfm45unc3vaAgkAtrAV+IaocpOhvLnRe4jGPwSQb3JHRbS0o4cyZ88AuxNTV6iIYqJgKaz37PnTYpd9swK6VUgsgX8EyGBV1j8JQIoF1U4fTQ4TA1OAuU+WpADJH\/VsGQofVxs4IQaggQlgtDqQLfeZgPt2CHMkUL0OUg0BOqHdkXUyH7ayi5Zfr8gMAQOyAiNCLzY7bOg34mEaEei5z13MuqMnTlA2R2KOUqWL3HWDwchEUGghsletNpakBupeKVByUN3gRbjUHKCiu67VdSTs7hhIGQiZFAfjsY6dn7UozEeGYkBEYaE3HUYInBH2EQQqCvyvigoLrrjZtaL9nUv0C4iCNSp+expsFWhJ9YRChDtJuJi4rISQRZHFp3VkA+G+xZwkkVOUTJDO8jVjuCyMIOdL0l3rEV6KH\/mcTiPbibZuPwJOaBI6gP508ZCw38PMC\/4wvodVbdwcUmY4T4gGZaqSih5bhW71Bo0eVqMeCktS5c6VywK6oxYKJgyAhqPfYWmUSwOoh2+veS4NJrhJlW71Qzlz67gqEc5LJFNLQ1at\/AmaP75DNgw8qp8Yz17Qqrh6MCMSmfHVDfnejAdEadfLhMvLi4zyHuX0812NPFGDPkUFBAjI+hcBx1tMdw+h3eiZcjaY6uqAOP6Z3F9SmQfl874KVJ648o9DRpPHOU6ZG9CyYe1FxeFGUygRKP9QjX6umsw+huAWjAIL2RCVgIUzp0CDV8IJ52qumcb6dCMnL5wNDeD8c8r+FwUxWXkRVBsZpg1CczfHccOpHiEql9kxnSYGTI5DpzjVZv+whKl41VkE9QZ8WgYc6H+6JdOBzGQK0xvZBbZqqug7NmVnOFg\/39EGihRw4oWL4SmH+nMiqvvi4V2MYMGRNrAxNfXQfXWjawFyow4yB+TgdFQFGhnTOTVQUYgJniB6krVrRgklz21nA0vaQudsaD2DUv\/CE2\/nuU6vFyH074fhMwMHjgxQOrUXlcL1W9vAc24LE4batALp1PBmkk5UPvvnVyHQMuqO6F2fKZ8x6nvvoOPdn0Em157Fbbv2AEnTp4AtVoNVqvY9uapg3WdmlKLq9Ej96LdiUVDOxA0aIw1aHRLVyzFaPBXZiD10hGmhMUMvnA60BZqwfRctPoxvCxSUEap0dr9ezi05fo+iNIbDPD4ypVwdddroHOPbtCzX19ODvbqFwlXYVmv\/pFw79L7obRMSplITXA4JN1bSnTIlMWgTO4jBJCD8Rj2X47a06L1zHqHi6DMkLNVrRgm13\/0HuRPyoa8NMoF4nRIi2LNIA9SlmAgwZw5cwbmL1wA3fv25mOalDmnowKUrqUjmz2QOSPH5oJKpZK+8I+mfAUUP3A7Tp\/+wsjiCkRLtvGZx8BaUijVCg8+mcFhmDQq2hao27cLCm6awJqgGZUBKjSMmtFpcGG7K21LtYNpqLmxEV5a\/zJ0Qi2grQPeRsArDi\/SimhkzIrVq6CiwpWxaQvSODrVJnfVolWA4e75uIRH84EROlmoQc+2YsM6j5NJ8ngCwYMZPCBxSyrBR+R1N0\/lFCFtU5FNUGUncOKUdo9C7cQde\/6zFzr36sFnv+ikEzNjYBJc1aMrDMoYDHvxvctuBG6bp4903\/TzD2C482bIS+krpi7RitOn6rWXMaytdI0rAJzMoIbFB61gOv416BfOABVOB05Xp6NtQINVSQ03igOx4bHAhW+OfgOZOcOgd3QUTo04iEsS+zt0Fp+miLE8eDq9LYgWmR7TySOgW3Aj2pR+oEXt5eMhI1KhcssGPqHlXrctIpySRettOvk16BbNBOVAXMaoIVodkAl0pMxmqhX1CGFqgzvy8\/PhgQeX8YFquogRZD+69e4J8+bfAvXShhdpRTgrA1V1DgUv06lvQPeH34MCnT+a0ixYZMqFf20Bu1n00Xali3BYLNB47izoFy\/gswuUqKIdGw0aJCPOO2ulkBTZkY6e7CDQeart77\/HjOge2Yf3P7tH9sYpkg4bNm0KegotGEi\/Ze+W9t4bPt+HU30aerGxGBSi0UdvmHJhtR+\/h5rS5LE5HGF8+Tn+9yJFUm\/QTh7FxjF\/ai40njkhVbn4+OnsWYhEA3pNz+68IUwnJMdPmQQnvzsVljYEg+zi2+uqoXzNavRR0LiOwygZmXK+ewQYcDo15wnHjcA2w1JdAaVrn+B\/GKM0NmmGIjkSipfcCs3nf+aKbFM6SKj8PTlXY68dDz0i++IKEs+bC7NmzxJb9B0E9SFPfXtjA1T9fRNrO29u43Sh3TLdnCnQ+KO3sCNITeQhtqh+g9KVSzm2oKSilhpBppQ+vgRsFUVch+q2lynyd7RaHDz8OeROuBb69+8P10+9Hg4cOsjv2gM2\/di2TJaj2Yxe8EegHo\/e8RDyidL5TDf9b1PdVwfZMaSqbQXstpq4XN9mxa9QtOxOtsTk+tK5BdqDpGOxVgzNLxXay2QC0U5f1x3YA1oMCRTkGFLaIHUAZ9Fq9+6EVmtge+TyM6glvIjLMknmn3+Eogfu4KVVhVNHnZMEKlxpyv\/yNFjKJYcmjAHIdYuKDLBq9WqIR3txxTVXQ7+YaFixaiXo9LrQ28NqJFliAl10orvghnGQl9QH\/Qx0DFEjtNdlw4Vd77KmOBGgeQ+nSwYzxG36NJ0+DkV0MCETXV708ui\/wJQpkWiUngA7Rq0EWm1CGcfp06dhIhpLcr37xUaz9xmdiHbj6k4w5tproabWbQn3AWKWfKqX9qQbcO4XTBstQn1KH6RHQ8Gk4VCz\/S1wSD4Ra00IxPlkhjsoyuSu8bfxu+Ogmzcdp08cOmO4duMypcxOgvJ1T\/JhmlDw22+\/wez586BLnx58zJ20g5yviKuv5OMkdXWCucHQcOoo5N8wVpyZQNtGq6AaVwo69mqvFwyl4YcgHyeCMkMGMVZumHKTultuYKOkIZUcipEjMqh6M3p5GNoTfElCLqPz\/W9u2cxO1sRJ18Hcm+fC+x\/u4He+wNog9d545nvQozOlTOzF2wwkEM1I9DBfX8\/H8DuCkJlBECrqGqTp0KdQOH0srz60fClGJIMCvdbKjS+Bo0H8ryxX9+ZLUNB3slGnz5tVeVA4ZzIGZBilkmHMSoR87LN83dNgrxZGnbvCD9vRHSMsZsigHUx2ZeneZmNN0eA8VdHRPUrk4ipESZ7qdza7pfsEocEoZea5VWpBP6do8S0iGkUjrhqOPhC2T6d5rMZyQQNd4sMOoV3McAev1dJ9\/aF96L2iMRsUCVqMHJXpyJQJ2VCzcxufEiUEJBrfyZrXdP4X\/kchSvep6HhzTipOxRjegLIaRL6CjPbFRIeZQRASd1FWu3snJ3GVQ9HQ5qLjhvakcNoYqPvkAxEPYB2ZKfTjnp+g0wTF997KA+f\/KUPnT4XBYsmDd4OtzJWfYCvi1ufFwEVhhgySKq0+fI+Drtm9g0N\/BQ0Mpw9Z\/sJ5U6Dh0F4cjagnD4eSNKWP3QtqOrZFiV+sn4dGsmjJIrCWlnAd2X5cKlxUZsggouWDLWg04MK7W9nYkTfI+RE0grQamb8\/DhZNHpSvfRJtQixnv1mjMHoufvgeZJCaWnBOnUuNS8IM1n2ZGRIcdgtU\/\/1V1JRkDqPpf7d5o4j+ExKXZzq2pkwbAPo\/zoFmvZa\/Ed9jO5eHF5eIGW1Ac1s2dnZTHVS99ToffSVGaMcNBUViT9AvmglN+SpmgLjENLqcuCzMkOHOFKuxBEoeuw8KbrwW6veL\/5Nmm3C51MAHLisz\/n8D4P8AaQAOrDiATFIAAAAASUVORK5CYII=\" \/><strong>&nbsp;GHS07<\/strong><\/p>\n<p><strong>Br\u012b<\/strong><strong>din\u0101jums<\/strong><\/p>\n<p><strong>H302<\/strong> Kait\u012bgs, ja norij.<\/p>\n<p><strong>H315<\/strong> Kairina \u0101du.<\/p>\n<p><strong>H319 <\/strong>Izraisa nopietnu acu kairin\u0101jumu.<\/p>\n<p>P101 Medic\u012bniska padoma nepiecie&scaron;am\u012bbas gad\u012bjum\u0101 attiec\u012bg\u0101 inform\u0101cija ir nor\u0101d\u012bta uz iepakojuma vai eti\u0137etes.<\/p>\n<p>P102 Sarg\u0101t no b\u0113rniem.<\/p>\n<p>P103 Pirms izmanto&scaron;anas izlas\u012bt eti\u0137eti.<\/p>\n<p>P264 P\u0113c izmanto&scaron;anas rokas k\u0101rt\u012bgi nomazg\u0101t.<\/p>\n<p>P280 Izmantot aizsargcimdus\/ acu aizsargus.<\/p>\n<p>P302+P352 SASKAR\u0112 AR \u0100DU: nomazg\u0101t ar lielu ziepju un \u016bdens daudzumu.<\/p>\n<p>P305+P351+P338 SASKAR\u0112 AR AC\u012aM: uzman\u012bgi izskalot ar \u016bdeni vair\u0101kas min\u016btes. Iz\u0146emt kontaktl\u0113cas, ja t\u0101s ir ievietotas un ja to ir viegli izdar\u012bt. Turpin\u0101t skalot.<\/p>\n<p>P332+P313 Ja rodas \u0101das iekaisums: l\u016bdziet medi\u0137u pal\u012bdz\u012bbu.<\/p>\n<p>P337+P313 Ja acu iekaisums nep\u0101riet: l\u016bdziet medi\u0137u pal\u012bdz\u012bbu.<\/p>\n","protected":false},"excerpt":{"rendered":"<p>HES ELDE pulveris ir paredz\u0113ts mazg\u0101&scaron;anai ar rok\u0101m un pusautom\u0101tiskaj\u0101m ve\u013cas ma&scaron;\u012bn\u0101m. Efekt\u012bvi no\u0146em pat gr\u016bti izt\u012br\u0101mus traipus zem\u0101 temperat\u016br\u0101. Piem\u0113rots ikdienas ve\u013cas mazg\u0101&scaron;anai. &nbsp;GHS07 Br\u012bdin\u0101jums H302 Kait\u012bgs, ja norij. H315 Kairina \u0101du. H319 Izraisa nopietnu acu kairin\u0101jumu. P101 Medic\u012bniska padoma nepiecie&scaron;am\u012bbas gad\u012bjum\u0101 attiec\u012bg\u0101 inform\u0101cija ir nor\u0101d\u012bta uz iepakojuma vai eti\u0137etes. P102 Sarg\u0101t no b\u0113rniem. [&#8230;]\n","protected":false},"featured_media":0,"template":"","meta":[],"product_cat":[1484],"product_tag":[],"class_list":{"0":"post-108471","1":"product","2":"type-product","3":"status-publish","5":"product_brand-hes-tr","6":"product_cat-1484","8":"first","9":"instock","10":"taxable","11":"shipping-taxable","12":"product-type-simple"},"_links":{"self":[{"href":"https:\/\/e.kosmolat.eu\/lv\/wp-json\/wp\/v2\/product\/108471","targetHints":{"allow":["GET"]}}],"collection":[{"href":"https:\/\/e.kosmolat.eu\/lv\/wp-json\/wp\/v2\/product"}],"about":[{"href":"https:\/\/e.kosmolat.eu\/lv\/wp-json\/wp\/v2\/types\/product"}],"wp:attachment":[{"href":"https:\/\/e.kosmolat.eu\/lv\/wp-json\/wp\/v2\/media?parent=108471"}],"wp:term":[{"taxonomy":"product_cat","embeddable":true,"href":"https:\/\/e.kosmolat.eu\/lv\/wp-json\/wp\/v2\/product_cat?post=108471"},{"taxonomy":"product_tag","embeddable":true,"href":"https:\/\/e.kosmolat.eu\/lv\/wp-json\/wp\/v2\/product_tag?post=108471"}],"curies":[{"name":"wp","href":"https:\/\/api.w.org\/{rel}","templated":true}]}}