{"id":108455,"date":"2026-05-09T02:03:36","date_gmt":"2026-05-09T02:03:36","guid":{"rendered":"https:\/\/e.kosmolat.eu\/product\/helia-d-plex-active-barojosa-matu-ella-50-ml\/"},"modified":"2026-05-09T02:03:49","modified_gmt":"2026-05-09T02:03:49","slug":"helia-d-plex-active-barojosa-matu-ella-50-ml","status":"publish","type":"product","link":"https:\/\/e.kosmolat.eu\/lv\/product\/helia-d-plex-active-barojosa-matu-ella-50-ml\/","title":{"rendered":"Helia-D Plex Active Barojo\u0161a matu e\u013c\u013ca, 50 ml"},"content":{"rendered":"<p>Barojo&scaron;a matu e\u013c\u013ca, kas kopj, stiprina un aizsarg\u0101 sausos, sa&scaron;\u0137eltus matu galus. Regul\u0101ri lietojot, mati k\u013c\u016bst mirdzo&scaron;\u0101ki un viegl\u0101k \u0137emm\u0113jami. Dermatolo\u0123iski p\u0101rbaud\u012bts.<\/p>\n<p><strong>Galven\u0101s akt\u012bv\u0101s sast\u0101vda\u013cas:<\/strong> E vitam\u012bns, barojo&scaron;as augu e\u013c\u013cas.<\/p>\n<p><strong>Lieto&scaron;ana:<\/strong> &Scaron;is ir Helia-D Plex Active kop&scaron;anas sist\u0113mas 6. solis. Maksim\u0101lam efektam ieteicams izmantot visu kop&scaron;anas kompleksu. Uzkl\u0101jiet 1&ndash;2 devas e\u013c\u013cas svaigi mazg\u0101tos, ar dvieli nosusin\u0101tos matos vis\u0101 to garum\u0101 un galos. Neizskalot. Izvairieties no saskares ar ac\u012bm. Ja produkts iek\u013c\u016bst ac\u012bs, nekav\u0113joties t\u0101s r\u016bp\u012bgi izskalot ar \u016bdeni.<\/p>\n","protected":false},"excerpt":{"rendered":"<p>Barojo&scaron;a matu e\u013c\u013ca, kas kopj, stiprina un aizsarg\u0101 sausos, sa&scaron;\u0137eltus matu galus. Regul\u0101ri lietojot, mati k\u013c\u016bst mirdzo&scaron;\u0101ki un viegl\u0101k \u0137emm\u0113jami. Dermatolo\u0123iski p\u0101rbaud\u012bts. Galven\u0101s akt\u012bv\u0101s sast\u0101vda\u013cas: E vitam\u012bns, barojo&scaron;as augu e\u013c\u013cas. Lieto&scaron;ana: &Scaron;is ir Helia-D Plex Active kop&scaron;anas sist\u0113mas 6. solis. Maksim\u0101lam efektam ieteicams izmantot visu kop&scaron;anas kompleksu. Uzkl\u0101jiet 1&ndash;2 devas e\u013c\u013cas svaigi mazg\u0101tos, ar dvieli [&#8230;]\n","protected":false},"featured_media":0,"template":"","meta":[],"product_cat":[1911,1346],"product_tag":[],"class_list":{"0":"post-108455","1":"product","2":"type-product","3":"status-publish","5":"product_brand-heliad_hu","6":"product_cat-new-ru","7":"product_cat-1346","9":"first","10":"instock","11":"taxable","12":"shipping-taxable","13":"product-type-simple"},"_links":{"self":[{"href":"https:\/\/e.kosmolat.eu\/lv\/wp-json\/wp\/v2\/product\/108455","targetHints":{"allow":["GET"]}}],"collection":[{"href":"https:\/\/e.kosmolat.eu\/lv\/wp-json\/wp\/v2\/product"}],"about":[{"href":"https:\/\/e.kosmolat.eu\/lv\/wp-json\/wp\/v2\/types\/product"}],"wp:attachment":[{"href":"https:\/\/e.kosmolat.eu\/lv\/wp-json\/wp\/v2\/media?parent=108455"}],"wp:term":[{"taxonomy":"product_cat","embeddable":true,"href":"https:\/\/e.kosmolat.eu\/lv\/wp-json\/wp\/v2\/product_cat?post=108455"},{"taxonomy":"product_tag","embeddable":true,"href":"https:\/\/e.kosmolat.eu\/lv\/wp-json\/wp\/v2\/product_tag?post=108455"}],"curies":[{"name":"wp","href":"https:\/\/api.w.org\/{rel}","templated":true}]}}