{"id":108447,"date":"2026-05-09T01:58:03","date_gmt":"2026-05-09T01:58:03","guid":{"rendered":"https:\/\/e.kosmolat.eu\/product\/helia-d-hydramax-sejas-tirisanas-ella-110-ml\/"},"modified":"2026-05-09T01:58:15","modified_gmt":"2026-05-09T01:58:15","slug":"helia-d-hydramax-sejas-tirisanas-ella-110-ml","status":"publish","type":"product","link":"https:\/\/e.kosmolat.eu\/lv\/product\/helia-d-hydramax-sejas-tirisanas-ella-110-ml\/","title":{"rendered":"Helia-D Hydramax sejas t\u012br\u012b\u0161anas e\u013c\u013ca, 110 ml"},"content":{"rendered":"<p>Att\u012bro\u0161a e\u013c\u013ca, kas maigi, bet efekt\u012bvi no\u0146em dekorat\u012bvo kosm\u0113tiku un net\u012brumus; piem\u0113rota visiem \u0101das tipiem. Sast\u0101v\u0101 eso\u0161ais E vitam\u012bns un jojobas e\u013c\u013ca baro un mitrina \u0101du.<br \/>\nLieto\u0161ana: Izspiediet 1\u20132 devas e\u013c\u013cas saus\u0101 plaukst\u0101 un iemas\u0113jiet saus\u0101 \u0101d\u0101. Ar mitr\u0101m rok\u0101m turpiniet mas\u0113t seju, l\u012bdz e\u013c\u013ca iz\u0161\u0137\u012bdina net\u012brumus, p\u0113c tam noskalojiet ar lielu daudzumu \u016bdens. P\u0113c e\u013c\u013cas lieto\u0161anas ieteicams izmantot sejas t\u012br\u012b\u0161anas l\u012bdzekli uz \u016bdens b\u0101zes. Izvairieties no saskares ar ac\u012bm.<\/p>\n","protected":false},"excerpt":{"rendered":"<p>Att\u012bro\u0161a e\u013c\u013ca, kas maigi, bet efekt\u012bvi no\u0146em dekorat\u012bvo kosm\u0113tiku un net\u012brumus; piem\u0113rota visiem \u0101das tipiem. Sast\u0101v\u0101 eso\u0161ais E vitam\u012bns un jojobas e\u013c\u013ca baro un mitrina \u0101du. Lieto\u0161ana: Izspiediet 1\u20132 devas e\u013c\u013cas saus\u0101 plaukst\u0101 un iemas\u0113jiet saus\u0101 \u0101d\u0101. Ar mitr\u0101m rok\u0101m turpiniet mas\u0113t seju, l\u012bdz e\u013c\u013ca iz\u0161\u0137\u012bdina net\u012brumus, p\u0113c tam noskalojiet ar lielu daudzumu \u016bdens. P\u0113c [&#8230;]\n","protected":false},"featured_media":0,"template":"","meta":[],"product_cat":[1911,1573],"product_tag":[],"class_list":{"0":"post-108447","1":"product","2":"type-product","3":"status-publish","5":"product_brand-heliad_hu","6":"product_cat-new-ru","7":"product_cat-1573","9":"first","10":"instock","11":"taxable","12":"shipping-taxable","13":"product-type-simple"},"_links":{"self":[{"href":"https:\/\/e.kosmolat.eu\/lv\/wp-json\/wp\/v2\/product\/108447","targetHints":{"allow":["GET"]}}],"collection":[{"href":"https:\/\/e.kosmolat.eu\/lv\/wp-json\/wp\/v2\/product"}],"about":[{"href":"https:\/\/e.kosmolat.eu\/lv\/wp-json\/wp\/v2\/types\/product"}],"wp:attachment":[{"href":"https:\/\/e.kosmolat.eu\/lv\/wp-json\/wp\/v2\/media?parent=108447"}],"wp:term":[{"taxonomy":"product_cat","embeddable":true,"href":"https:\/\/e.kosmolat.eu\/lv\/wp-json\/wp\/v2\/product_cat?post=108447"},{"taxonomy":"product_tag","embeddable":true,"href":"https:\/\/e.kosmolat.eu\/lv\/wp-json\/wp\/v2\/product_tag?post=108447"}],"curies":[{"name":"wp","href":"https:\/\/api.w.org\/{rel}","templated":true}]}}