{"id":108443,"date":"2026-05-09T01:57:44","date_gmt":"2026-05-09T01:57:44","guid":{"rendered":"https:\/\/e.kosmolat.eu\/product\/helia-d-hydramax-sejas-toniks-200-ml\/"},"modified":"2026-05-09T01:57:56","modified_gmt":"2026-05-09T01:57:56","slug":"helia-d-hydramax-sejas-toniks-200-ml","status":"publish","type":"product","link":"https:\/\/e.kosmolat.eu\/lv\/product\/helia-d-hydramax-sejas-toniks-200-ml\/","title":{"rendered":"Helia-D Hydramax Sejas toniks, 200 ml"},"content":{"rendered":"<p>Toniks ar 5% glikolsk\u0101bi, kas saudz\u012bgi att\u012bra un eksfoli\u0113 \u0101du. Piem\u0113rots visiem \u0101das tipiem. Satur tr\u012bs veidu hialuronsk\u0101bi, kas pal\u012bdz uztur\u0113t \u0101das mitruma l\u012bmeni.<br \/>\nLieto\u0161ana: Lietot vakar\u0101 uz att\u012br\u012btas \u0101das. Ar tonik\u0101 samitrin\u0101tu vates disku not\u012br\u012bt sejas un kakla \u0101du. Nelietot uz jut\u012bgas, boj\u0101tas vai kairin\u0101tas \u0101das. Izvair\u012bties no lieto\u0161anas ap ac\u012bm un saskares ar ac\u012bm. P\u0113c lieto\u0161anas turpin\u0101t ierasto \u0101das kop\u0161anas rut\u012bnu. Dienas laik\u0101 oblig\u0101ti lietot saules aizsargl\u012bdzekli ar SPF vismaz 30. Uzglab\u0101t temperat\u016br\u0101 no +5\u202f\u00b0C l\u012bdz +25\u202f\u00b0C.<\/p>\n","protected":false},"excerpt":{"rendered":"<p>Toniks ar 5% glikolsk\u0101bi, kas saudz\u012bgi att\u012bra un eksfoli\u0113 \u0101du. Piem\u0113rots visiem \u0101das tipiem. Satur tr\u012bs veidu hialuronsk\u0101bi, kas pal\u012bdz uztur\u0113t \u0101das mitruma l\u012bmeni. Lieto\u0161ana: Lietot vakar\u0101 uz att\u012br\u012btas \u0101das. Ar tonik\u0101 samitrin\u0101tu vates disku not\u012br\u012bt sejas un kakla \u0101du. Nelietot uz jut\u012bgas, boj\u0101tas vai kairin\u0101tas \u0101das. Izvair\u012bties no lieto\u0161anas ap ac\u012bm un saskares ar [&#8230;]\n","protected":false},"featured_media":0,"template":"","meta":[],"product_cat":[1911,1579],"product_tag":[],"class_list":{"0":"post-108443","1":"product","2":"type-product","3":"status-publish","5":"product_brand-heliad_hu","6":"product_cat-new-ru","7":"product_cat-1579","9":"first","10":"instock","11":"taxable","12":"shipping-taxable","13":"product-type-simple"},"_links":{"self":[{"href":"https:\/\/e.kosmolat.eu\/lv\/wp-json\/wp\/v2\/product\/108443","targetHints":{"allow":["GET"]}}],"collection":[{"href":"https:\/\/e.kosmolat.eu\/lv\/wp-json\/wp\/v2\/product"}],"about":[{"href":"https:\/\/e.kosmolat.eu\/lv\/wp-json\/wp\/v2\/types\/product"}],"wp:attachment":[{"href":"https:\/\/e.kosmolat.eu\/lv\/wp-json\/wp\/v2\/media?parent=108443"}],"wp:term":[{"taxonomy":"product_cat","embeddable":true,"href":"https:\/\/e.kosmolat.eu\/lv\/wp-json\/wp\/v2\/product_cat?post=108443"},{"taxonomy":"product_tag","embeddable":true,"href":"https:\/\/e.kosmolat.eu\/lv\/wp-json\/wp\/v2\/product_tag?post=108443"}],"curies":[{"name":"wp","href":"https:\/\/api.w.org\/{rel}","templated":true}]}}