{"id":108435,"date":"2026-05-09T01:56:56","date_gmt":"2026-05-09T01:56:56","guid":{"rendered":"https:\/\/e.kosmolat.eu\/product\/helia-d-hydramax-micelerais-udens-kosmetikas-nonemsanai-400-ml\/"},"modified":"2026-05-09T01:57:11","modified_gmt":"2026-05-09T01:57:11","slug":"helia-d-hydramax-micelerais-udens-kosmetikas-nonemsanai-400-ml","status":"publish","type":"product","link":"https:\/\/e.kosmolat.eu\/lv\/product\/helia-d-hydramax-micelerais-udens-kosmetikas-nonemsanai-400-ml\/","title":{"rendered":"HELIA-D HydraMax Micel\u0113rais \u016bdens kosm\u0113tikas no\u0146em\u0161anai, 400 ml."},"content":{"rendered":"<p>Maigi att\u012bra un kopj \u0101du, ar divk\u0101r\u0161u iedarb\u012bbu \u2014 no\u0146em kosm\u0113tiku un mitrina \u0101du acu un l\u016bpu zon\u0101. Satur micellas, kas saudz\u012bgi att\u012bra net\u012brumus, un provitam\u012bnu B5, kas baro \u0101du un pal\u012bdz atjaunot \u0101das mitruma l\u012bmeni.<\/p>\n<p>LIETO\u0160ANA: No r\u012bta un vakar\u0101 att\u012br\u012bt seju acu un l\u016bpu zon\u0101s ar vates disku, kas samitrin\u0101ts ar l\u012bdzekli. Nav nepiecie\u0161ams noskalot. Uzglab\u0101t temperat\u016br\u0101 no +5\u202f\u00b0C l\u012bdz +25\u202f\u00b0C.<\/p>\n","protected":false},"excerpt":{"rendered":"<p>Maigi att\u012bra un kopj \u0101du, ar divk\u0101r\u0161u iedarb\u012bbu \u2014 no\u0146em kosm\u0113tiku un mitrina \u0101du acu un l\u016bpu zon\u0101. Satur micellas, kas saudz\u012bgi att\u012bra net\u012brumus, un provitam\u012bnu B5, kas baro \u0101du un pal\u012bdz atjaunot \u0101das mitruma l\u012bmeni. LIETO\u0160ANA: No r\u012bta un vakar\u0101 att\u012br\u012bt seju acu un l\u016bpu zon\u0101s ar vates disku, kas samitrin\u0101ts ar l\u012bdzekli. Nav [&#8230;]\n","protected":false},"featured_media":108439,"template":"","meta":[],"product_cat":[1569],"product_tag":[],"class_list":{"0":"post-108435","1":"product","2":"type-product","3":"status-publish","4":"has-post-thumbnail","6":"product_brand-heliad_hu","7":"product_cat-1569","9":"first","10":"instock","11":"taxable","12":"shipping-taxable","13":"product-type-simple"},"_links":{"self":[{"href":"https:\/\/e.kosmolat.eu\/lv\/wp-json\/wp\/v2\/product\/108435","targetHints":{"allow":["GET"]}}],"collection":[{"href":"https:\/\/e.kosmolat.eu\/lv\/wp-json\/wp\/v2\/product"}],"about":[{"href":"https:\/\/e.kosmolat.eu\/lv\/wp-json\/wp\/v2\/types\/product"}],"wp:featuredmedia":[{"embeddable":true,"href":"https:\/\/e.kosmolat.eu\/lv\/wp-json\/wp\/v2\/media\/108439"}],"wp:attachment":[{"href":"https:\/\/e.kosmolat.eu\/lv\/wp-json\/wp\/v2\/media?parent=108435"}],"wp:term":[{"taxonomy":"product_cat","embeddable":true,"href":"https:\/\/e.kosmolat.eu\/lv\/wp-json\/wp\/v2\/product_cat?post=108435"},{"taxonomy":"product_tag","embeddable":true,"href":"https:\/\/e.kosmolat.eu\/lv\/wp-json\/wp\/v2\/product_tag?post=108435"}],"curies":[{"name":"wp","href":"https:\/\/api.w.org\/{rel}","templated":true}]}}