{"id":108427,"date":"2026-05-09T01:48:34","date_gmt":"2026-05-09T01:48:34","guid":{"rendered":"https:\/\/e.kosmolat.eu\/product\/aroma-labora-skin-def-micelar-udens-jut-adai-250-ml\/"},"modified":"2026-05-09T01:48:49","modified_gmt":"2026-05-09T01:48:49","slug":"aroma-labora-skin-def-micelar-udens-jut-adai-250-ml","status":"publish","type":"product","link":"https:\/\/e.kosmolat.eu\/lv\/product\/aroma-labora-skin-def-micelar-udens-jut-adai-250-ml\/","title":{"rendered":"Aroma Labora Skin Def. Micel\u0101r. \u016bdens jut. \u0101dai, 250 ml"},"content":{"rendered":"<p>Efekt\u012bvi att\u012bra un no\u0146em \u016bdensnotur\u012bgu grimu un net\u012brumus, neradot sausuma saj\u016btu. Maig\u0101 formula ar 99% dabiskas izcelsmes sast\u0101vda\u013c\u0101m nesatur sulf\u0101tus, alkoholu un kr\u0101svielas. Atsvaidzina, nomierina un padara \u0101du t\u012bru, maigu un toniz\u0113tu. Piem\u0113rots sejas un acu zonas att\u012br\u012b\u0161anai. Ar hipoaler\u0123isku smar\u017eu kompoz\u012bciju. Piem\u0113rots jut\u012bgai \u0101dai.<\/p>\n<p>Lieto\u0161ana: Uzkl\u0101jiet ar vates disku uz sejas un zonas ap ac\u012bm. Nav nepiecie\u0161ams noskalot. Optim\u0101lai att\u012br\u012b\u0161anai lietojiet kop\u0101 ar micel\u0101ro  sejas mazg\u0101\u0161anas \u017eeleju  Aroma Labora Skin Defence.<\/p>\n","protected":false},"excerpt":{"rendered":"<p>Efekt\u012bvi att\u012bra un no\u0146em \u016bdensnotur\u012bgu grimu un net\u012brumus, neradot sausuma saj\u016btu. Maig\u0101 formula ar 99% dabiskas izcelsmes sast\u0101vda\u013c\u0101m nesatur sulf\u0101tus, alkoholu un kr\u0101svielas. Atsvaidzina, nomierina un padara \u0101du t\u012bru, maigu un toniz\u0113tu. Piem\u0113rots sejas un acu zonas att\u012br\u012b\u0161anai. Ar hipoaler\u0123isku smar\u017eu kompoz\u012bciju. Piem\u0113rots jut\u012bgai \u0101dai. Lieto\u0161ana: Uzkl\u0101jiet ar vates disku uz sejas un zonas ap [&#8230;]\n","protected":false},"featured_media":108431,"template":"","meta":[],"product_cat":[1569],"product_tag":[],"class_list":{"0":"post-108427","1":"product","2":"type-product","3":"status-publish","4":"has-post-thumbnail","6":"product_brand-aroma-bg","7":"product_cat-1569","9":"first","10":"instock","11":"taxable","12":"shipping-taxable","13":"product-type-simple"},"_links":{"self":[{"href":"https:\/\/e.kosmolat.eu\/lv\/wp-json\/wp\/v2\/product\/108427","targetHints":{"allow":["GET"]}}],"collection":[{"href":"https:\/\/e.kosmolat.eu\/lv\/wp-json\/wp\/v2\/product"}],"about":[{"href":"https:\/\/e.kosmolat.eu\/lv\/wp-json\/wp\/v2\/types\/product"}],"wp:featuredmedia":[{"embeddable":true,"href":"https:\/\/e.kosmolat.eu\/lv\/wp-json\/wp\/v2\/media\/108431"}],"wp:attachment":[{"href":"https:\/\/e.kosmolat.eu\/lv\/wp-json\/wp\/v2\/media?parent=108427"}],"wp:term":[{"taxonomy":"product_cat","embeddable":true,"href":"https:\/\/e.kosmolat.eu\/lv\/wp-json\/wp\/v2\/product_cat?post=108427"},{"taxonomy":"product_tag","embeddable":true,"href":"https:\/\/e.kosmolat.eu\/lv\/wp-json\/wp\/v2\/product_tag?post=108427"}],"curies":[{"name":"wp","href":"https:\/\/api.w.org\/{rel}","templated":true}]}}