{"id":108419,"date":"2026-05-09T01:48:15","date_gmt":"2026-05-09T01:48:15","guid":{"rendered":"https:\/\/e.kosmolat.eu\/product\/aroma-labora-skin-def-micel-sejas-mazg-zel-jutigai-ad-150-ml\/"},"modified":"2026-05-09T01:48:28","modified_gmt":"2026-05-09T01:48:28","slug":"aroma-labora-skin-def-micel-sejas-mazg-zel-jutigai-ad-150-ml","status":"publish","type":"product","link":"https:\/\/e.kosmolat.eu\/lv\/product\/aroma-labora-skin-def-micel-sejas-mazg-zel-jutigai-ad-150-ml\/","title":{"rendered":"Aroma Labora Skin Def. Micel. sejas mazg. \u017eel. jut\u012bgai \u0101d., 150 ml"},"content":{"rendered":"<p>Nodro\u0161ina ikdienas sejas \u0101das kop\u0161anu, maigi att\u012brot un no\u0146emot dekorat\u012bvo kosm\u0113tiku, lieko sebumu un net\u012brumus. Formula ar 95% dabiskas izcelsmes sast\u0101vda\u013c\u0101m ir bag\u0101tin\u0101ta ar hialuronsk\u0101bi, za\u013c\u0101s t\u0113jas ekstraktu un D-pantenolu, kas mitrina, nomierina un m\u012bkstina \u0101du. P\u0113c sejas mazg\u0101\u0161anas \u0101da paliek t\u012bra, gluda un svaiga. Piem\u0113rota jut\u012bgai \u0101dai, nesatur alkoholu un kr\u0101svielas.<\/p>\n<p>Lieto\u0161ana: Uzkl\u0101jiet nelielu daudzumu \u017eelejas uz mitras sejas \u0101das un vienm\u0113r\u012bgi iemas\u0113jiet. Noskalojiet ar \u016bdeni. Optim\u0101lai att\u012br\u012b\u0161anai lietojiet kop\u0101 ar micel\u0101ro \u016bdeni Aroma Labora Skin Defence.<\/p>\n","protected":false},"excerpt":{"rendered":"<p>Nodro\u0161ina ikdienas sejas \u0101das kop\u0161anu, maigi att\u012brot un no\u0146emot dekorat\u012bvo kosm\u0113tiku, lieko sebumu un net\u012brumus. Formula ar 95% dabiskas izcelsmes sast\u0101vda\u013c\u0101m ir bag\u0101tin\u0101ta ar hialuronsk\u0101bi, za\u013c\u0101s t\u0113jas ekstraktu un D-pantenolu, kas mitrina, nomierina un m\u012bkstina \u0101du. P\u0113c sejas mazg\u0101\u0161anas \u0101da paliek t\u012bra, gluda un svaiga. Piem\u0113rota jut\u012bgai \u0101dai, nesatur alkoholu un kr\u0101svielas. Lieto\u0161ana: Uzkl\u0101jiet nelielu [&#8230;]\n","protected":false},"featured_media":108423,"template":"","meta":[],"product_cat":[1576],"product_tag":[],"class_list":{"0":"post-108419","1":"product","2":"type-product","3":"status-publish","4":"has-post-thumbnail","6":"product_brand-aroma-bg","7":"product_cat-1576","9":"first","10":"instock","11":"taxable","12":"shipping-taxable","13":"product-type-simple"},"_links":{"self":[{"href":"https:\/\/e.kosmolat.eu\/lv\/wp-json\/wp\/v2\/product\/108419","targetHints":{"allow":["GET"]}}],"collection":[{"href":"https:\/\/e.kosmolat.eu\/lv\/wp-json\/wp\/v2\/product"}],"about":[{"href":"https:\/\/e.kosmolat.eu\/lv\/wp-json\/wp\/v2\/types\/product"}],"wp:featuredmedia":[{"embeddable":true,"href":"https:\/\/e.kosmolat.eu\/lv\/wp-json\/wp\/v2\/media\/108423"}],"wp:attachment":[{"href":"https:\/\/e.kosmolat.eu\/lv\/wp-json\/wp\/v2\/media?parent=108419"}],"wp:term":[{"taxonomy":"product_cat","embeddable":true,"href":"https:\/\/e.kosmolat.eu\/lv\/wp-json\/wp\/v2\/product_cat?post=108419"},{"taxonomy":"product_tag","embeddable":true,"href":"https:\/\/e.kosmolat.eu\/lv\/wp-json\/wp\/v2\/product_tag?post=108419"}],"curies":[{"name":"wp","href":"https:\/\/api.w.org\/{rel}","templated":true}]}}