{"id":108403,"date":"2026-05-09T00:16:44","date_gmt":"2026-05-09T00:16:44","guid":{"rendered":"https:\/\/e.kosmolat.eu\/product\/bradoline-bond-viriesu-skus-putas-jutigai-adai-300-ml\/"},"modified":"2026-05-09T00:16:57","modified_gmt":"2026-05-09T00:16:57","slug":"bradoline-bond-viriesu-skus-putas-jutigai-adai-300-ml","status":"publish","type":"product","link":"https:\/\/e.kosmolat.eu\/lv\/product\/bradoline-bond-viriesu-skus-putas-jutigai-adai-300-ml\/","title":{"rendered":"Bradoline Bond V\u012brie\u0161u sk\u016b\u0161. putas jut\u012bgai \u0101dai, 300 ml"},"content":{"rendered":"<p>Sk\u016b\u0161an\u0101s putas baro sejas \u0101du, pie\u0161\u0137ir koptu saj\u016btu un v\u012bri\u0161\u0137\u012bgu arom\u0101tu, sniedzot t\u012br\u012bbu un svaigumu. Pirms lieto\u0161anas k\u0101rt\u012bgi sakratiet. Uzkl\u0101jiet putas uz samitrin\u0101tas sejas, nedaudz pagaidiet un noskujieties.<\/p>\n<p>Br\u012bdin\u0101jums<br \/>\nH229 Tvertne zem spiediena: karstum\u0101 var eksplod\u0113t.<br \/>\nDro\u0161\u012bbas pras\u012bbu apz\u012bm\u0113jumi:<br \/>\nP102 Sarg\u0101t no b\u0113rniem.<br \/>\nP210 Sarg\u0101t no karstuma, karst\u0101m virsm\u0101m, dzirkstel\u0113m, atkl\u0101tas uguns un citiem aizdeg\u0161an\u0101s avotiem. Nesm\u0113\u0137\u0113t.<br \/>\nP251 Nedurt vai nededzin\u0101t, ar\u012b p\u0113c izlieto\u0161anas.<br \/>\nP410+P412 Aizsarg\u0101t no saules gaismas. Nepak\u013caut temperat\u016brai, kas p\u0101rsniedz 50 \u00b0C \/ 122 \u00b0F.<\/p>\n","protected":false},"excerpt":{"rendered":"<p>Sk\u016b\u0161an\u0101s putas baro sejas \u0101du, pie\u0161\u0137ir koptu saj\u016btu un v\u012bri\u0161\u0137\u012bgu arom\u0101tu, sniedzot t\u012br\u012bbu un svaigumu. Pirms lieto\u0161anas k\u0101rt\u012bgi sakratiet. Uzkl\u0101jiet putas uz samitrin\u0101tas sejas, nedaudz pagaidiet un noskujieties. Br\u012bdin\u0101jums H229 Tvertne zem spiediena: karstum\u0101 var eksplod\u0113t. Dro\u0161\u012bbas pras\u012bbu apz\u012bm\u0113jumi: P102 Sarg\u0101t no b\u0113rniem. P210 Sarg\u0101t no karstuma, karst\u0101m virsm\u0101m, dzirkstel\u0113m, atkl\u0101tas uguns un citiem aizdeg\u0161an\u0101s [&#8230;]\n","protected":false},"featured_media":108407,"template":"","meta":[],"product_cat":[1681],"product_tag":[],"class_list":{"0":"post-108403","1":"product","2":"type-product","3":"status-publish","4":"has-post-thumbnail","6":"product_brand-florin_hu","7":"product_cat-1681","9":"first","10":"instock","11":"taxable","12":"shipping-taxable","13":"product-type-simple"},"_links":{"self":[{"href":"https:\/\/e.kosmolat.eu\/lv\/wp-json\/wp\/v2\/product\/108403","targetHints":{"allow":["GET"]}}],"collection":[{"href":"https:\/\/e.kosmolat.eu\/lv\/wp-json\/wp\/v2\/product"}],"about":[{"href":"https:\/\/e.kosmolat.eu\/lv\/wp-json\/wp\/v2\/types\/product"}],"wp:featuredmedia":[{"embeddable":true,"href":"https:\/\/e.kosmolat.eu\/lv\/wp-json\/wp\/v2\/media\/108407"}],"wp:attachment":[{"href":"https:\/\/e.kosmolat.eu\/lv\/wp-json\/wp\/v2\/media?parent=108403"}],"wp:term":[{"taxonomy":"product_cat","embeddable":true,"href":"https:\/\/e.kosmolat.eu\/lv\/wp-json\/wp\/v2\/product_cat?post=108403"},{"taxonomy":"product_tag","embeddable":true,"href":"https:\/\/e.kosmolat.eu\/lv\/wp-json\/wp\/v2\/product_tag?post=108403"}],"curies":[{"name":"wp","href":"https:\/\/api.w.org\/{rel}","templated":true}]}}