{"id":108395,"date":"2026-05-09T00:15:58","date_gmt":"2026-05-09T00:15:58","guid":{"rendered":"https:\/\/e.kosmolat.eu\/product\/bradoline-alex-sport-atsvaidz-vir-dusas-zeleja-xxl-500-ml\/"},"modified":"2026-05-15T09:48:45","modified_gmt":"2026-05-15T09:48:45","slug":"bradoline-alex-sport-atsvaidz-vir-dusas-zeleja-xxl-500-ml","status":"publish","type":"product","link":"https:\/\/e.kosmolat.eu\/lv\/product\/bradoline-alex-sport-atsvaidz-vir-dusas-zeleja-xxl-500-ml\/","title":{"rendered":"Bradoline Alex Sport Atsvaidz. v\u012br. du\u0161as \u017eeleja XXL, 500 ml"},"content":{"rendered":"<p>Du\u0161as \u017eeleja ar \u017ee\u0146\u0161e\u0146u un mentolu pie\u0161\u0137ir \u0101dai ener\u0123iju. Bag\u0101tin\u0101ta ar provitam\u012bnu B5, kas mitrina un kopj \u0101du. Ide\u0101li p\u0113c darba vai sporta aktivit\u0101t\u0113m.<\/p>\n","protected":false},"excerpt":{"rendered":"<p>Du\u0161as \u017eeleja ar \u017ee\u0146\u0161e\u0146u un mentolu pie\u0161\u0137ir \u0101dai ener\u0123iju. Bag\u0101tin\u0101ta ar provitam\u012bnu B5, kas mitrina un kopj \u0101du. Ide\u0101li p\u0113c darba vai sporta aktivit\u0101t\u0113m.<\/p>\n","protected":false},"featured_media":108399,"template":"","meta":[],"product_cat":[1690],"product_tag":[],"class_list":{"0":"post-108395","1":"product","2":"type-product","3":"status-publish","4":"has-post-thumbnail","6":"product_brand-florin_hu","7":"product_cat-1690","9":"first","10":"instock","11":"taxable","12":"shipping-taxable","13":"product-type-simple"},"_links":{"self":[{"href":"https:\/\/e.kosmolat.eu\/lv\/wp-json\/wp\/v2\/product\/108395","targetHints":{"allow":["GET"]}}],"collection":[{"href":"https:\/\/e.kosmolat.eu\/lv\/wp-json\/wp\/v2\/product"}],"about":[{"href":"https:\/\/e.kosmolat.eu\/lv\/wp-json\/wp\/v2\/types\/product"}],"wp:featuredmedia":[{"embeddable":true,"href":"https:\/\/e.kosmolat.eu\/lv\/wp-json\/wp\/v2\/media\/108399"}],"wp:attachment":[{"href":"https:\/\/e.kosmolat.eu\/lv\/wp-json\/wp\/v2\/media?parent=108395"}],"wp:term":[{"taxonomy":"product_cat","embeddable":true,"href":"https:\/\/e.kosmolat.eu\/lv\/wp-json\/wp\/v2\/product_cat?post=108395"},{"taxonomy":"product_tag","embeddable":true,"href":"https:\/\/e.kosmolat.eu\/lv\/wp-json\/wp\/v2\/product_tag?post=108395"}],"curies":[{"name":"wp","href":"https:\/\/api.w.org\/{rel}","templated":true}]}}