{"id":108379,"date":"2026-05-09T00:15:22","date_gmt":"2026-05-09T00:15:22","guid":{"rendered":"https:\/\/e.kosmolat.eu\/product\/bradoline-alex-viries-skus-putas-jut-adai-ar-atves-ment-xxl-400-ml\/"},"modified":"2026-05-12T08:59:01","modified_gmt":"2026-05-12T08:59:01","slug":"bradoline-alex-viries-skus-putas-jut-adai-ar-atves-ment-xxl-400-ml","status":"publish","type":"product","link":"https:\/\/e.kosmolat.eu\/lv\/product\/bradoline-alex-viries-skus-putas-jut-adai-ar-atves-ment-xxl-400-ml\/","title":{"rendered":"Bradoline Alex V\u012brie\u0161. sk\u016b\u0161. putas jut. \u0101dai ar atv\u0113s. ment. XXL, 400 ml"},"content":{"rendered":"<p>Pirms lieto\u0161anas k\u0101rt\u012bgi sakratiet. Uzkl\u0101jiet putas uz samitrin\u0101tas sejas, nedaudz pagaidiet un noskujieties.<\/p>\n<p>Br\u012bdin\u0101jums<br \/>\nH229 Tvertne zem spiediena: karstum\u0101 var eksplod\u0113t.<br \/>\nDro\u0161\u012bbas pras\u012bbu apz\u012bm\u0113jumi:<br \/>\nP102 Sarg\u0101t no b\u0113rniem.<br \/>\nP210 Sarg\u0101t no karstuma, karst\u0101m virsm\u0101m, dzirkstel\u0113m, atkl\u0101tas uguns un citiem aizdeg\u0161an\u0101s avotiem. Nesm\u0113\u0137\u0113t.<br \/>\nP251 Nedurt vai nededzin\u0101t, ar\u012b p\u0113c izlieto\u0161anas.<br \/>\nP410+P412 Aizsarg\u0101t no saules gaismas. Nepak\u013caut temperat\u016brai, kas p\u0101rsniedz 50 \u00b0C \/ 122 \u00b0F.<\/p>\n","protected":false},"excerpt":{"rendered":"<p>Pirms lieto\u0161anas k\u0101rt\u012bgi sakratiet. Uzkl\u0101jiet putas uz samitrin\u0101tas sejas, nedaudz pagaidiet un noskujieties. Br\u012bdin\u0101jums H229 Tvertne zem spiediena: karstum\u0101 var eksplod\u0113t. Dro\u0161\u012bbas pras\u012bbu apz\u012bm\u0113jumi: P102 Sarg\u0101t no b\u0113rniem. P210 Sarg\u0101t no karstuma, karst\u0101m virsm\u0101m, dzirkstel\u0113m, atkl\u0101tas uguns un citiem aizdeg\u0161an\u0101s avotiem. Nesm\u0113\u0137\u0113t. P251 Nedurt vai nededzin\u0101t, ar\u012b p\u0113c izlieto\u0161anas. P410+P412 Aizsarg\u0101t no saules gaismas. Nepak\u013caut [&#8230;]\n","protected":false},"featured_media":108383,"template":"","meta":[],"product_cat":[1681],"product_tag":[],"class_list":{"0":"post-108379","1":"product","2":"type-product","3":"status-publish","4":"has-post-thumbnail","6":"product_brand-florin_hu","7":"product_cat-1681","9":"first","10":"instock","11":"taxable","12":"shipping-taxable","13":"product-type-simple"},"_links":{"self":[{"href":"https:\/\/e.kosmolat.eu\/lv\/wp-json\/wp\/v2\/product\/108379","targetHints":{"allow":["GET"]}}],"collection":[{"href":"https:\/\/e.kosmolat.eu\/lv\/wp-json\/wp\/v2\/product"}],"about":[{"href":"https:\/\/e.kosmolat.eu\/lv\/wp-json\/wp\/v2\/types\/product"}],"wp:featuredmedia":[{"embeddable":true,"href":"https:\/\/e.kosmolat.eu\/lv\/wp-json\/wp\/v2\/media\/108383"}],"wp:attachment":[{"href":"https:\/\/e.kosmolat.eu\/lv\/wp-json\/wp\/v2\/media?parent=108379"}],"wp:term":[{"taxonomy":"product_cat","embeddable":true,"href":"https:\/\/e.kosmolat.eu\/lv\/wp-json\/wp\/v2\/product_cat?post=108379"},{"taxonomy":"product_tag","embeddable":true,"href":"https:\/\/e.kosmolat.eu\/lv\/wp-json\/wp\/v2\/product_tag?post=108379"}],"curies":[{"name":"wp","href":"https:\/\/api.w.org\/{rel}","templated":true}]}}