{"id":108371,"date":"2026-05-09T00:14:21","date_gmt":"2026-05-09T00:14:21","guid":{"rendered":"https:\/\/e.kosmolat.eu\/product\/bradoline-sana-kaju-vannina-4-in-1-augu-speks-200-ml\/"},"modified":"2026-05-16T08:59:33","modified_gmt":"2026-05-16T08:59:33","slug":"bradoline-sana-kaju-vannina-4-in-1-augu-speks-200-ml","status":"publish","type":"product","link":"https:\/\/e.kosmolat.eu\/lv\/product\/bradoline-sana-kaju-vannina-4-in-1-augu-speks-200-ml\/","title":{"rendered":"Bradoline Sana K\u0101ju vanni\u0146a 4 in 1 Augu sp\u0113ks, 200 ml"},"content":{"rendered":"<p>\u2022 Maigi att\u012bra<br \/>\n\u2022 Nov\u0113r\u0161 nepat\u012bkamu smaku<br \/>\n\u2022 Baro un mitrina<br \/>\n\u2022 Atsvaidzina<\/p>\n<p>Kompleks\u0101 maig\u0101 att\u012bro\u0161\u0101 formula nodro\u0161ina \u012bpa\u0161u kop\u0161anu noguru\u0161\u0101m k\u0101j\u0101m. Pateicoties glicer\u012bna, ur\u012bnvielas, provitam\u012bna B5 un alvejas saturam, \u0101da k\u013c\u016bst barota, maiga un z\u012bdaini gluda. L\u012bdzeklis efekt\u012bvi nov\u0113r\u0161 nepat\u012bkamu smaku, pateicoties dab\u012bg\u0101m sast\u0101vda\u013c\u0101m. Citronz\u0101les e\u013c\u013ca un \u017ee\u0146\u0161e\u0146a ekstrakts atv\u0113sina, atsvaidzina un toniz\u0113 k\u0101ju \u0101du.<\/p>\n<p>Lieto\u0161ana: Uzkl\u0101jiet 25\u201330 ml l\u012bdzek\u013ca uz mitr\u0101m k\u0101j\u0101m, iemas\u0113jiet l\u012bdz veidojas putas un \u013caujiet tam ies\u016bkties \u0101d\u0101. P\u0113c tam iem\u0113rciet k\u0101jas 3\u20134 litros silta \u016bdens uz 15 min\u016bt\u0113m. Nosl\u0113gum\u0101 noskalojiet un nosusiniet k\u0101jas.<\/p>\n","protected":false},"excerpt":{"rendered":"<p>\u2022 Maigi att\u012bra \u2022 Nov\u0113r\u0161 nepat\u012bkamu smaku \u2022 Baro un mitrina \u2022 Atsvaidzina Kompleks\u0101 maig\u0101 att\u012bro\u0161\u0101 formula nodro\u0161ina \u012bpa\u0161u kop\u0161anu noguru\u0161\u0101m k\u0101j\u0101m. Pateicoties glicer\u012bna, ur\u012bnvielas, provitam\u012bna B5 un alvejas saturam, \u0101da k\u013c\u016bst barota, maiga un z\u012bdaini gluda. L\u012bdzeklis efekt\u012bvi nov\u0113r\u0161 nepat\u012bkamu smaku, pateicoties dab\u012bg\u0101m sast\u0101vda\u013c\u0101m. Citronz\u0101les e\u013c\u013ca un \u017ee\u0146\u0161e\u0146a ekstrakts atv\u0113sina, atsvaidzina un toniz\u0113 k\u0101ju [&#8230;]\n","protected":false},"featured_media":108375,"template":"","meta":[],"product_cat":[1762],"product_tag":[],"class_list":{"0":"post-108371","1":"product","2":"type-product","3":"status-publish","4":"has-post-thumbnail","6":"product_brand-florin_hu","7":"product_cat-1762","9":"first","10":"instock","11":"taxable","12":"shipping-taxable","13":"product-type-simple"},"_links":{"self":[{"href":"https:\/\/e.kosmolat.eu\/lv\/wp-json\/wp\/v2\/product\/108371","targetHints":{"allow":["GET"]}}],"collection":[{"href":"https:\/\/e.kosmolat.eu\/lv\/wp-json\/wp\/v2\/product"}],"about":[{"href":"https:\/\/e.kosmolat.eu\/lv\/wp-json\/wp\/v2\/types\/product"}],"wp:featuredmedia":[{"embeddable":true,"href":"https:\/\/e.kosmolat.eu\/lv\/wp-json\/wp\/v2\/media\/108375"}],"wp:attachment":[{"href":"https:\/\/e.kosmolat.eu\/lv\/wp-json\/wp\/v2\/media?parent=108371"}],"wp:term":[{"taxonomy":"product_cat","embeddable":true,"href":"https:\/\/e.kosmolat.eu\/lv\/wp-json\/wp\/v2\/product_cat?post=108371"},{"taxonomy":"product_tag","embeddable":true,"href":"https:\/\/e.kosmolat.eu\/lv\/wp-json\/wp\/v2\/product_tag?post=108371"}],"curies":[{"name":"wp","href":"https:\/\/api.w.org\/{rel}","templated":true}]}}