{"id":108303,"date":"2026-05-08T20:44:27","date_gmt":"2026-05-08T20:44:27","guid":{"rendered":"https:\/\/e.kosmolat.eu\/product\/viorica-samp-matu-kras-aizsardz-400-ml\/"},"modified":"2026-05-08T20:44:41","modified_gmt":"2026-05-08T20:44:41","slug":"viorica-samp-matu-kras-aizsardz-400-ml","status":"publish","type":"product","link":"https:\/\/e.kosmolat.eu\/lv\/product\/viorica-samp-matu-kras-aizsardz-400-ml\/","title":{"rendered":"VIORICA \u0160amp. matu kr\u0101s. aizsardz., 400 ml"},"content":{"rendered":"<p>Maigi att\u012bra, normaliz\u0113 mitruma l\u012bdzsvaru, pie\u0161\u0137ir papildu sp\u012bdumu un z\u012bdain\u012bbu, nov\u0113r\u0161ot kr\u0101sas izmazg\u0101\u0161anos. \u012apa\u0161ais komplekss nodro\u0161ina kr\u0101sotu matu aizsardz\u012bbu pret UVA un UVB stariem. Cigori\u0146u ekstrakts pal\u012bdz aizsarg\u0101t matus no oksidat\u012bv\u0101 stresa un saglab\u0101 matu kr\u0101sas intensit\u0101ti. Kvie\u0161u d\u012bgstu e\u013c\u013ca baro galvas \u0101du un matus, padarot tos glud\u0101kus un mirdzo\u0161\u0101kus. D-pantenols saglab\u0101 matus mitrin\u0101tus, palielina to elast\u012bbu un samazina trauslumu.<\/p>\n<p>Lieto\u0161ana: uzkl\u0101jiet \u0161amp\u016bnu uz mitriem matiem, saputojiet, maigi iemas\u0113jiet. R\u016bp\u012bgi noskalojiet ar siltu \u016bdeni. Ja nepiecie\u0161ams, atk\u0101rtojiet proced\u016bru. Lai ieg\u016btu maksim\u0101lu un ilgsto\u0161u efektu, lietojiet kop\u0101 ar \u0161\u012bs s\u0113rijas balzamu un matu masku.<\/p>\n<p>Uzglab\u0101t temperat\u016br\u0101 no +5 \u00b0C l\u012bdz +25 \u00b0C, sarg\u0101jot no tie\u0161iem saules stariem. <\/p>\n<p>Der\u012bguma termi\u0146\u0161: 30 m\u0113ne\u0161i.<\/p>\n","protected":false},"excerpt":{"rendered":"<p>Maigi att\u012bra, normaliz\u0113 mitruma l\u012bdzsvaru, pie\u0161\u0137ir papildu sp\u012bdumu un z\u012bdain\u012bbu, nov\u0113r\u0161ot kr\u0101sas izmazg\u0101\u0161anos. \u012apa\u0161ais komplekss nodro\u0161ina kr\u0101sotu matu aizsardz\u012bbu pret UVA un UVB stariem. Cigori\u0146u ekstrakts pal\u012bdz aizsarg\u0101t matus no oksidat\u012bv\u0101 stresa un saglab\u0101 matu kr\u0101sas intensit\u0101ti. Kvie\u0161u d\u012bgstu e\u013c\u013ca baro galvas \u0101du un matus, padarot tos glud\u0101kus un mirdzo\u0161\u0101kus. D-pantenols saglab\u0101 matus mitrin\u0101tus, palielina [&#8230;]\n","protected":false},"featured_media":108307,"template":"","meta":[],"product_cat":[1252],"product_tag":[],"class_list":{"0":"post-108303","1":"product","2":"type-product","3":"status-publish","4":"has-post-thumbnail","6":"product_brand-viorica-cosmeplant_bg","7":"product_cat-1252","9":"first","10":"instock","11":"taxable","12":"shipping-taxable","13":"product-type-simple"},"_links":{"self":[{"href":"https:\/\/e.kosmolat.eu\/lv\/wp-json\/wp\/v2\/product\/108303","targetHints":{"allow":["GET"]}}],"collection":[{"href":"https:\/\/e.kosmolat.eu\/lv\/wp-json\/wp\/v2\/product"}],"about":[{"href":"https:\/\/e.kosmolat.eu\/lv\/wp-json\/wp\/v2\/types\/product"}],"wp:featuredmedia":[{"embeddable":true,"href":"https:\/\/e.kosmolat.eu\/lv\/wp-json\/wp\/v2\/media\/108307"}],"wp:attachment":[{"href":"https:\/\/e.kosmolat.eu\/lv\/wp-json\/wp\/v2\/media?parent=108303"}],"wp:term":[{"taxonomy":"product_cat","embeddable":true,"href":"https:\/\/e.kosmolat.eu\/lv\/wp-json\/wp\/v2\/product_cat?post=108303"},{"taxonomy":"product_tag","embeddable":true,"href":"https:\/\/e.kosmolat.eu\/lv\/wp-json\/wp\/v2\/product_tag?post=108303"}],"curies":[{"name":"wp","href":"https:\/\/api.w.org\/{rel}","templated":true}]}}