{"id":108293,"date":"2026-05-08T19:24:15","date_gmt":"2026-05-08T19:24:15","guid":{"rendered":"https:\/\/e.kosmolat.eu\/product\/evoluderm-aloe-vera-mazgasanas-zeleja-500-ml\/"},"modified":"2026-05-08T19:24:26","modified_gmt":"2026-05-08T19:24:26","slug":"evoluderm-aloe-vera-mazgasanas-zeleja-500-ml","status":"publish","type":"product","link":"https:\/\/e.kosmolat.eu\/lv\/product\/evoluderm-aloe-vera-mazgasanas-zeleja-500-ml\/","title":{"rendered":"EVOLUDERM Aloe Vera Mazg\u0101\u0161anas \u017eeleja, 500 ml"},"content":{"rendered":"<p><strong>Mitrino&scaron;ais att\u012bro&scaron;ais g\u0113ls<\/strong> maigi no\u0146em net\u012brumus un kosm\u0113tiku, vienlaikus sniedzot t\u016bl\u012bt\u0113ju svaiguma saj\u016btu. T\u0101 sast\u0101v\u0101 ir alveja un augu glicer\u012bns, kas mitrina un nomierina jebkura tipa \u0101du, pat jut\u012bgu, nodro&scaron;inot spo\u017eu un mirdzo&scaron;u sejas \u0101du dienu no dienas. G\u0113la svaig\u0101, viegli tekst\u016bra p\u0101rv\u0113r&scaron;as smalk\u0101, \u012bpa&scaron;i maig\u0101 put\u0101, kas att\u012bra \u0101du, vienlaikus sniedzot t\u016bl\u012bt\u0113ju komfortu.<\/p>\n<p><strong>Rezult\u0101ts:<\/strong> \u0100da ir t\u012bra, svaiga un att\u012br\u012bta.<\/p>\n<p><strong>Lieto&scaron;anas instrukcijas:<\/strong> No r\u012bta un vakar\u0101 uzkl\u0101jiet nelielu daudzumu produkta uz mitras sejas, ar ap\u013cveida kust\u012bb\u0101m uzputiniet, izvairoties no acu zonas, p\u0113c tam noskalojiet ar t\u012bru \u016bdeni. Ja produkts nok\u013c\u016bst ac\u012bs, nekav\u0113joties noskalojiet ar lielu daudzumu t\u012bra \u016bdens.<\/p>\n<p><strong>Bez ziep\u0113m.<\/strong><\/p>\n","protected":false},"excerpt":{"rendered":"<p>Mitrino&scaron;ais att\u012bro&scaron;ais g\u0113ls maigi no\u0146em net\u012brumus un kosm\u0113tiku, vienlaikus sniedzot t\u016bl\u012bt\u0113ju svaiguma saj\u016btu. T\u0101 sast\u0101v\u0101 ir alveja un augu glicer\u012bns, kas mitrina un nomierina jebkura tipa \u0101du, pat jut\u012bgu, nodro&scaron;inot spo\u017eu un mirdzo&scaron;u sejas \u0101du dienu no dienas. G\u0113la svaig\u0101, viegli tekst\u016bra p\u0101rv\u0113r&scaron;as smalk\u0101, \u012bpa&scaron;i maig\u0101 put\u0101, kas att\u012bra \u0101du, vienlaikus sniedzot t\u016bl\u012bt\u0113ju komfortu. Rezult\u0101ts: [&#8230;]\n","protected":false},"featured_media":0,"template":"","meta":[],"product_cat":[1576],"product_tag":[],"class_list":{"0":"post-108293","1":"product","2":"type-product","3":"status-publish","5":"product_brand-evoluderm","6":"product_cat-1576","8":"first","9":"instock","10":"taxable","11":"shipping-taxable","12":"product-type-simple"},"_links":{"self":[{"href":"https:\/\/e.kosmolat.eu\/lv\/wp-json\/wp\/v2\/product\/108293","targetHints":{"allow":["GET"]}}],"collection":[{"href":"https:\/\/e.kosmolat.eu\/lv\/wp-json\/wp\/v2\/product"}],"about":[{"href":"https:\/\/e.kosmolat.eu\/lv\/wp-json\/wp\/v2\/types\/product"}],"wp:attachment":[{"href":"https:\/\/e.kosmolat.eu\/lv\/wp-json\/wp\/v2\/media?parent=108293"}],"wp:term":[{"taxonomy":"product_cat","embeddable":true,"href":"https:\/\/e.kosmolat.eu\/lv\/wp-json\/wp\/v2\/product_cat?post=108293"},{"taxonomy":"product_tag","embeddable":true,"href":"https:\/\/e.kosmolat.eu\/lv\/wp-json\/wp\/v2\/product_tag?post=108293"}],"curies":[{"name":"wp","href":"https:\/\/api.w.org\/{rel}","templated":true}]}}