{"id":108281,"date":"2026-05-08T19:16:08","date_gmt":"2026-05-08T19:16:08","guid":{"rendered":"https:\/\/e.kosmolat.eu\/product\/evoluderm-aloe-vera-kerm-losjons-500-ml\/"},"modified":"2026-05-08T19:16:20","modified_gmt":"2026-05-08T19:16:20","slug":"evoluderm-aloe-vera-kerm-losjons-500-ml","status":"publish","type":"product","link":"https:\/\/e.kosmolat.eu\/lv\/product\/evoluderm-aloe-vera-kerm-losjons-500-ml\/","title":{"rendered":"EVOLUDERM Aloe Vera \u0137erm.losjons, 500 ml"},"content":{"rendered":"<p>Nodro&scaron;iniet savai \u0101dai ikdienas mitrin\u0101&scaron;anu ar Evoluderm mitrino&scaron;o alvejas \u0137erme\u0146a losjonu, kas jau p\u0113c pirm\u0101s lieto&scaron;anas reizes sniedz komforta un maiguma saj\u016btu. T\u0101 svaig\u0101, viegl\u0101 tekst\u016bra uzreiz ies\u016bcas, neatst\u0101jot taukainu vai lip\u012bgu k\u0101rti\u0146u. \u0100da tiek nomierin\u0101ta un aizsarg\u0101ta vien\u0101 sol\u012b. Apvelt\u012bta ar maigu arom\u0101tu, t\u0101 atg\u016bst elast\u012bbu un vitalit\u0101ti. Ide\u0101li piem\u0113rots ar\u012b sausai \u0101dai.<\/p>\n<p><strong>Piesardz\u012bbas pas\u0101kumi:<\/strong> &Scaron;is produkts nav piem\u0113rots lieto&scaron;anai uz 3 gadus vecu un jaun\u0101ku b\u0113rnu s\u0113\u017eamvietas.<\/p>\n","protected":false},"excerpt":{"rendered":"<p>Nodro&scaron;iniet savai \u0101dai ikdienas mitrin\u0101&scaron;anu ar Evoluderm mitrino&scaron;o alvejas \u0137erme\u0146a losjonu, kas jau p\u0113c pirm\u0101s lieto&scaron;anas reizes sniedz komforta un maiguma saj\u016btu. T\u0101 svaig\u0101, viegl\u0101 tekst\u016bra uzreiz ies\u016bcas, neatst\u0101jot taukainu vai lip\u012bgu k\u0101rti\u0146u. \u0100da tiek nomierin\u0101ta un aizsarg\u0101ta vien\u0101 sol\u012b. Apvelt\u012bta ar maigu arom\u0101tu, t\u0101 atg\u016bst elast\u012bbu un vitalit\u0101ti. Ide\u0101li piem\u0113rots ar\u012b sausai \u0101dai. Piesardz\u012bbas [&#8230;]\n","protected":false},"featured_media":0,"template":"","meta":[],"product_cat":[1391],"product_tag":[],"class_list":{"0":"post-108281","1":"product","2":"type-product","3":"status-publish","5":"product_brand-evoluderm","6":"product_cat-1391","8":"first","9":"instock","10":"taxable","11":"shipping-taxable","12":"product-type-simple"},"_links":{"self":[{"href":"https:\/\/e.kosmolat.eu\/lv\/wp-json\/wp\/v2\/product\/108281","targetHints":{"allow":["GET"]}}],"collection":[{"href":"https:\/\/e.kosmolat.eu\/lv\/wp-json\/wp\/v2\/product"}],"about":[{"href":"https:\/\/e.kosmolat.eu\/lv\/wp-json\/wp\/v2\/types\/product"}],"wp:attachment":[{"href":"https:\/\/e.kosmolat.eu\/lv\/wp-json\/wp\/v2\/media?parent=108281"}],"wp:term":[{"taxonomy":"product_cat","embeddable":true,"href":"https:\/\/e.kosmolat.eu\/lv\/wp-json\/wp\/v2\/product_cat?post=108281"},{"taxonomy":"product_tag","embeddable":true,"href":"https:\/\/e.kosmolat.eu\/lv\/wp-json\/wp\/v2\/product_tag?post=108281"}],"curies":[{"name":"wp","href":"https:\/\/api.w.org\/{rel}","templated":true}]}}