{"id":108277,"date":"2026-05-08T19:15:51","date_gmt":"2026-05-08T19:15:51","guid":{"rendered":"https:\/\/e.kosmolat.eu\/product\/evoluderm-huile-precieuse-kerm-losjons-500-ml\/"},"modified":"2026-05-09T06:03:20","modified_gmt":"2026-05-09T06:03:20","slug":"evoluderm-huile-precieuse-kerm-losjons-500-ml","status":"publish","type":"product","link":"https:\/\/e.kosmolat.eu\/lv\/product\/evoluderm-huile-precieuse-kerm-losjons-500-ml\/","title":{"rendered":"EVOLUDERM Huile Precieuse \u0137erm.losjons, 500 ml"},"content":{"rendered":"<p>EVOLUDERM Huile Pr&eacute;cieuse \u0137erme\u0146a losjons ir divu le\u0123end\u0101ru e\u013c\u013cu ar br\u012bni&scaron;\u0137\u012bg\u0101m \u012bpa&scaron;\u012bb\u0101m mais\u012bjums: argana e\u013c\u013ca un naktsvijoles e\u013c\u013ca, kas paz\u012bstamas ar sav\u0101m \u013coti barojo&scaron;aj\u0101m un kopjo&scaron;aj\u0101m \u012bpa&scaron;\u012bb\u0101m. T\u0101 tekst\u016bra intens\u012bvi mitrina un baro pat \u013coti sausu \u0101du, nodro&scaron;inot optim\u0101lu komfortu. \u0100da tiek iet\u012bta z\u012bdain\u0101 pl\u012bvur\u0101, kas padara to maigu un elast\u012bgu. T\u0101s smar\u017ea ar saulain\u0101m not\u012bm pavada j\u016bs visu dienu.<\/p>\n<p><strong>Lieto&scaron;ana:<\/strong> Uzkl\u0101jiet ik dienas uz visa \u0137erme\u0146a, iemas\u0113jot ar ap\u013cveida kust\u012bb\u0101m, l\u012bdz tas piln\u012bb\u0101 ies\u016bcas.<\/p>\n<p><strong>Piesardz\u012bbas pas\u0101kumi:<\/strong> &Scaron;is produkts nav piem\u0113rots lieto&scaron;anai uz 3 gadus vecu un jaun\u0101ku b\u0113rnu s\u0113\u017eamvietas.<\/p>\n","protected":false},"excerpt":{"rendered":"<p>EVOLUDERM Huile Pr&eacute;cieuse \u0137erme\u0146a losjons ir divu le\u0123end\u0101ru e\u013c\u013cu ar br\u012bni&scaron;\u0137\u012bg\u0101m \u012bpa&scaron;\u012bb\u0101m mais\u012bjums: argana e\u013c\u013ca un naktsvijoles e\u013c\u013ca, kas paz\u012bstamas ar sav\u0101m \u013coti barojo&scaron;aj\u0101m un kopjo&scaron;aj\u0101m \u012bpa&scaron;\u012bb\u0101m. T\u0101 tekst\u016bra intens\u012bvi mitrina un baro pat \u013coti sausu \u0101du, nodro&scaron;inot optim\u0101lu komfortu. \u0100da tiek iet\u012bta z\u012bdain\u0101 pl\u012bvur\u0101, kas padara to maigu un elast\u012bgu. T\u0101s smar\u017ea ar saulain\u0101m [&#8230;]\n","protected":false},"featured_media":0,"template":"","meta":[],"product_cat":[1391],"product_tag":[],"class_list":{"0":"post-108277","1":"product","2":"type-product","3":"status-publish","5":"product_brand-evoluderm","6":"product_cat-1391","8":"first","9":"instock","10":"taxable","11":"shipping-taxable","12":"product-type-simple"},"_links":{"self":[{"href":"https:\/\/e.kosmolat.eu\/lv\/wp-json\/wp\/v2\/product\/108277","targetHints":{"allow":["GET"]}}],"collection":[{"href":"https:\/\/e.kosmolat.eu\/lv\/wp-json\/wp\/v2\/product"}],"about":[{"href":"https:\/\/e.kosmolat.eu\/lv\/wp-json\/wp\/v2\/types\/product"}],"wp:attachment":[{"href":"https:\/\/e.kosmolat.eu\/lv\/wp-json\/wp\/v2\/media?parent=108277"}],"wp:term":[{"taxonomy":"product_cat","embeddable":true,"href":"https:\/\/e.kosmolat.eu\/lv\/wp-json\/wp\/v2\/product_cat?post=108277"},{"taxonomy":"product_tag","embeddable":true,"href":"https:\/\/e.kosmolat.eu\/lv\/wp-json\/wp\/v2\/product_tag?post=108277"}],"curies":[{"name":"wp","href":"https:\/\/api.w.org\/{rel}","templated":true}]}}