{"id":108273,"date":"2026-05-08T19:15:34","date_gmt":"2026-05-08T19:15:34","guid":{"rendered":"https:\/\/e.kosmolat.eu\/product\/evoluderm-coco-kerm-losjons-500-ml\/"},"modified":"2026-05-08T19:15:46","modified_gmt":"2026-05-08T19:15:46","slug":"evoluderm-coco-kerm-losjons-500-ml","status":"publish","type":"product","link":"https:\/\/e.kosmolat.eu\/lv\/product\/evoluderm-coco-kerm-losjons-500-ml\/","title":{"rendered":"EVOLUDERM Coco \u0137erm.losjons, 500 ml"},"content":{"rendered":"<p>Padariet savu \u0101du maigu un r\u016bp\u0113jieties par to ar Evoluderm barojo&scaron;o kokosriekstu \u0137erme\u0146a losjonu, kas dienu no dienas aizsarg\u0101 \u0101du un nov\u0113r&scaron; t\u0101s sausumu. &Scaron;\u012b formula, kas bag\u0101tin\u0101ta ar kokosriekstu sviestu, ir \u012bpa&scaron;i izstr\u0101d\u0101ta, lai mazin\u0101tu \u0101das saspringuma saj\u016btu, nodro&scaron;inot \u0101dai komfortu un elast\u012bbu. T\u0101s kr\u0113mveida tekst\u016bra uzs\u016bcas uzreiz, neatst\u0101jot taukainu vai lip\u012bgu sl\u0101ni, un ap\u0146em \u0137ermeni ar z\u012bdainu pl\u012bvuru, kas izce\u013cas ar izsmalcin\u0101tu, pat\u012bkamu arom\u0101tu.<\/p>\n<p><strong>Piesardz\u012bbas pas\u0101kumi:<\/strong> &Scaron;is produkts nav piem\u0113rots lieto&scaron;anai uz 3 gadus vecu un jaun\u0101ku b\u0113rnu s\u0113\u017eamvietas.<\/p>\n","protected":false},"excerpt":{"rendered":"<p>Padariet savu \u0101du maigu un r\u016bp\u0113jieties par to ar Evoluderm barojo&scaron;o kokosriekstu \u0137erme\u0146a losjonu, kas dienu no dienas aizsarg\u0101 \u0101du un nov\u0113r&scaron; t\u0101s sausumu. &Scaron;\u012b formula, kas bag\u0101tin\u0101ta ar kokosriekstu sviestu, ir \u012bpa&scaron;i izstr\u0101d\u0101ta, lai mazin\u0101tu \u0101das saspringuma saj\u016btu, nodro&scaron;inot \u0101dai komfortu un elast\u012bbu. T\u0101s kr\u0113mveida tekst\u016bra uzs\u016bcas uzreiz, neatst\u0101jot taukainu vai lip\u012bgu sl\u0101ni, un [&#8230;]\n","protected":false},"featured_media":0,"template":"","meta":[],"product_cat":[1391],"product_tag":[],"class_list":{"0":"post-108273","1":"product","2":"type-product","3":"status-publish","5":"product_brand-evoluderm","6":"product_cat-1391","8":"first","9":"instock","10":"taxable","11":"shipping-taxable","12":"product-type-simple"},"_links":{"self":[{"href":"https:\/\/e.kosmolat.eu\/lv\/wp-json\/wp\/v2\/product\/108273","targetHints":{"allow":["GET"]}}],"collection":[{"href":"https:\/\/e.kosmolat.eu\/lv\/wp-json\/wp\/v2\/product"}],"about":[{"href":"https:\/\/e.kosmolat.eu\/lv\/wp-json\/wp\/v2\/types\/product"}],"wp:attachment":[{"href":"https:\/\/e.kosmolat.eu\/lv\/wp-json\/wp\/v2\/media?parent=108273"}],"wp:term":[{"taxonomy":"product_cat","embeddable":true,"href":"https:\/\/e.kosmolat.eu\/lv\/wp-json\/wp\/v2\/product_cat?post=108273"},{"taxonomy":"product_tag","embeddable":true,"href":"https:\/\/e.kosmolat.eu\/lv\/wp-json\/wp\/v2\/product_tag?post=108273"}],"curies":[{"name":"wp","href":"https:\/\/api.w.org\/{rel}","templated":true}]}}