{"id":108233,"date":"2026-05-08T15:50:39","date_gmt":"2026-05-08T15:50:39","guid":{"rendered":"https:\/\/e.kosmolat.eu\/product\/i_fj-perlites-vannai-frezija-kokosrieksts-450-g\/"},"modified":"2026-05-08T15:50:52","modified_gmt":"2026-05-08T15:50:52","slug":"i_fj-perlites-vannai-frezija-kokosrieksts-450-g","status":"publish","type":"product","link":"https:\/\/e.kosmolat.eu\/lv\/product\/i_fj-perlites-vannai-frezija-kokosrieksts-450-g\/","title":{"rendered":"I_&#8221;FJ&#8221; P\u0113rl\u012btes vannai &#8220;Fr\u0113zija &#038; Kokosrieksts&#8221;, 450 g"},"content":{"rendered":"<p>Siltaj\u0101 \u016bden\u012b \u0161\u0137\u012bsto\u0161\u0101s p\u0113rl\u012btes ar fr\u0113zijas un koskosriekstu ekstraktiem toniz\u0113 un atsvaidzina. L\u012bdzeklis uzlabo kop\u0113jo \u0101das st\u0101vokli, nom\u0101c stresu un depresiju, uzlabojot garast\u0101vokli. <\/p>\n<p>LIETO\u0160ANA: Iz\u0161\u0137\u012bdin\u0101t 50 g (2 v\u0101ci\u0146us) l\u012bdzek\u013ca silt\u0101 \u016bden\u012b.<\/p>\n<p>Uzglab\u0101\u0161an\u0101s temperat\u016bra no +5\u00b0 l\u012bdz +25\u00b0C. <\/p>\n","protected":false},"excerpt":{"rendered":"<p>Siltaj\u0101 \u016bden\u012b \u0161\u0137\u012bsto\u0161\u0101s p\u0113rl\u012btes ar fr\u0113zijas un koskosriekstu ekstraktiem toniz\u0113 un atsvaidzina. L\u012bdzeklis uzlabo kop\u0113jo \u0101das st\u0101vokli, nom\u0101c stresu un depresiju, uzlabojot garast\u0101vokli. LIETO\u0160ANA: Iz\u0161\u0137\u012bdin\u0101t 50 g (2 v\u0101ci\u0146us) l\u012bdzek\u013ca silt\u0101 \u016bden\u012b. Uzglab\u0101\u0161an\u0101s temperat\u016bra no +5\u00b0 l\u012bdz +25\u00b0C.<\/p>\n","protected":false},"featured_media":108237,"template":"","meta":[],"product_cat":[1612],"product_tag":[],"class_list":{"0":"post-108233","1":"product","2":"type-product","3":"status-publish","4":"has-post-thumbnail","6":"product_brand-elfa_ua","7":"product_cat-putos-druska-vonios-bombos","9":"first","10":"instock","11":"taxable","12":"shipping-taxable","13":"product-type-simple"},"_links":{"self":[{"href":"https:\/\/e.kosmolat.eu\/lv\/wp-json\/wp\/v2\/product\/108233","targetHints":{"allow":["GET"]}}],"collection":[{"href":"https:\/\/e.kosmolat.eu\/lv\/wp-json\/wp\/v2\/product"}],"about":[{"href":"https:\/\/e.kosmolat.eu\/lv\/wp-json\/wp\/v2\/types\/product"}],"wp:featuredmedia":[{"embeddable":true,"href":"https:\/\/e.kosmolat.eu\/lv\/wp-json\/wp\/v2\/media\/108237"}],"wp:attachment":[{"href":"https:\/\/e.kosmolat.eu\/lv\/wp-json\/wp\/v2\/media?parent=108233"}],"wp:term":[{"taxonomy":"product_cat","embeddable":true,"href":"https:\/\/e.kosmolat.eu\/lv\/wp-json\/wp\/v2\/product_cat?post=108233"},{"taxonomy":"product_tag","embeddable":true,"href":"https:\/\/e.kosmolat.eu\/lv\/wp-json\/wp\/v2\/product_tag?post=108233"}],"curies":[{"name":"wp","href":"https:\/\/api.w.org\/{rel}","templated":true}]}}