{"id":108221,"date":"2026-05-08T09:41:25","date_gmt":"2026-05-08T09:41:25","guid":{"rendered":"https:\/\/e.kosmolat.eu\/product\/shik-ziepes-zalais-abols-70-g\/"},"modified":"2026-05-13T11:31:45","modified_gmt":"2026-05-13T11:31:45","slug":"shik-ziepes-zalais-abols-70-g","status":"publish","type":"product","link":"https:\/\/e.kosmolat.eu\/lv\/product\/shik-ziepes-zalais-abols-70-g\/","title":{"rendered":"SHIK  Ziepes Za\u013cais \u0101bols, 70 g"},"content":{"rendered":"<p>No dab\u012bga palmu un kokosriekstu e\u013c\u013cas.<\/p>\n","protected":false},"excerpt":{"rendered":"<p>No dab\u012bga palmu un kokosriekstu e\u013c\u013cas.<\/p>\n","protected":false},"featured_media":108225,"template":"","meta":[],"product_cat":[1608],"product_tag":[],"class_list":{"0":"post-108221","1":"product","2":"type-product","3":"status-publish","4":"has-post-thumbnail","6":"product_brand-slobozanskij-milovar_ua","7":"product_cat-1608","9":"first","10":"instock","11":"taxable","12":"shipping-taxable","13":"product-type-simple"},"_links":{"self":[{"href":"https:\/\/e.kosmolat.eu\/lv\/wp-json\/wp\/v2\/product\/108221","targetHints":{"allow":["GET"]}}],"collection":[{"href":"https:\/\/e.kosmolat.eu\/lv\/wp-json\/wp\/v2\/product"}],"about":[{"href":"https:\/\/e.kosmolat.eu\/lv\/wp-json\/wp\/v2\/types\/product"}],"wp:featuredmedia":[{"embeddable":true,"href":"https:\/\/e.kosmolat.eu\/lv\/wp-json\/wp\/v2\/media\/108225"}],"wp:attachment":[{"href":"https:\/\/e.kosmolat.eu\/lv\/wp-json\/wp\/v2\/media?parent=108221"}],"wp:term":[{"taxonomy":"product_cat","embeddable":true,"href":"https:\/\/e.kosmolat.eu\/lv\/wp-json\/wp\/v2\/product_cat?post=108221"},{"taxonomy":"product_tag","embeddable":true,"href":"https:\/\/e.kosmolat.eu\/lv\/wp-json\/wp\/v2\/product_tag?post=108221"}],"curies":[{"name":"wp","href":"https:\/\/api.w.org\/{rel}","templated":true}]}}