{"id":108161,"date":"2026-05-07T18:43:16","date_gmt":"2026-05-07T18:43:16","guid":{"rendered":"https:\/\/e.kosmolat.eu\/product\/ecl-organic-avocado-baroj-losj-pec-skus-maigums-un-kops-200-ml\/"},"modified":"2026-05-07T18:43:27","modified_gmt":"2026-05-07T18:43:27","slug":"ecl-organic-avocado-baroj-losj-pec-skus-maigums-un-kops-200-ml","status":"publish","type":"product","link":"https:\/\/e.kosmolat.eu\/lv\/product\/ecl-organic-avocado-baroj-losj-pec-skus-maigums-un-kops-200-ml\/","title":{"rendered":"ECL Organic Avocado Baroj. losj. p\u0113c sk\u016b\u0161. Maigums un kop\u0161., 200 ml"},"content":{"rendered":"<p>Losjons p\u0113c sk\u016b\u0161an\u0101s viegli ies\u016bcas un nodro\u0161ina t\u016bl\u012bt\u0113ju mitrino\u0161u un m\u012bkstino\u0161u efektu. Tas nov\u0113r\u0161 sausumu, nomierina \u0101du, padarot to maigu un samtainu. Piem\u0113rots visiem \u0101das tipiem. Veg\u0101nisks produkts.<\/p>\n<p>Organisk\u0101 sast\u0101vda\u013ca: Organisk\u0101 auksti spiesta avokado e\u013c\u013ca satur vitam\u012bnus un antioksidantus, stimul\u0113 kolag\u0113na izstr\u0101di un atjauno \u0101das barjerfunkcijas. Bag\u0101tin\u0101ta ar B, D, E, F vitam\u012bniem un polinepies\u0101tin\u0101taj\u0101m tauksk\u0101b\u0113m. Efekt\u012bvi baro un m\u012bkstina \u0101du, nov\u0113r\u0161ot sausumu.<\/p>\n<p>Akt\u012bv\u0101s sast\u0101vda\u013cas:<br \/>\n\u2022 Fosfolip\u012bdi intens\u012bvi mitrina un atjauno \u0101du.<br \/>\n\u2022 E vitam\u012bnam piem\u012bt antioksidanta \u012bpa\u0161\u012bbas un tas stimul\u0113 \u0101das \u0161\u016bnu atjauno\u0161anos.<br \/>\n\u2022 Hohobas e\u013c\u013ca m\u012bkstina \u0101du, samazina lob\u012b\u0161anos, padarot to gludu un tvirtu.<\/p>\n<p>Lieto\u0161ana: Uzkl\u0101jiet nelielu daudzumu losjona uz t\u012bras \u0101das un \u013caujiet tam piln\u012bb\u0101 ies\u016bkties. Tikai \u0101r\u012bgai lieto\u0161anai.<\/p>\n","protected":false},"excerpt":{"rendered":"<p>Losjons p\u0113c sk\u016b\u0161an\u0101s viegli ies\u016bcas un nodro\u0161ina t\u016bl\u012bt\u0113ju mitrino\u0161u un m\u012bkstino\u0161u efektu. Tas nov\u0113r\u0161 sausumu, nomierina \u0101du, padarot to maigu un samtainu. Piem\u0113rots visiem \u0101das tipiem. Veg\u0101nisks produkts. Organisk\u0101 sast\u0101vda\u013ca: Organisk\u0101 auksti spiesta avokado e\u013c\u013ca satur vitam\u012bnus un antioksidantus, stimul\u0113 kolag\u0113na izstr\u0101di un atjauno \u0101das barjerfunkcijas. Bag\u0101tin\u0101ta ar B, D, E, F vitam\u012bniem un polinepies\u0101tin\u0101taj\u0101m [&#8230;]\n","protected":false},"featured_media":108165,"template":"","meta":[],"product_cat":[1681],"product_tag":[],"class_list":{"0":"post-108161","1":"product","2":"type-product","3":"status-publish","4":"has-post-thumbnail","6":"product_brand-ecolab_cs","7":"product_cat-1681","9":"first","10":"instock","11":"taxable","12":"shipping-taxable","13":"product-type-simple"},"_links":{"self":[{"href":"https:\/\/e.kosmolat.eu\/lv\/wp-json\/wp\/v2\/product\/108161","targetHints":{"allow":["GET"]}}],"collection":[{"href":"https:\/\/e.kosmolat.eu\/lv\/wp-json\/wp\/v2\/product"}],"about":[{"href":"https:\/\/e.kosmolat.eu\/lv\/wp-json\/wp\/v2\/types\/product"}],"wp:featuredmedia":[{"embeddable":true,"href":"https:\/\/e.kosmolat.eu\/lv\/wp-json\/wp\/v2\/media\/108165"}],"wp:attachment":[{"href":"https:\/\/e.kosmolat.eu\/lv\/wp-json\/wp\/v2\/media?parent=108161"}],"wp:term":[{"taxonomy":"product_cat","embeddable":true,"href":"https:\/\/e.kosmolat.eu\/lv\/wp-json\/wp\/v2\/product_cat?post=108161"},{"taxonomy":"product_tag","embeddable":true,"href":"https:\/\/e.kosmolat.eu\/lv\/wp-json\/wp\/v2\/product_tag?post=108161"}],"curies":[{"name":"wp","href":"https:\/\/api.w.org\/{rel}","templated":true}]}}