{"id":108149,"date":"2026-05-07T18:39:46","date_gmt":"2026-05-07T18:39:46","guid":{"rendered":"https:\/\/e.kosmolat.eu\/product\/organic-mimi-blond-storm-anti-yellow-matu-kondicionieris-300-ml\/"},"modified":"2026-05-08T08:41:05","modified_gmt":"2026-05-08T08:41:05","slug":"organic-mimi-blond-storm-anti-yellow-matu-kondicionieris-300-ml","status":"publish","type":"product","link":"https:\/\/e.kosmolat.eu\/lv\/product\/organic-mimi-blond-storm-anti-yellow-matu-kondicionieris-300-ml\/","title":{"rendered":"Organic Mimi Blond Storm Anti-Yellow Matu kondicionieris, 300 ml"},"content":{"rendered":"<p>Kondicionieris atvieglo \u0137emm\u0113\u0161anu, nov\u0113r\u0161 matu sap\u012b\u0161anos un likvid\u0113 statisko elektr\u012bbu. Tas neitraliz\u0113 nev\u0113lamus dzeltenos to\u0146us gai\u0161os matos, mitrina, baro un atjauno matu sp\u012bdumu.<\/p>\n<p>Rezult\u0101ts: stipri, sp\u012bd\u012bgi un elast\u012bgi mati.<\/p>\n<p>Kolag\u0113ns un kukui riekstu e\u013c\u013ca nostiprina matu strukt\u016bru vis\u0101 garum\u0101, mitrina un baro sausus un trauslus matus.<br \/>\nBiolo\u0123iskais ol\u012bvu ekstrakts darbojas k\u0101 antioksidants, atjauno matu sp\u0113ku un sp\u012bdumu, nov\u0113r\u0161 matu gali\u0146u \u0161\u0137el\u0161anos un nodro\u0161ina ilgsto\u0161u mitrino\u0161u efektu.<br \/>\n\u012apa\u0161ais violeto pigmentu komplekss neitraliz\u0113 nev\u0113lamus dzeltenos to\u0146us un pagarin\u0101 sudraba to\u0146u notur\u012bbu.<\/p>\n<p>LIETO\u0160ANA: uzkl\u0101jiet kondicionieri uz t\u012briem, mitriem matiem uz 1\u20132 min\u016bt\u0113m, noskalojiet ar siltu \u016bdeni. Tikai \u0101r\u0113jai lieto\u0161anai.<\/p>\n<p>Pudele ir izgatavota no 100% p\u0101rstr\u0101d\u0101jamas plastmasa<\/p>\n","protected":false},"excerpt":{"rendered":"<p>Kondicionieris atvieglo \u0137emm\u0113\u0161anu, nov\u0113r\u0161 matu sap\u012b\u0161anos un likvid\u0113 statisko elektr\u012bbu. Tas neitraliz\u0113 nev\u0113lamus dzeltenos to\u0146us gai\u0161os matos, mitrina, baro un atjauno matu sp\u012bdumu. Rezult\u0101ts: stipri, sp\u012bd\u012bgi un elast\u012bgi mati. Kolag\u0113ns un kukui riekstu e\u013c\u013ca nostiprina matu strukt\u016bru vis\u0101 garum\u0101, mitrina un baro sausus un trauslus matus. Biolo\u0123iskais ol\u012bvu ekstrakts darbojas k\u0101 antioksidants, atjauno matu sp\u0113ku [&#8230;]\n","protected":false},"featured_media":0,"template":"","meta":[],"product_cat":[1638],"product_tag":[],"class_list":{"0":"post-108149","1":"product","2":"type-product","3":"status-publish","5":"product_brand-ecolab_cs","6":"product_cat-balzami","8":"first","9":"outofstock","10":"taxable","11":"shipping-taxable","12":"product-type-simple"},"_links":{"self":[{"href":"https:\/\/e.kosmolat.eu\/lv\/wp-json\/wp\/v2\/product\/108149","targetHints":{"allow":["GET"]}}],"collection":[{"href":"https:\/\/e.kosmolat.eu\/lv\/wp-json\/wp\/v2\/product"}],"about":[{"href":"https:\/\/e.kosmolat.eu\/lv\/wp-json\/wp\/v2\/types\/product"}],"wp:attachment":[{"href":"https:\/\/e.kosmolat.eu\/lv\/wp-json\/wp\/v2\/media?parent=108149"}],"wp:term":[{"taxonomy":"product_cat","embeddable":true,"href":"https:\/\/e.kosmolat.eu\/lv\/wp-json\/wp\/v2\/product_cat?post=108149"},{"taxonomy":"product_tag","embeddable":true,"href":"https:\/\/e.kosmolat.eu\/lv\/wp-json\/wp\/v2\/product_tag?post=108149"}],"curies":[{"name":"wp","href":"https:\/\/api.w.org\/{rel}","templated":true}]}}