{"id":108145,"date":"2026-05-07T18:39:16","date_gmt":"2026-05-07T18:39:16","guid":{"rendered":"https:\/\/e.kosmolat.eu\/product\/organic-mimi-loco-loco-anti-frizz-matu-kondicionieris-300-ml\/"},"modified":"2026-05-07T18:39:28","modified_gmt":"2026-05-07T18:39:28","slug":"organic-mimi-loco-loco-anti-frizz-matu-kondicionieris-300-ml","status":"publish","type":"product","link":"https:\/\/e.kosmolat.eu\/lv\/product\/organic-mimi-loco-loco-anti-frizz-matu-kondicionieris-300-ml\/","title":{"rendered":"Organic Mimi Loco-Loco Anti-Frizz Matu kondicionieris, 300 ml"},"content":{"rendered":"<p>Kondicionieris cirtainiem un sprogainiem matiem atvieglo \u0137emm\u0113\u0161anu, nov\u0113r\u0161 matu sap\u012b\u0161anos un likvid\u0113 statisko elektr\u012bbu. Tas nov\u0113r\u0161 sprogain\u012bbu, efekt\u012bvi mitrina un baro cirtainu matu \u012bpa\u0161o strukt\u016bru, pie\u0161\u0137irot tiem elast\u012bbu, lok\u0101m\u012bbu un absol\u016btu gludumu.<\/p>\n<p>Rezult\u0101ts: m\u012bksti, viegli ieveidojami un lok\u0101mi mati.<\/p>\n<p>Aminosk\u0101bes mitrina un atjauno matu strukt\u016bru, nov\u0113r\u0161ot \u0161\u0137el\u0161anos un pie\u0161\u0137irot matiem elast\u012bbu.<br \/>\nOrganisk\u0101 jojobas e\u013c\u013ca stiprina, baro un m\u012bkstina matus, nov\u0113r\u0161ot to trauslumu un pie\u0161\u0137irot vesel\u012bgu sp\u012bdumu.<br \/>\nMandar\u012bna ekstrakts normaliz\u0113 sebuma veido\u0161anos, padara matus viegl\u0101k ieveidojamus un samazina sprogain\u012bbu.<\/p>\n<p>LIETO\u0160ANA: uzkl\u0101jiet kondicionieri uz t\u012briem, mitriem matiem uz 1\u20132 min\u016bt\u0113m, noskalojiet ar siltu \u016bdeni.<br \/>\nTikai \u0101r\u0113jai lieto\u0161anai.<br \/>\nPudele ir izgatavota no 100% p\u0101rstr\u0101d\u0101jamas plastmasas<\/p>\n","protected":false},"excerpt":{"rendered":"<p>Kondicionieris cirtainiem un sprogainiem matiem atvieglo \u0137emm\u0113\u0161anu, nov\u0113r\u0161 matu sap\u012b\u0161anos un likvid\u0113 statisko elektr\u012bbu. Tas nov\u0113r\u0161 sprogain\u012bbu, efekt\u012bvi mitrina un baro cirtainu matu \u012bpa\u0161o strukt\u016bru, pie\u0161\u0137irot tiem elast\u012bbu, lok\u0101m\u012bbu un absol\u016btu gludumu. Rezult\u0101ts: m\u012bksti, viegli ieveidojami un lok\u0101mi mati. Aminosk\u0101bes mitrina un atjauno matu strukt\u016bru, nov\u0113r\u0161ot \u0161\u0137el\u0161anos un pie\u0161\u0137irot matiem elast\u012bbu. Organisk\u0101 jojobas e\u013c\u013ca stiprina, [&#8230;]\n","protected":false},"featured_media":0,"template":"","meta":[],"product_cat":[1638],"product_tag":[],"class_list":{"0":"post-108145","1":"product","2":"type-product","3":"status-publish","5":"product_brand-ecolab_cs","6":"product_cat-balzami","8":"first","9":"instock","10":"taxable","11":"shipping-taxable","12":"product-type-simple"},"_links":{"self":[{"href":"https:\/\/e.kosmolat.eu\/lv\/wp-json\/wp\/v2\/product\/108145","targetHints":{"allow":["GET"]}}],"collection":[{"href":"https:\/\/e.kosmolat.eu\/lv\/wp-json\/wp\/v2\/product"}],"about":[{"href":"https:\/\/e.kosmolat.eu\/lv\/wp-json\/wp\/v2\/types\/product"}],"wp:attachment":[{"href":"https:\/\/e.kosmolat.eu\/lv\/wp-json\/wp\/v2\/media?parent=108145"}],"wp:term":[{"taxonomy":"product_cat","embeddable":true,"href":"https:\/\/e.kosmolat.eu\/lv\/wp-json\/wp\/v2\/product_cat?post=108145"},{"taxonomy":"product_tag","embeddable":true,"href":"https:\/\/e.kosmolat.eu\/lv\/wp-json\/wp\/v2\/product_tag?post=108145"}],"curies":[{"name":"wp","href":"https:\/\/api.w.org\/{rel}","templated":true}]}}