{"id":108129,"date":"2026-05-07T18:27:16","date_gmt":"2026-05-07T18:27:16","guid":{"rendered":"https:\/\/e.kosmolat.eu\/product\/organic-mimi-matcha-twist-kaju-krems-50-ml\/"},"modified":"2026-05-15T04:05:01","modified_gmt":"2026-05-15T04:05:01","slug":"organic-mimi-matcha-twist-kaju-krems-50-ml","status":"publish","type":"product","link":"https:\/\/e.kosmolat.eu\/lv\/product\/organic-mimi-matcha-twist-kaju-krems-50-ml\/","title":{"rendered":"Organic Mimi Matcha Twist K\u0101ju kr\u0113ms, 50 ml"},"content":{"rendered":"<p>Nov\u0113r\u0161 \u0101das sausumu, mitrina, baro un m\u012bkstina \u0101du.<\/p>\n<p>Rezult\u0101ts: gluda, mitrin\u0101ta un skaista \u0101da.<\/p>\n<p>LIETO\u0160ANA: uzkl\u0101jiet kr\u0113mu uz t\u012br\u0101m, saus\u0101m p\u0113d\u0101m. Tikai \u0101r\u0113jai lieto\u0161anai.<\/p>\n","protected":false},"excerpt":{"rendered":"<p>Nov\u0113r\u0161 \u0101das sausumu, mitrina, baro un m\u012bkstina \u0101du. Rezult\u0101ts: gluda, mitrin\u0101ta un skaista \u0101da. LIETO\u0160ANA: uzkl\u0101jiet kr\u0113mu uz t\u012br\u0101m, saus\u0101m p\u0113d\u0101m. Tikai \u0101r\u0113jai lieto\u0161anai.<\/p>\n","protected":false},"featured_media":108967,"template":"","meta":[],"product_cat":[1762],"product_tag":[],"class_list":{"0":"post-108129","1":"product","2":"type-product","3":"status-publish","4":"has-post-thumbnail","6":"product_brand-ecolab_cs","7":"product_cat-1762","9":"first","10":"instock","11":"taxable","12":"shipping-taxable","13":"product-type-simple"},"_links":{"self":[{"href":"https:\/\/e.kosmolat.eu\/lv\/wp-json\/wp\/v2\/product\/108129","targetHints":{"allow":["GET"]}}],"collection":[{"href":"https:\/\/e.kosmolat.eu\/lv\/wp-json\/wp\/v2\/product"}],"about":[{"href":"https:\/\/e.kosmolat.eu\/lv\/wp-json\/wp\/v2\/types\/product"}],"wp:featuredmedia":[{"embeddable":true,"href":"https:\/\/e.kosmolat.eu\/lv\/wp-json\/wp\/v2\/media\/108967"}],"wp:attachment":[{"href":"https:\/\/e.kosmolat.eu\/lv\/wp-json\/wp\/v2\/media?parent=108129"}],"wp:term":[{"taxonomy":"product_cat","embeddable":true,"href":"https:\/\/e.kosmolat.eu\/lv\/wp-json\/wp\/v2\/product_cat?post=108129"},{"taxonomy":"product_tag","embeddable":true,"href":"https:\/\/e.kosmolat.eu\/lv\/wp-json\/wp\/v2\/product_tag?post=108129"}],"curies":[{"name":"wp","href":"https:\/\/api.w.org\/{rel}","templated":true}]}}