{"id":108097,"date":"2026-05-07T17:18:45","date_gmt":"2026-05-07T17:18:45","guid":{"rendered":"https:\/\/e.kosmolat.eu\/product\/ecl-all-in-one-atjaun-krems-visiem-ad-tip-380-ml\/"},"modified":"2026-05-08T20:56:30","modified_gmt":"2026-05-08T20:56:30","slug":"ecl-all-in-one-atjaun-krems-visiem-ad-tip-380-ml","status":"publish","type":"product","link":"https:\/\/e.kosmolat.eu\/lv\/product\/ecl-all-in-one-atjaun-krems-visiem-ad-tip-380-ml\/","title":{"rendered":"ECL All-in-one Atjaun. kr\u0113ms visiem \u0101d. tip., 380 ml"},"content":{"rendered":"<p>Daudzfunkcion\u0101ls l\u012bdzeklis efekt\u012bvai \u0101das kop\u0161anai. Pateicoties unik\u0101lajai formulai ar akt\u012bv\u0101m un dab\u012bg\u0101m sast\u0101vda\u013c\u0101m, kr\u0113ms maigi atjauno un kopj epidermu, uzlabo\u043ejot \u0101das tekst\u016bru un elast\u012bbu. Viegl\u0101 tekst\u016bra \u0101tri uzs\u016bcas, neatst\u0101jot taukainu sp\u012bdumu, pie\u0161\u0137ir \u0101dai maiguma un komforta saj\u016btu. Regul\u0101ri lietojot, \u0101da k\u013c\u016bst gluda, elast\u012bga un tvirta. Piem\u0113rots visiem sejas un \u0137erme\u0146a \u0101das tipiem.<\/p>\n<p>Sast\u0101vda\u013cas, kas aizsarg\u0101 \u0101du pret negat\u012bvo apk\u0101rt\u0113j\u0101s vides ietekmi:<br \/>\nbr\u016bna\u013c\u0123u ekstrakts, ferment\u0113ta rauga filtr\u0101ts, vitam\u012bni B3, E un F.<\/p>\n<p>Akt\u012bv\u0101s sast\u0101vda\u013cas:<br \/>\n\u2022 AHA + BHA sk\u0101bes \u2013 maigi noloba atmiru\u0161\u0101s \u0101das \u0161\u016bnas, stiprina aizsargbarjeru un nov\u0113r\u0161 mitruma zudumu, izl\u012bdzinot \u0101das tekst\u016bru.<br \/>\n\u2022 Kolag\u0113ns \u2013 uztur optim\u0101lu \u0101das mitruma l\u012bmeni, uzlabo t\u0101s elast\u012bbu un tvirtumu.<br \/>\n\u2022 Hohobas e\u013c\u013ca \u2013 bag\u0101ta ar tauksk\u0101b\u0113m, antioksidantiem un vitam\u012bniem, intens\u012bvi baro un m\u012bkstina \u0101du.<br \/>\n\u2022 Vani\u013cas ekstrakts \u2013 piem\u012bt nomierino\u0161as, atjaunojo\u0161as un atjaunino\u0161as \u012bpa\u0161\u012bbas.<\/p>\n<p>Lieto\u0161ana: Uzkl\u0101t kr\u0113mu uz t\u012bras, sausas \u0101das ar viegl\u0101m mas\u0113jo\u0161\u0101m kust\u012bb\u0101m l\u012bdz piln\u012bgai ies\u016bk\u0161anai. Nepiecie\u0161am\u012bbas gad\u012bjum\u0101 atk\u0101rtot.<br \/>\nTikai \u0101r\u012bgai lieto\u0161anai.<\/p>\n","protected":false},"excerpt":{"rendered":"<p>Daudzfunkcion\u0101ls l\u012bdzeklis efekt\u012bvai \u0101das kop\u0161anai. Pateicoties unik\u0101lajai formulai ar akt\u012bv\u0101m un dab\u012bg\u0101m sast\u0101vda\u013c\u0101m, kr\u0113ms maigi atjauno un kopj epidermu, uzlabo\u043ejot \u0101das tekst\u016bru un elast\u012bbu. Viegl\u0101 tekst\u016bra \u0101tri uzs\u016bcas, neatst\u0101jot taukainu sp\u012bdumu, pie\u0161\u0137ir \u0101dai maiguma un komforta saj\u016btu. Regul\u0101ri lietojot, \u0101da k\u013c\u016bst gluda, elast\u012bga un tvirta. Piem\u0113rots visiem sejas un \u0137erme\u0146a \u0101das tipiem. Sast\u0101vda\u013cas, kas aizsarg\u0101 [&#8230;]\n","protected":false},"featured_media":108101,"template":"","meta":[],"product_cat":[1323],"product_tag":[],"class_list":{"0":"post-108097","1":"product","2":"type-product","3":"status-publish","4":"has-post-thumbnail","6":"product_brand-ecolab_cs","7":"product_cat-1323","9":"first","10":"instock","11":"taxable","12":"shipping-taxable","13":"product-type-simple"},"_links":{"self":[{"href":"https:\/\/e.kosmolat.eu\/lv\/wp-json\/wp\/v2\/product\/108097","targetHints":{"allow":["GET"]}}],"collection":[{"href":"https:\/\/e.kosmolat.eu\/lv\/wp-json\/wp\/v2\/product"}],"about":[{"href":"https:\/\/e.kosmolat.eu\/lv\/wp-json\/wp\/v2\/types\/product"}],"wp:featuredmedia":[{"embeddable":true,"href":"https:\/\/e.kosmolat.eu\/lv\/wp-json\/wp\/v2\/media\/108101"}],"wp:attachment":[{"href":"https:\/\/e.kosmolat.eu\/lv\/wp-json\/wp\/v2\/media?parent=108097"}],"wp:term":[{"taxonomy":"product_cat","embeddable":true,"href":"https:\/\/e.kosmolat.eu\/lv\/wp-json\/wp\/v2\/product_cat?post=108097"},{"taxonomy":"product_tag","embeddable":true,"href":"https:\/\/e.kosmolat.eu\/lv\/wp-json\/wp\/v2\/product_tag?post=108097"}],"curies":[{"name":"wp","href":"https:\/\/api.w.org\/{rel}","templated":true}]}}