{"id":108089,"date":"2026-05-07T17:18:15","date_gmt":"2026-05-07T17:18:15","guid":{"rendered":"https:\/\/e.kosmolat.eu\/product\/ecl-all-in-one-intens-mitrin-krems-visiem-ad-tip-380-ml\/"},"modified":"2026-05-07T17:18:27","modified_gmt":"2026-05-07T17:18:27","slug":"ecl-all-in-one-intens-mitrin-krems-visiem-ad-tip-380-ml","status":"publish","type":"product","link":"https:\/\/e.kosmolat.eu\/lv\/product\/ecl-all-in-one-intens-mitrin-krems-visiem-ad-tip-380-ml\/","title":{"rendered":"ECL All-in-one Intens. mitrin. kr\u0113ms visiem \u0101d. tip., 380 ml"},"content":{"rendered":"<p>Daudzfunkcion\u0101ls kr\u0113ms efekt\u012bvai \u0101das kop\u0161anai. Formula ar ur\u012bnvielu un keram\u012bdiem nodro\u0161ina intens\u012bvu mitrin\u0101\u0161anu, baro\u0161anu un \u0101das aizsardz\u012bbu. Regul\u0101ra kr\u0113ma lieto\u0161ana nov\u0113r\u0161 sausumu un lob\u012b\u0161anos, uzlabo elast\u012bbu un tvirtumu, padarot \u0101du gludu un z\u012bdainu. Viegl\u0101 tekst\u016bra \u0101tri uzs\u016bcas, neatst\u0101jot taukainu pl\u0113vi, un nodro\u0161ina ilgsto\u0161u maiguma un komforta saj\u016btu. Piem\u0113rots visiem sejas un \u0137erme\u0146a \u0101das tipiem.<\/p>\n<p>Sast\u0101vda\u013cas, kas aizsarg\u0101 \u0101du pret negat\u012bvo apk\u0101rt\u0113j\u0101s vides ietekmi:<br \/>\nBr\u016bna\u013c\u0123u ekstrakts, ferment\u0113ta rauga filtr\u0101ts, vitam\u012bni B3, E un F.<\/p>\n<p>Akt\u012bv\u0101s sast\u0101vda\u013cas:<br \/>\nUr\u012bnviela \u2013 intens\u012bvi mitrina un m\u012bkstina \u0101du.<br \/>\nKeram\u012bdi \u2013 stimul\u0113 \u0101das \u0161\u016bnu atjauno\u0161anos, uzlabo t\u0101s elast\u012bbu un tvirtumu.<br \/>\nHialuronsk\u0101be \u2013 atjauno dabisko mitruma l\u012bmeni \u0101d\u0101.<br \/>\nAuzu e\u013c\u013ca \u2013 baro un m\u012bkstina \u0101du, pie\u0161\u0137irot tai z\u012bdainu maigumu.<br \/>\n\u0100zijas cent\u012blijas ekstrakts \u2013 nomierina un atsvaidzina \u0101du.<\/p>\n<p>Lieto\u0161ana: Uzkl\u0101t kr\u0113mu uz t\u012bras, sausas \u0101das ar viegl\u0101m mas\u0113jo\u0161\u0101m kust\u012bb\u0101m l\u012bdz piln\u012bgai ies\u016bk\u0161anai. Nepiecie\u0161am\u012bbas gad\u012bjum\u0101 atk\u0101rtot. Tikai \u0101r\u012bgai lieto\u0161anai.<\/p>\n","protected":false},"excerpt":{"rendered":"<p>Daudzfunkcion\u0101ls kr\u0113ms efekt\u012bvai \u0101das kop\u0161anai. Formula ar ur\u012bnvielu un keram\u012bdiem nodro\u0161ina intens\u012bvu mitrin\u0101\u0161anu, baro\u0161anu un \u0101das aizsardz\u012bbu. Regul\u0101ra kr\u0113ma lieto\u0161ana nov\u0113r\u0161 sausumu un lob\u012b\u0161anos, uzlabo elast\u012bbu un tvirtumu, padarot \u0101du gludu un z\u012bdainu. Viegl\u0101 tekst\u016bra \u0101tri uzs\u016bcas, neatst\u0101jot taukainu pl\u0113vi, un nodro\u0161ina ilgsto\u0161u maiguma un komforta saj\u016btu. Piem\u0113rots visiem sejas un \u0137erme\u0146a \u0101das tipiem. Sast\u0101vda\u013cas, [&#8230;]\n","protected":false},"featured_media":108093,"template":"","meta":[],"product_cat":[1390],"product_tag":[],"class_list":{"0":"post-108089","1":"product","2":"type-product","3":"status-publish","4":"has-post-thumbnail","6":"product_brand-ecolab_cs","7":"product_cat-kremai-aliejai-kuno-pienelis","9":"first","10":"instock","11":"taxable","12":"shipping-taxable","13":"product-type-simple"},"_links":{"self":[{"href":"https:\/\/e.kosmolat.eu\/lv\/wp-json\/wp\/v2\/product\/108089","targetHints":{"allow":["GET"]}}],"collection":[{"href":"https:\/\/e.kosmolat.eu\/lv\/wp-json\/wp\/v2\/product"}],"about":[{"href":"https:\/\/e.kosmolat.eu\/lv\/wp-json\/wp\/v2\/types\/product"}],"wp:featuredmedia":[{"embeddable":true,"href":"https:\/\/e.kosmolat.eu\/lv\/wp-json\/wp\/v2\/media\/108093"}],"wp:attachment":[{"href":"https:\/\/e.kosmolat.eu\/lv\/wp-json\/wp\/v2\/media?parent=108089"}],"wp:term":[{"taxonomy":"product_cat","embeddable":true,"href":"https:\/\/e.kosmolat.eu\/lv\/wp-json\/wp\/v2\/product_cat?post=108089"},{"taxonomy":"product_tag","embeddable":true,"href":"https:\/\/e.kosmolat.eu\/lv\/wp-json\/wp\/v2\/product_tag?post=108089"}],"curies":[{"name":"wp","href":"https:\/\/api.w.org\/{rel}","templated":true}]}}