{"id":108085,"date":"2026-05-07T17:16:45","date_gmt":"2026-05-07T17:16:45","guid":{"rendered":"https:\/\/e.kosmolat.eu\/product\/ecl-urban-spa-relax-vannas-putas-pomegranatemango-600-ml\/"},"modified":"2026-05-07T17:16:56","modified_gmt":"2026-05-07T17:16:56","slug":"ecl-urban-spa-relax-vannas-putas-pomegranatemango-600-ml","status":"publish","type":"product","link":"https:\/\/e.kosmolat.eu\/lv\/product\/ecl-urban-spa-relax-vannas-putas-pomegranatemango-600-ml\/","title":{"rendered":"ECL Urban Spa Relax Vannas putas Pomegranate&#038;Mango, 600 ml"},"content":{"rendered":"<p>Arom\u0101tisk\u0101s, bag\u0101t\u012bg\u0101s vannas putas \u201eSpa Relax ECOLATIER\u00ae URBAN\u201c sniedz saj\u016btu baudu un rada aromterapijas atmosf\u0113ru, pal\u012bdz atsl\u0101bin\u0101ties p\u0113c saspringtas dienas, mazina stresu un nogurumu. Dabiskie ekstrakti un r\u016bp\u012bgi atlas\u012bt\u0101s sast\u0101vda\u013cas labv\u0113l\u012bgi iedarbojas uz \u0101du, pie\u0161\u0137ir maigu, delik\u0101tu arom\u0101tu un uzlabo garast\u0101vokli.<\/p>\n<p>Akt\u012bv\u0101s sast\u0101vda\u013cas:<br \/>\n\u2022 Gran\u0101t\u0101bolu ekstrakts maigi att\u012bra un dzi\u013ci baro \u0101du ar vitam\u012bniem un barojo\u0161\u0101m viel\u0101m. Tas aizsarg\u0101 \u0101du no br\u012bvo radik\u0101\u013cu rad\u012btajiem boj\u0101jumiem un noveco\u0161an\u0101s.<br \/>\n\u2022 Mango ekstrakts m\u012bkstina \u0101du, bet tropu arom\u0101ts sniedz emocion\u0101lu baudu.<br \/>\n\u2022 Krotona Lechleri sve\u0137u ekstrakts (p\u016b\u0137a asinis), moringas ekstrakts, vitam\u012bni B5, B6, C, E stimul\u0113 \u0161\u016bnu detoksik\u0101ciju, re\u0123ener\u0113 \u0101du, tiem piem\u012bt sp\u0113c\u012bga antioksidantu iedarb\u012bba un tie uzlabo \u0101das barjeras funkcijas.<\/p>\n<p>Lieto\u0161ana:<br \/>\nPievienojiet 1\u20132 v\u0101ci\u0146us putu zem teko\u0161a \u016bdens, lai izveidotu kr\u0113mveida putas. Tikai \u0101r\u012bgai lieto\u0161anai.<\/p>\n","protected":false},"excerpt":{"rendered":"<p>Arom\u0101tisk\u0101s, bag\u0101t\u012bg\u0101s vannas putas \u201eSpa Relax ECOLATIER\u00ae URBAN\u201c sniedz saj\u016btu baudu un rada aromterapijas atmosf\u0113ru, pal\u012bdz atsl\u0101bin\u0101ties p\u0113c saspringtas dienas, mazina stresu un nogurumu. Dabiskie ekstrakti un r\u016bp\u012bgi atlas\u012bt\u0101s sast\u0101vda\u013cas labv\u0113l\u012bgi iedarbojas uz \u0101du, pie\u0161\u0137ir maigu, delik\u0101tu arom\u0101tu un uzlabo garast\u0101vokli. Akt\u012bv\u0101s sast\u0101vda\u013cas: \u2022 Gran\u0101t\u0101bolu ekstrakts maigi att\u012bra un dzi\u013ci baro \u0101du ar vitam\u012bniem un [&#8230;]\n","protected":false},"featured_media":0,"template":"","meta":[],"product_cat":[1612],"product_tag":[],"class_list":{"0":"post-108085","1":"product","2":"type-product","3":"status-publish","5":"product_brand-ecolab_cs","6":"product_cat-putos-druska-vonios-bombos","8":"first","9":"instock","10":"taxable","11":"shipping-taxable","12":"product-type-simple"},"_links":{"self":[{"href":"https:\/\/e.kosmolat.eu\/lv\/wp-json\/wp\/v2\/product\/108085","targetHints":{"allow":["GET"]}}],"collection":[{"href":"https:\/\/e.kosmolat.eu\/lv\/wp-json\/wp\/v2\/product"}],"about":[{"href":"https:\/\/e.kosmolat.eu\/lv\/wp-json\/wp\/v2\/types\/product"}],"wp:attachment":[{"href":"https:\/\/e.kosmolat.eu\/lv\/wp-json\/wp\/v2\/media?parent=108085"}],"wp:term":[{"taxonomy":"product_cat","embeddable":true,"href":"https:\/\/e.kosmolat.eu\/lv\/wp-json\/wp\/v2\/product_cat?post=108085"},{"taxonomy":"product_tag","embeddable":true,"href":"https:\/\/e.kosmolat.eu\/lv\/wp-json\/wp\/v2\/product_tag?post=108085"}],"curies":[{"name":"wp","href":"https:\/\/api.w.org\/{rel}","templated":true}]}}