{"id":108077,"date":"2026-05-07T16:21:43","date_gmt":"2026-05-07T16:21:43","guid":{"rendered":"https:\/\/e.kosmolat.eu\/product\/ti-amo-crema-ziepes-ar-zida-proteiniem-115-g\/"},"modified":"2026-05-16T09:08:24","modified_gmt":"2026-05-16T09:08:24","slug":"ti-amo-crema-ziepes-ar-zida-proteiniem-115-g","status":"publish","type":"product","link":"https:\/\/e.kosmolat.eu\/lv\/product\/ti-amo-crema-ziepes-ar-zida-proteiniem-115-g\/","title":{"rendered":"Ti Amo Crema ziepes ar z\u012bda prote\u012bniem, 115 g"},"content":{"rendered":"<p>Run\u0101jot par sejas kop\u0161anu, vislab\u0101k ir izv\u0113l\u0113ties kosm\u0113tikas l\u012bdzek\u013cus ar maigu sast\u0101vu. Tie maigi att\u012bra \u0101du, neradot sausuma vai saspringuma saj\u016btu. Sast\u0101vs ir bag\u0101tin\u0101ts ar z\u012bda prote\u012bniem, kuriem piem\u012bt izcilas mitrino\u0161as \u012bpa\u0161\u012bbas. \u0160\u012b sast\u0101vda\u013ca pies\u0101tina \u0161\u016bnas ar barojo\u0161u mitrumu un pal\u012bdz ilgsto\u0161i saglab\u0101t optim\u0101lu mitruma l\u012bmeni.<\/p>\n","protected":false},"excerpt":{"rendered":"<p>Run\u0101jot par sejas kop\u0161anu, vislab\u0101k ir izv\u0113l\u0113ties kosm\u0113tikas l\u012bdzek\u013cus ar maigu sast\u0101vu. Tie maigi att\u012bra \u0101du, neradot sausuma vai saspringuma saj\u016btu. Sast\u0101vs ir bag\u0101tin\u0101ts ar z\u012bda prote\u012bniem, kuriem piem\u012bt izcilas mitrino\u0161as \u012bpa\u0161\u012bbas. \u0160\u012b sast\u0101vda\u013ca pies\u0101tina \u0161\u016bnas ar barojo\u0161u mitrumu un pal\u012bdz ilgsto\u0161i saglab\u0101t optim\u0101lu mitruma l\u012bmeni.<\/p>\n","protected":false},"featured_media":109307,"template":"","meta":[],"product_cat":[1609],"product_tag":[],"class_list":{"0":"post-108077","1":"product","2":"type-product","3":"status-publish","4":"has-post-thumbnail","6":"product_brand-fmt-ua","7":"product_cat-muilas","9":"first","10":"instock","11":"taxable","12":"shipping-taxable","13":"product-type-simple"},"_links":{"self":[{"href":"https:\/\/e.kosmolat.eu\/lv\/wp-json\/wp\/v2\/product\/108077","targetHints":{"allow":["GET"]}}],"collection":[{"href":"https:\/\/e.kosmolat.eu\/lv\/wp-json\/wp\/v2\/product"}],"about":[{"href":"https:\/\/e.kosmolat.eu\/lv\/wp-json\/wp\/v2\/types\/product"}],"wp:featuredmedia":[{"embeddable":true,"href":"https:\/\/e.kosmolat.eu\/lv\/wp-json\/wp\/v2\/media\/109307"}],"wp:attachment":[{"href":"https:\/\/e.kosmolat.eu\/lv\/wp-json\/wp\/v2\/media?parent=108077"}],"wp:term":[{"taxonomy":"product_cat","embeddable":true,"href":"https:\/\/e.kosmolat.eu\/lv\/wp-json\/wp\/v2\/product_cat?post=108077"},{"taxonomy":"product_tag","embeddable":true,"href":"https:\/\/e.kosmolat.eu\/lv\/wp-json\/wp\/v2\/product_tag?post=108077"}],"curies":[{"name":"wp","href":"https:\/\/api.w.org\/{rel}","templated":true}]}}