{"id":108045,"date":"2026-05-06T13:06:02","date_gmt":"2026-05-06T13:06:02","guid":{"rendered":"https:\/\/e.kosmolat.eu\/product\/helia-d-skin-selection-silk-touch-kerm-losjons-400-ml\/"},"modified":"2026-05-09T02:02:15","modified_gmt":"2026-05-09T02:02:15","slug":"helia-d-skin-selection-silk-touch-kerm-losjons-400-ml","status":"publish","type":"product","link":"https:\/\/e.kosmolat.eu\/lv\/product\/helia-d-skin-selection-silk-touch-kerm-losjons-400-ml\/","title":{"rendered":"Helia-D Skin Selection Silk Touch \u0137erm.losjons, 400 ml"},"content":{"rendered":"<p>Intens\u012bvi mitrino\u0161s \u0137erme\u0146a losjons, kas izstr\u0101d\u0101ts ikdienas \u0101das kop\u0161anai sausai un \u013coti sausai \u0101dai. T\u0101 sast\u0101v\u0101 ir augsts ur\u012bnvielas un glicer\u012bna saturs, k\u0101 ar\u012b pantenols, lai barotu \u0101du un padar\u012btu to maig\u0101ku un dzi\u013ci mitrin\u0101tu. Veg\u0101nisks sast\u0101vs. Dermatolo\u0123iski p\u0101rbaud\u012bts.<br \/>\nLieto\u0161ana: No r\u012bta un vakar\u0101 uzkl\u0101jiet \u0137erme\u0146a losjonu uz t\u012bras \u0101das un maigi iemas\u0113jiet.<\/p>\n","protected":false},"excerpt":{"rendered":"<p>Intens\u012bvi mitrino\u0161s \u0137erme\u0146a losjons, kas izstr\u0101d\u0101ts ikdienas \u0101das kop\u0161anai sausai un \u013coti sausai \u0101dai. T\u0101 sast\u0101v\u0101 ir augsts ur\u012bnvielas un glicer\u012bna saturs, k\u0101 ar\u012b pantenols, lai barotu \u0101du un padar\u012btu to maig\u0101ku un dzi\u013ci mitrin\u0101tu. Veg\u0101nisks sast\u0101vs. Dermatolo\u0123iski p\u0101rbaud\u012bts. Lieto\u0161ana: No r\u012bta un vakar\u0101 uzkl\u0101jiet \u0137erme\u0146a losjonu uz t\u012bras \u0101das un maigi iemas\u0113jiet.<\/p>\n","protected":false},"featured_media":0,"template":"","meta":[],"product_cat":[1911,1391],"product_tag":[],"class_list":{"0":"post-108045","1":"product","2":"type-product","3":"status-publish","5":"product_brand-heliad_hu","6":"product_cat-new-ru","7":"product_cat-1391","9":"first","10":"instock","11":"taxable","12":"shipping-taxable","13":"product-type-simple"},"_links":{"self":[{"href":"https:\/\/e.kosmolat.eu\/lv\/wp-json\/wp\/v2\/product\/108045","targetHints":{"allow":["GET"]}}],"collection":[{"href":"https:\/\/e.kosmolat.eu\/lv\/wp-json\/wp\/v2\/product"}],"about":[{"href":"https:\/\/e.kosmolat.eu\/lv\/wp-json\/wp\/v2\/types\/product"}],"wp:attachment":[{"href":"https:\/\/e.kosmolat.eu\/lv\/wp-json\/wp\/v2\/media?parent=108045"}],"wp:term":[{"taxonomy":"product_cat","embeddable":true,"href":"https:\/\/e.kosmolat.eu\/lv\/wp-json\/wp\/v2\/product_cat?post=108045"},{"taxonomy":"product_tag","embeddable":true,"href":"https:\/\/e.kosmolat.eu\/lv\/wp-json\/wp\/v2\/product_tag?post=108045"}],"curies":[{"name":"wp","href":"https:\/\/api.w.org\/{rel}","templated":true}]}}