{"id":108041,"date":"2026-05-06T13:05:45","date_gmt":"2026-05-06T13:05:45","guid":{"rendered":"https:\/\/e.kosmolat.eu\/product\/helia-d-hydramax-spf-50-sejas-saules-aizsargkrems-40-ml\/"},"modified":"2026-05-09T01:56:52","modified_gmt":"2026-05-09T01:56:52","slug":"helia-d-hydramax-spf-50-sejas-saules-aizsargkrems-40-ml","status":"publish","type":"product","link":"https:\/\/e.kosmolat.eu\/lv\/product\/helia-d-hydramax-spf-50-sejas-saules-aizsargkrems-40-ml\/","title":{"rendered":"Helia-D Hydramax SPF 50+ sejas saules aizsargkr\u0113ms, 40 ml"},"content":{"rendered":"<p>Viegls sejas kr\u0113ms, kas izstr\u0101d\u0101ts jut\u012bgai \u0101dai, nodro\u0161inot SPF 50+ aizsardz\u012bbu. Kr\u0113m\u0101 eso\u0161ie UV filtri nodro\u0161ina pla\u0161a spektra aizsardz\u012bbu, efekt\u012bvi pasarg\u0101jot gan pret UVA, gan UVB stariem. Bag\u0101tin\u0101ts ar hialuronsk\u0101bi, alanto\u012bnu un glicer\u012bnu, tas pal\u012bdz ieg\u016bt mitrin\u0101t\u0101ku un maig\u0101ku \u0101du. Sast\u0101v\u0101 ir auzu beta-glik\u0101ns un \u03b1-bisabolols, lai nomierin\u0101tu jut\u012bgu sejas \u0101du. Formula bez smar\u017eviel\u0101m.<br \/>\nLieto\u0161ana: Uzkl\u0101jiet uz att\u012br\u012btas sejas un kakla \u0101das. Izvairieties no saskares ar ac\u012bm. Ieteicams izvair\u012bties no pusdienlaika saules. Lietojiet vair\u0101kas reizes dien\u0101, lai nodro\u0161in\u0101tu atbilsto\u0161u aizsardz\u012bbu. Dermatolo\u0123iski p\u0101rbaud\u012bts.<\/p>\n","protected":false},"excerpt":{"rendered":"<p>Viegls sejas kr\u0113ms, kas izstr\u0101d\u0101ts jut\u012bgai \u0101dai, nodro\u0161inot SPF 50+ aizsardz\u012bbu. Kr\u0113m\u0101 eso\u0161ie UV filtri nodro\u0161ina pla\u0161a spektra aizsardz\u012bbu, efekt\u012bvi pasarg\u0101jot gan pret UVA, gan UVB stariem. Bag\u0101tin\u0101ts ar hialuronsk\u0101bi, alanto\u012bnu un glicer\u012bnu, tas pal\u012bdz ieg\u016bt mitrin\u0101t\u0101ku un maig\u0101ku \u0101du. Sast\u0101v\u0101 ir auzu beta-glik\u0101ns un \u03b1-bisabolols, lai nomierin\u0101tu jut\u012bgu sejas \u0101du. Formula bez smar\u017eviel\u0101m. Lieto\u0161ana: [&#8230;]\n","protected":false},"featured_media":0,"template":"","meta":[],"product_cat":[1911,1333],"product_tag":[],"class_list":{"0":"post-108041","1":"product","2":"type-product","3":"status-publish","5":"product_brand-heliad_hu","6":"product_cat-new-ru","7":"product_cat-1333","9":"first","10":"instock","11":"taxable","12":"shipping-taxable","13":"product-type-simple"},"_links":{"self":[{"href":"https:\/\/e.kosmolat.eu\/lv\/wp-json\/wp\/v2\/product\/108041","targetHints":{"allow":["GET"]}}],"collection":[{"href":"https:\/\/e.kosmolat.eu\/lv\/wp-json\/wp\/v2\/product"}],"about":[{"href":"https:\/\/e.kosmolat.eu\/lv\/wp-json\/wp\/v2\/types\/product"}],"wp:attachment":[{"href":"https:\/\/e.kosmolat.eu\/lv\/wp-json\/wp\/v2\/media?parent=108041"}],"wp:term":[{"taxonomy":"product_cat","embeddable":true,"href":"https:\/\/e.kosmolat.eu\/lv\/wp-json\/wp\/v2\/product_cat?post=108041"},{"taxonomy":"product_tag","embeddable":true,"href":"https:\/\/e.kosmolat.eu\/lv\/wp-json\/wp\/v2\/product_tag?post=108041"}],"curies":[{"name":"wp","href":"https:\/\/api.w.org\/{rel}","templated":true}]}}