{"id":108037,"date":"2026-05-06T12:41:13","date_gmt":"2026-05-06T12:41:13","guid":{"rendered":"https:\/\/e.kosmolat.eu\/product\/helia-d-cell-concept-botox-efekta-serums-30-ml\/"},"modified":"2026-05-09T02:00:52","modified_gmt":"2026-05-09T02:00:52","slug":"helia-d-cell-concept-botox-efekta-serums-30-ml","status":"publish","type":"product","link":"https:\/\/e.kosmolat.eu\/lv\/product\/helia-d-cell-concept-botox-efekta-serums-30-ml\/","title":{"rendered":"Helia-D Cell Concept Botox efekta serums, 30 ml"},"content":{"rendered":"<p>Viegla un \u0101tri uzs\u016bco\u0161a formula. Pept\u012bdu kompleksi var veicin\u0101t sejas \u0101das tvirtumu, samazin\u0101t grumbu skaitu un dzi\u013cumu, k\u0101 ar\u012b nodro\u0161in\u0101t t\u016bl\u012bt\u0113ju un ilgsto\u0161u liftinga efektu. Hialuronsk\u0101be ir dabisks mitrino\u0161ais faktors (NMF), kas atrodams ar\u012b \u0101d\u0101 un kam piem\u012bt lieliskas \u016bdeni piesaisto\u0161as \u012bpa\u0161\u012bbas.<br \/>\nGalven\u0101s akt\u012bv\u0101s vielas: Matrixyl\u00ae 3000 ar diviem pept\u012bdiem, XEP\u2122-018 pept\u012bds, hialuronsk\u0101be.<br \/>\nSast\u0101vs bez smar\u017eviel\u0101m un kr\u0101sviel\u0101m.<br \/>\nLieto\u0161ana: Uzkl\u0101jiet 3\u20134 pilienus katru r\u012btu un\/vai vakaru p\u0113c \u0101das att\u012br\u012b\u0161anas. Vienm\u0113r\u012bgi iemas\u0113jiet sejas un kakla \u0101d\u0101, p\u0113c tam turpiniet savu ierasto \u0101das kop\u0161anas rut\u012bnu. Izvairieties no saskares ar ac\u012bm.<br \/>\nRezult\u0101ts: Regul\u0101ra lieto\u0161ana var veicin\u0101t glud\u0101ku, stingr\u0101ku sejas \u0101du un samazin\u0101t grumbas.<\/p>\n","protected":false},"excerpt":{"rendered":"<p>Viegla un \u0101tri uzs\u016bco\u0161a formula. Pept\u012bdu kompleksi var veicin\u0101t sejas \u0101das tvirtumu, samazin\u0101t grumbu skaitu un dzi\u013cumu, k\u0101 ar\u012b nodro\u0161in\u0101t t\u016bl\u012bt\u0113ju un ilgsto\u0161u liftinga efektu. Hialuronsk\u0101be ir dabisks mitrino\u0161ais faktors (NMF), kas atrodams ar\u012b \u0101d\u0101 un kam piem\u012bt lieliskas \u016bdeni piesaisto\u0161as \u012bpa\u0161\u012bbas. Galven\u0101s akt\u012bv\u0101s vielas: Matrixyl\u00ae 3000 ar diviem pept\u012bdiem, XEP\u2122-018 pept\u012bds, hialuronsk\u0101be. Sast\u0101vs bez [&#8230;]\n","protected":false},"featured_media":0,"template":"","meta":[],"product_cat":[1911,1328],"product_tag":[],"class_list":{"0":"post-108037","1":"product","2":"type-product","3":"status-publish","5":"product_brand-heliad_hu","6":"product_cat-new-ru","7":"product_cat-1328","9":"first","10":"instock","11":"taxable","12":"shipping-taxable","13":"product-type-simple"},"_links":{"self":[{"href":"https:\/\/e.kosmolat.eu\/lv\/wp-json\/wp\/v2\/product\/108037","targetHints":{"allow":["GET"]}}],"collection":[{"href":"https:\/\/e.kosmolat.eu\/lv\/wp-json\/wp\/v2\/product"}],"about":[{"href":"https:\/\/e.kosmolat.eu\/lv\/wp-json\/wp\/v2\/types\/product"}],"wp:attachment":[{"href":"https:\/\/e.kosmolat.eu\/lv\/wp-json\/wp\/v2\/media?parent=108037"}],"wp:term":[{"taxonomy":"product_cat","embeddable":true,"href":"https:\/\/e.kosmolat.eu\/lv\/wp-json\/wp\/v2\/product_cat?post=108037"},{"taxonomy":"product_tag","embeddable":true,"href":"https:\/\/e.kosmolat.eu\/lv\/wp-json\/wp\/v2\/product_tag?post=108037"}],"curies":[{"name":"wp","href":"https:\/\/api.w.org\/{rel}","templated":true}]}}